{"id":4110,"date":"2022-02-28T15:34:41","date_gmt":"2022-02-28T14:34:41","guid":{"rendered":"https:\/\/www.harmonie-vienna.at\/hotel-in-the-centre-of-vienna\/rooms-suites\/"},"modified":"2024-05-24T11:45:28","modified_gmt":"2024-05-24T09:45:28","slug":"rooms-suites","status":"publish","type":"page","link":"https:\/\/www.harmonie-vienna.at\/en\/hotel-in-the-centre-of-vienna\/rooms-suites\/","title":{"rendered":"Rooms &amp; Suites"},"content":{"rendered":"\n\n<div class=\"page-intro  \">\n\n  <div \n    role=\"img\"\n    aria-label=\"In einem Hotelzimmer steht ein Gast im Bademantel mit einer Tasse am Fenster \"\n    class=\"page-intro__image\" \n    style=\"background-image: url('https:\/\/www.harmonie-vienna.at\/wp-content\/uploads\/2022\/03\/Harmonie_062_web.jpg');\"\n  >\n  <\/div>\n\n      <div class=\"page-intro__content page-intro__content--align-center  \">\n  \n    <div class=\"frame\">\n              <span class=\"subline\">Rooms &#038; Suites<\/span>\n      \n              <h1 class=\"headline\">Charming design rooms and suites in Vienna<\/h1>\n      \n              <div class=\"wysiwyg-output\"><p>The rooms and suites at The Harmonie offer a unique backdrop to your stay in Vienna. Options range from classic double rooms in various categories to 33m\u00b2 suites and even specially designed rooms for allergy sufferers. With four-star luxury combined with stylish interior design, The Harmonie is a home from home in downtown Vienna where inspiration meets relaxation. Each room is unique and houses a different work by the artist Luis Casanova Sorolla.<\/p>\n<\/div>\n      \n          <\/div>\n  <\/div>\n<\/div>\n\n\n<div class=\"\">\n  <div class=\"container mx-auto two-column-teaser-splide-wrapper\">\n    <div class=\"splide\" role=\"group\" aria-label=\"Slider - Room facilities\">\n      <div class=\"splide__track\">\n        <div class=\"splide__list\">\n\n                      \n                            <div class=\"splide__slide\">\n                                  <div class=\"two-column-teaser\">\n                \n                  <div class=\"two-column-teaser__content\">\n                                          <span class=\"subline\">Cosiness &#038; ambience<\/span>\n                    \n                                          <h2 class=\"headline\">Room facilities<\/h2>\n                                        \n                                          <div class=\"wysiwyg-output\">\n                        <ul>\n<li>Individually controllable full air conditioning, exceptionally comfortable beds with pocket-sprung mattresses<\/li>\n<li>Feather-light down bedding or synthetic bedding on request<\/li>\n<li>Selection of pillows for guests to choose from<\/li>\n<li>Free high-speed internet throughout the building, LAN connections in the rooms<\/li>\n<li>Minibar fridge &amp; tea and coffee set<\/li>\n<li>42.5&#8243; flatscreen television with channels in various languages incl. Sky and casting system to watch your own Netflix and Amazon Prime content on the television<\/li>\n<li>Ironing station, safe large enough for a laptop<\/li>\n<li>Bathtub or monsoon shower, vanity mirror &amp; hairdryer<br \/>\nHigh-quality cosmetic products<\/li>\n<li>Bath towels and bed linen according to EU Ecolabel sustainability criteria<\/li>\n<li>Nespresso coffee machines included in the suites; possible in other room categories subject to availability and at an extra charge<\/li>\n<\/ul>\n                      <\/div>\n                    \n                                      <\/div>\n                  <div class=\"two-column-teaser__images\">\n                                          <div class=\"two-column-teaser__main-image\">\n                        <img decoding=\"async\" src=\"https:\/\/www.harmonie-vienna.at\/wp-content\/uploads\/2022\/03\/Harmonie_073_web-Kopie.jpg\" alt=\"Room facilities\">\n                        <small class=\"text-brown-dark\">Zimmerausstattung The Harmonie<\/small>\n                      <\/div>\n                    \n                                      <\/div>\n\n                <\/div>\n\n              <\/div>\n\n                      \n        <\/div>\n      <\/div>\n    <\/div>\n  <\/div>\n<\/div>\n\n\n\n<div class=\"py-16 md:py-24 \">\n  <div class=\"container mx-auto\">\n\n  <div class=\"text-center mb-16\">\n    \n      <\/div>\n\n      \n      <div class=\"teaser-grid-subpages\">\n                    \n          \n          <a href=\"https:\/\/www.secure-hotel-booking.com\/smart\/The-Harmonie-Vienna-Hotel\/JS2C\/de\/\" class=\"teaser-grid-subpages__link\">\n            <div class=\"mask\">\n              <div \n                role=\"img\"\n                aria-label=\"Twin\/Double Room Classic, 20 m\u00b2 - sleeps up to 2 guests \"\n                class=\"teaser-grid-subpages__image\" \n                style=\"background-image: url('https:\/\/www.harmonie-vienna.at\/wp-content\/uploads\/2022\/03\/Harmonie_Zi_309_1_web.jpg');\"\n              >\n            <\/div>\n              <h2 class=\"subline\">\n                <span class=\"frame\">\n                  Twin\/Double Room Classic, 20 m\u00b2 &#8211; sleeps up to 2 guests                 <\/span>\n              <\/h2>\n            <\/div>\n          <\/a>\n\n                    \n          \n          <a href=\"https:\/\/www.secure-hotel-booking.com\/smart\/The-Harmonie-Vienna-Hotel\/JS2C\/de\/\" class=\"teaser-grid-subpages__link\">\n            <div class=\"mask\">\n              <div \n                role=\"img\"\n                aria-label=\"Double Room Comfort, 25 m\u00b2 - sleeps up to 3 guests \"\n                class=\"teaser-grid-subpages__image\" \n                style=\"background-image: url('https:\/\/www.harmonie-vienna.at\/wp-content\/uploads\/2022\/03\/Harmonie_Zi_212_1_web-1.jpg');\"\n              >\n            <\/div>\n              <h2 class=\"subline\">\n                <span class=\"frame\">\n                  Double Room Comfort, 25 m\u00b2 &#8211; sleeps up to 3 guests                 <\/span>\n              <\/h2>\n            <\/div>\n          <\/a>\n\n                    \n          \n          <a href=\"https:\/\/www.secure-hotel-booking.com\/smart\/The-Harmonie-Vienna-Hotel\/JS2C\/de\/\" class=\"teaser-grid-subpages__link\">\n            <div class=\"mask\">\n              <div \n                role=\"img\"\n                aria-label=\"Double Room Superior, 30 m\u00b2 - sleeps up to 3 guests\"\n                class=\"teaser-grid-subpages__image\" \n                style=\"background-image: url('https:\/\/www.harmonie-vienna.at\/wp-content\/uploads\/2022\/03\/Harmonie_Zi_405_3_web-1.jpg');\"\n              >\n            <\/div>\n              <h2 class=\"subline\">\n                <span class=\"frame\">\n                  Double Room Superior, 30 m\u00b2 &#8211; sleeps up to 3 guests                <\/span>\n              <\/h2>\n            <\/div>\n          <\/a>\n\n                    \n          \n          <a href=\"https:\/\/www.secure-hotel-booking.com\/smart\/The-Harmonie-Vienna-Hotel\/JS2C\/de\/\" class=\"teaser-grid-subpages__link\">\n            <div class=\"mask\">\n              <div \n                role=\"img\"\n                aria-label=\"Suite, 33 m\u00b2 - sleeps up to 2 guests \"\n                class=\"teaser-grid-subpages__image\" \n                style=\"background-image: url('https:\/\/www.harmonie-vienna.at\/wp-content\/uploads\/2022\/03\/Harmonie_412_01-scaled.jpg');\"\n              >\n            <\/div>\n              <h2 class=\"subline\">\n                <span class=\"frame\">\n                  Suite, 33 m\u00b2 &#8211; sleeps up to 2 guests                 <\/span>\n              <\/h2>\n            <\/div>\n          <\/a>\n\n                    \n          \n          <a href=\"https:\/\/www.secure-hotel-booking.com\/smart\/The-Harmonie-Vienna-Hotel\/JS2C\/de\/\" class=\"teaser-grid-subpages__link\">\n            <div class=\"mask\">\n              <div \n                role=\"img\"\n                aria-label=\"Business Single Room, 16 m\u00b2 - for 1 person\"\n                class=\"teaser-grid-subpages__image\" \n                style=\"background-image: url('https:\/\/www.harmonie-vienna.at\/wp-content\/uploads\/2023\/11\/IMG_0104_bearbeitet_fuer-Web_\u00a9-Nadja-Haderer.jpg');\"\n              >\n            <\/div>\n              <h2 class=\"subline\">\n                <span class=\"frame\">\n                  Business Single Room, 16 m\u00b2 &#8211; for 1 person                <\/span>\n              <\/h2>\n            <\/div>\n          <\/a>\n\n              <\/div>\n\n      <\/div>\n<\/div>\n\n\n\n<div class=\"booking-cta \">\n  <div class=\"booking-cta__frame\">\n    <div class=\"booking-cta__content\">\n              <span class=\"subline\">\n          -10% FOR DIRECT BOOKING        <\/span>\n                    <h2 class=\"headline\">\n          Always get the best deal        <\/h2>\n                    <p>\n          The quickest way to the Boutique Hotel Harmonie is via our website. If you book your room directly online, you will receive a 10% discount on the current daily rate.\r\n\r\n        <\/p>\n      \n                                    <a href=\"https:\/\/www.secure-hotel-booking.com\/The-Harmonie-Vienna-Hotel\/JS2C\/en\" class=\"button booking-button mx-auto mt-8\"\n              target=\"_blank\">\n              <span>\n                <i class=\"fal fa-calendar-week\"><\/i>\n                Book at the best price              <\/span>\n            <\/a>\n                        \n    <\/div>\n  <\/div>\n<\/div>\n\n\n<div class=\" image-slider\">\n\n  \n      <div class=\"image-slider__splide-wrapper\">\n      <div class=\"splide splide--cut_off\">\n        <div class=\"splide__track\">\n          <div class=\"splide__list\">\n                          <div class=\"splide__slide\">\n                <img decoding=\"async\" src=\"https:\/\/www.harmonie-vienna.at\/wp-content\/uploads\/2022\/03\/Harmonie_062_web.jpg\" alt=\"In einem Hotelzimmer steht ein Gast im Bademantel mit einer Tasse am Fenster \" class=\"not-lazy\" \/>\n              <\/div>\n                          <div class=\"splide__slide\">\n                <img decoding=\"async\" src=\"https:\/\/www.harmonie-vienna.at\/wp-content\/uploads\/2022\/03\/Harmonie_Zi_405_3_web.jpg\" alt=\"Gem\u00fctliche Sofaecke mit einem Beistelltisch und einem wei\u00dfen Stuhl im Hotelzimmer \" class=\"not-lazy\" \/>\n              <\/div>\n                          <div class=\"splide__slide\">\n                <img decoding=\"async\" src=\"https:\/\/www.harmonie-vienna.at\/wp-content\/uploads\/2022\/03\/Harmonie_Zi_405_5_web.jpg\" alt=\"Ein wei\u00dfer Stuhl steht vor einem Tisch mit Rotwein und Zeitung im Hotel Wien Zentrum \" class=\"not-lazy\" \/>\n              <\/div>\n                          <div class=\"splide__slide\">\n                <img decoding=\"async\" src=\"https:\/\/www.harmonie-vienna.at\/wp-content\/uploads\/2022\/03\/Harmonie_Zi_211_3_web.jpg\" alt=\"Doppelbett im Hotel Wien Zentrum mit roter Tagesdecke und rotem Kunstwerk \" class=\"not-lazy\" \/>\n              <\/div>\n                          <div class=\"splide__slide\">\n                <img decoding=\"async\" src=\"https:\/\/www.harmonie-vienna.at\/wp-content\/uploads\/2022\/03\/Harmonie_Zi_106_1_web.jpg\" alt=\"Blick in ein Doppelzimmer des Hotel Wien Zentrum mit Kommode und Doppelbett \" class=\"not-lazy\" \/>\n              <\/div>\n                          <div class=\"splide__slide\">\n                <img decoding=\"async\" src=\"https:\/\/www.harmonie-vienna.at\/wp-content\/uploads\/2022\/03\/Harmonie_Zi_211_1_web.jpg\" alt=\"Das Zimmer im Hotel Wien Zentrum mit Doppelbett, Kommode und Fernsehen \" class=\"not-lazy\" \/>\n              <\/div>\n                          <div class=\"splide__slide\">\n                <img decoding=\"async\" src=\"https:\/\/www.harmonie-vienna.at\/wp-content\/uploads\/2022\/03\/Harmonie_Zi_513_2_web.jpg\" alt=\"Blick auf ein Doppelbett des Hotel in Wiens Zentrum mit Kunstwerk an der Wand \" class=\"not-lazy\" \/>\n              <\/div>\n                          <div class=\"splide__slide\">\n                <img decoding=\"async\" src=\"https:\/\/www.harmonie-vienna.at\/wp-content\/uploads\/2022\/03\/Harmonie_078_web.jpg\" alt=\"Nachaufnahme einer Dame, die mit einer Tasse Kaffee an einem Fenster steht \" class=\"not-lazy\" \/>\n              <\/div>\n                          <div class=\"splide__slide\">\n                <img decoding=\"async\" src=\"https:\/\/www.harmonie-vienna.at\/wp-content\/uploads\/2022\/03\/Harmonie_Zi_513_1_web.jpg\" alt=\"Ein gro\u00dfes Doppelbett mit roter Tagesdecke, wei\u00dfem Stuhl und Stehlampe \" class=\"not-lazy\" \/>\n              <\/div>\n                          <div class=\"splide__slide\">\n                <img decoding=\"async\" src=\"https:\/\/www.harmonie-vienna.at\/wp-content\/uploads\/2022\/03\/Harmonie_Zi_405_1_web.jpg\" alt=\"Eine Dame \u00f6ffnet den beigen Vorhang in einem Zimmer des Harmonie Hotels \" class=\"not-lazy\" \/>\n              <\/div>\n                          <div class=\"splide__slide\">\n                <img decoding=\"async\" src=\"https:\/\/www.harmonie-vienna.at\/wp-content\/uploads\/2022\/03\/Harmonie_066_web.jpg\" alt=\"Ein Paar genie\u00dft das Fr\u00fchst\u00fcck mit Obst, Br\u00f6tchen und Kaffee im Bett \" class=\"not-lazy\" \/>\n              <\/div>\n                          <div class=\"splide__slide\">\n                <img decoding=\"async\" src=\"https:\/\/www.harmonie-vienna.at\/wp-content\/uploads\/2022\/03\/Harmonie_412_01-scaled.jpg\" alt=\"Blick auf den Schreibtisch und das Doppelbett in einem Hotelzimmer in Wien \" class=\"not-lazy\" \/>\n              <\/div>\n                          <div class=\"splide__slide\">\n                <img decoding=\"async\" src=\"https:\/\/www.harmonie-vienna.at\/wp-content\/uploads\/2022\/03\/Harmonie_Zi_309_2_web.jpg\" alt=\"Doppelzimmer im Harmoniehotel mit Stehlampe, wei\u00dfem Stuhl und gro\u00dfem Fernsehen \" class=\"not-lazy\" \/>\n              <\/div>\n                          <div class=\"splide__slide\">\n                <img decoding=\"async\" src=\"https:\/\/www.harmonie-vienna.at\/wp-content\/uploads\/2022\/03\/Harmonie_Zi_309_1_web.jpg\" alt=\"Doppelzimmer mit zwei einzelnen Betten im Hotel Harmonie im Zentrum von Wien \" class=\"not-lazy\" \/>\n              <\/div>\n                          <div class=\"splide__slide\">\n                <img decoding=\"async\" src=\"https:\/\/www.harmonie-vienna.at\/wp-content\/uploads\/2022\/03\/Harmonie_412_02-scaled.jpg\" alt=\"Blick auf ein Sofa mit Beistelltisch und ein Doppelbett in einem Zimmer in Wien \" class=\"not-lazy\" \/>\n              <\/div>\n                          <div class=\"splide__slide\">\n                <img decoding=\"async\" src=\"https:\/\/www.harmonie-vienna.at\/wp-content\/uploads\/2022\/03\/Harmonie_412_03-scaled.jpg\" alt=\"Hotelzimmer in Wiens Zentrum mit getrenntem Wohn- und Schlafbereich \" class=\"not-lazy\" \/>\n              <\/div>\n                          <div class=\"splide__slide\">\n                <img decoding=\"async\" src=\"https:\/\/www.harmonie-vienna.at\/wp-content\/uploads\/2022\/03\/Harmonie_Zi_212_2_web.jpg\" alt=\"Kleines Sofa und Stehlampe in einem Zimmer des Harmonie Hotel Wien Zentrum \" class=\"not-lazy\" \/>\n              <\/div>\n                          <div class=\"splide__slide\">\n                <img decoding=\"async\" src=\"https:\/\/www.harmonie-vienna.at\/wp-content\/uploads\/2022\/03\/Harmonie_Zi_212_1_web.jpg\" alt=\"Hotelzimmer im Hotel in Wien\n\" class=\"not-lazy\" \/>\n              <\/div>\n                          <div class=\"splide__slide\">\n                <img decoding=\"async\" src=\"https:\/\/www.harmonie-vienna.at\/wp-content\/uploads\/2022\/03\/Harmonie_Zi_513_5_web.jpg\" alt=\"Ausblick ins gr\u00fcne vom Schreibtisch und der Sitzecke des Hotelzimmers \" class=\"not-lazy\" \/>\n              <\/div>\n                          <div class=\"splide__slide\">\n                <img decoding=\"async\" src=\"https:\/\/www.harmonie-vienna.at\/wp-content\/uploads\/2022\/03\/Harmonie_Zi_405_2_web.jpg\" alt=\"Doppelbett im Hotel in Wiens Zentrum mit roter Tagesdecke und Wandkunstwerk \" class=\"not-lazy\" \/>\n              <\/div>\n                          <div class=\"splide__slide\">\n                <img decoding=\"async\" src=\"https:\/\/www.harmonie-vienna.at\/wp-content\/uploads\/2022\/03\/Harmonie_Zi_211_2_web.jpg\" alt=\"Eine Hotelmitarbeiterin richtet das Doppelbett in einem Hotelzimmer in Wien \" class=\"not-lazy\" \/>\n              <\/div>\n                      <\/div>\n        <\/div>\n      <\/div>\n    <\/div>\n  <\/div>\n\n\n<div class=\"\">\n  <div class=\"container mx-auto two-column-teaser-splide-wrapper\">\n    <div class=\"splide\" role=\"group\" aria-label=\"Slider - Special rooms for allergy sufferers\">\n      <div class=\"splide__track\">\n        <div class=\"splide__list\">\n\n                      \n                            <div class=\"splide__slide\">\n                                  <div class=\"two-column-teaser two-column-teaser--reverse-content\">\n                \n                  <div class=\"two-column-teaser__content\">\n                                          <span class=\"subline\">Allergy-free holidays<\/span>\n                    \n                                          <h2 class=\"headline\">Special rooms for allergy sufferers<\/h2>\n                                        \n                                          <div class=\"wysiwyg-output\">\n                        <div>\n<p>The Harmonie Vienna has been designed according to the international standards of the European Centre for Allergy Research Foundation (ECARF). Smoking is not permitted in the hotel, while pets can only be brought to the hotel with advance notice and are kept a safe distance away from the special rooms we have for guests who suffer from allergies.<\/p>\n<\/div>\n<div>\n<p>All plants in the hotel are kept in water, while none of them release pollen. Our air conditioning undergoes regular checks by a specialist company to ensure there are no mould spores in the system that could potentially cause allergies. We offer rooms without carpets for guests who suffer from allergies. Special bed linen covers are used to combat dust mites. We are happy to provide scent-free hypoallergenic skin products on request. Our breakfast buffet has plenty of options for guests who suffer from food allergies and intolerances.<\/p>\n<\/div>\n                      <\/div>\n                    \n                                      <\/div>\n                  <div class=\"two-column-teaser__images\">\n                                          <div class=\"two-column-teaser__main-image\">\n                        <img decoding=\"async\" src=\"https:\/\/www.harmonie-vienna.at\/wp-content\/uploads\/2022\/03\/Harmonie_079_web.jpg\" alt=\"Special rooms for allergy sufferers\">\n                        <small class=\"text-brown-dark\">Allergiker Zimmer<\/small>\n                      <\/div>\n                    \n                                      <\/div>\n\n                <\/div>\n\n              <\/div>\n\n                      \n        <\/div>\n      <\/div>\n    <\/div>\n  <\/div>\n<\/div>\n","protected":false},"excerpt":{"rendered":"","protected":false},"author":1,"featured_media":0,"parent":4106,"menu_order":0,"comment_status":"closed","ping_status":"closed","template":"","meta":{"_acf_changed":false,"footnotes":""},"class_list":["post-4110","page","type-page","status-publish","hentry"],"acf":[],"yoast_head":"<!-- This site is optimized with the Yoast SEO plugin v27.3 - https:\/\/yoast.com\/product\/yoast-seo-wordpress\/ -->\n<title>Rooms &amp; Suites Vienna | The Harmonie Vienna<\/title>\n<meta name=\"description\" content=\"Discover our charming design rooms and suites in Vienna \u2713WLAN \u2713Flatscreen \u2713Nespresso coffee machine and much more\" \/>\n<meta name=\"robots\" content=\"index, follow, max-snippet:-1, max-image-preview:large, max-video-preview:-1\" \/>\n<link rel=\"canonical\" href=\"https:\/\/www.harmonie-vienna.at\/en\/hotel-in-the-centre-of-vienna\/rooms-suites\/\" \/>\n<meta property=\"og:locale\" content=\"en_US\" \/>\n<meta property=\"og:type\" content=\"article\" \/>\n<meta property=\"og:title\" content=\"Rooms &amp; Suites Vienna | The Harmonie Vienna\" \/>\n<meta property=\"og:description\" content=\"Discover our charming design rooms and suites in Vienna \u2713WLAN \u2713Flatscreen \u2713Nespresso coffee machine and much more\" \/>\n<meta property=\"og:url\" content=\"https:\/\/www.harmonie-vienna.at\/en\/hotel-in-the-centre-of-vienna\/rooms-suites\/\" \/>\n<meta property=\"og:site_name\" content=\"Hotel Harmonie\" \/>\n<meta property=\"article:modified_time\" content=\"2024-05-24T09:45:28+00:00\" \/>\n<meta name=\"twitter:card\" content=\"summary_large_image\" \/>\n<!-- \/ Yoast SEO plugin. -->","yoast_head_json":{"title":"Rooms & Suites Vienna | The Harmonie Vienna","description":"Discover our charming design rooms and suites in Vienna \u2713WLAN \u2713Flatscreen \u2713Nespresso coffee machine and much more","robots":{"index":"index","follow":"follow","max-snippet":"max-snippet:-1","max-image-preview":"max-image-preview:large","max-video-preview":"max-video-preview:-1"},"canonical":"https:\/\/www.harmonie-vienna.at\/en\/hotel-in-the-centre-of-vienna\/rooms-suites\/","og_locale":"en_US","og_type":"article","og_title":"Rooms & Suites Vienna | The Harmonie Vienna","og_description":"Discover our charming design rooms and suites in Vienna \u2713WLAN \u2713Flatscreen \u2713Nespresso coffee machine and much more","og_url":"https:\/\/www.harmonie-vienna.at\/en\/hotel-in-the-centre-of-vienna\/rooms-suites\/","og_site_name":"Hotel Harmonie","article_modified_time":"2024-05-24T09:45:28+00:00","twitter_card":"summary_large_image","schema":{"@context":"https:\/\/schema.org","@graph":[{"@type":"WebPage","@id":"https:\/\/www.harmonie-vienna.at\/en\/hotel-in-the-centre-of-vienna\/rooms-suites\/","url":"https:\/\/www.harmonie-vienna.at\/en\/hotel-in-the-centre-of-vienna\/rooms-suites\/","name":"Rooms & Suites Vienna | The Harmonie Vienna","isPartOf":{"@id":"https:\/\/www.harmonie-vienna.at\/en\/#website"},"datePublished":"2022-02-28T14:34:41+00:00","dateModified":"2024-05-24T09:45:28+00:00","description":"Discover our charming design rooms and suites in Vienna \u2713WLAN \u2713Flatscreen \u2713Nespresso coffee machine and much more","breadcrumb":{"@id":"https:\/\/www.harmonie-vienna.at\/en\/hotel-in-the-centre-of-vienna\/rooms-suites\/#breadcrumb"},"inLanguage":"en-US","potentialAction":[{"@type":"ReadAction","target":["https:\/\/www.harmonie-vienna.at\/en\/hotel-in-the-centre-of-vienna\/rooms-suites\/"]}]},{"@type":"BreadcrumbList","@id":"https:\/\/www.harmonie-vienna.at\/en\/hotel-in-the-centre-of-vienna\/rooms-suites\/#breadcrumb","itemListElement":[{"@type":"ListItem","position":1,"name":"Startseite","item":"https:\/\/www.harmonie-vienna.at\/en\/"},{"@type":"ListItem","position":2,"name":"The Hotel","item":"https:\/\/www.harmonie-vienna.at\/en\/hotel-in-the-centre-of-vienna\/"},{"@type":"ListItem","position":3,"name":"Rooms &amp; Suites"}]},{"@type":"WebSite","@id":"https:\/\/www.harmonie-vienna.at\/en\/#website","url":"https:\/\/www.harmonie-vienna.at\/en\/","name":"Hotel Harmonie","description":"Boutique Hotel in Wien - The Harmonie Vienna","publisher":{"@id":"https:\/\/www.harmonie-vienna.at\/en\/#organization"},"potentialAction":[{"@type":"SearchAction","target":{"@type":"EntryPoint","urlTemplate":"https:\/\/www.harmonie-vienna.at\/en\/?s={search_term_string}"},"query-input":{"@type":"PropertyValueSpecification","valueRequired":true,"valueName":"search_term_string"}}],"inLanguage":"en-US"},{"@type":"Organization","@id":"https:\/\/www.harmonie-vienna.at\/en\/#organization","name":"Hotel Harmonie Vienna","url":"https:\/\/www.harmonie-vienna.at\/en\/","logo":{"@type":"ImageObject","inLanguage":"en-US","@id":"https:\/\/www.harmonie-vienna.at\/en\/#\/schema\/logo\/image\/","url":"https:\/\/www.harmonie-vienna.at\/wp-content\/uploads\/2022\/02\/cropped-cropped-hotel-harmonie-logo.png","contentUrl":"https:\/\/www.harmonie-vienna.at\/wp-content\/uploads\/2022\/02\/cropped-cropped-hotel-harmonie-logo.png","width":321,"height":90,"caption":"Hotel Harmonie Vienna"},"image":{"@id":"https:\/\/www.harmonie-vienna.at\/en\/#\/schema\/logo\/image\/"}}]}},"_links":{"self":[{"href":"https:\/\/www.harmonie-vienna.at\/en\/wp-json\/wp\/v2\/pages\/4110","targetHints":{"allow":["GET"]}}],"collection":[{"href":"https:\/\/www.harmonie-vienna.at\/en\/wp-json\/wp\/v2\/pages"}],"about":[{"href":"https:\/\/www.harmonie-vienna.at\/en\/wp-json\/wp\/v2\/types\/page"}],"author":[{"embeddable":true,"href":"https:\/\/www.harmonie-vienna.at\/en\/wp-json\/wp\/v2\/users\/1"}],"replies":[{"embeddable":true,"href":"https:\/\/www.harmonie-vienna.at\/en\/wp-json\/wp\/v2\/comments?post=4110"}],"version-history":[{"count":13,"href":"https:\/\/www.harmonie-vienna.at\/en\/wp-json\/wp\/v2\/pages\/4110\/revisions"}],"predecessor-version":[{"id":7382,"href":"https:\/\/www.harmonie-vienna.at\/en\/wp-json\/wp\/v2\/pages\/4110\/revisions\/7382"}],"up":[{"embeddable":true,"href":"https:\/\/www.harmonie-vienna.at\/en\/wp-json\/wp\/v2\/pages\/4106"}],"wp:attachment":[{"href":"https:\/\/www.harmonie-vienna.at\/en\/wp-json\/wp\/v2\/media?parent=4110"}],"curies":[{"name":"wp","href":"https:\/\/api.w.org\/{rel}","templated":true}]}}