{"id":4153,"date":"2022-03-02T17:02:39","date_gmt":"2022-03-02T16:02:39","guid":{"rendered":"https:\/\/www.harmonie-vienna.at\/hotel-in-the-centre-of-vienna\/fine-dining-at-the-hotel\/"},"modified":"2024-06-20T12:15:43","modified_gmt":"2024-06-20T10:15:43","slug":"food-and-drink","status":"publish","type":"page","link":"https:\/\/www.harmonie-vienna.at\/en\/hotel-in-the-centre-of-vienna\/food-and-drink\/","title":{"rendered":"Fine dining at the Hotel"},"content":{"rendered":"\n\n<div class=\"page-intro  \">\n\n  <div \n    role=\"img\"\n    aria-label=\"Blick in das Restaurant des Hotels mit Streifen Details auf den Sitzgelegenheiten \"\n    class=\"page-intro__image\" \n    style=\"background-image: url('https:\/\/www.harmonie-vienna.at\/wp-content\/uploads\/2022\/03\/Harmonie_037_web-1.jpg');\"\n  >\n  <\/div>\n\n      <div class=\"page-intro__content page-intro__content--align-center  \">\n  \n    <div class=\"frame\">\n              <span class=\"subline\">Culinary delights at the Hotel<\/span>\n      \n              <h1 class=\"headline\">Pleasure with a lasting impression<\/h1>\n      \n              <div class=\"wysiwyg-output\"><p>Good food, fine wine, a vibrant city and welcoming atmosphere \u2013 welcome to dining at The Harmonie. Start the day the right way with our healthy and hearty breakfast buffet featuring classics and favourites, including a large selection of organic as well as vegan products and also hot dishes. In the afternoon we serve tea, coffee and cake in the lounge-library-bar, which in the evening is an excellent place to relax with a good glass of wine or a refreshing cocktail.<\/p>\n<\/div>\n      \n          <\/div>\n  <\/div>\n<\/div>\n\n\n<div class=\"\">\n  <div class=\"container mx-auto two-column-teaser-splide-wrapper\">\n    <div class=\"splide\" role=\"group\" aria-label=\"Slider - At the breakfast buffet: quality you can taste\">\n      <div class=\"splide__track\">\n        <div class=\"splide__list\">\n\n                      \n                            <div class=\"splide__slide\">\n                                  <div class=\"two-column-teaser\">\n                \n                  <div class=\"two-column-teaser__content\">\n                                          <span class=\"subline\">Regional products<\/span>\n                    \n                                          <h2 class=\"headline\">At the breakfast buffet: quality you can taste<\/h2>\n                                        \n                                          <div class=\"wysiwyg-output\">\n                        <p>There is no better way to begin an action-packed day in Vienna In our breakfast room we celebrate the morning pleasure at EUR 28.00 per person. Breakfast is already included in the room price.<\/p>\n<ul>\n<li>Tea &amp; coffee from the famous Viennese coffee company Julius Meinl<\/li>\n<li><a href=\"https:\/\/www.harmonie-vienna.at\/veganes-fruehstueck\/\">Vegan breakfast:<\/a> large selection of products &amp; hot dishes<\/li>\n<li>Selected ingredients for a customised organic muesli, wholesome organic bread &amp; fresh pastries from Franz Felber\u2019s artisan bakery<\/li>\n<li>Sausage specialities and cheese varieties from regional suppliers such as Schneeberg.Land<\/li>\n<li>100% organic free-range eggs and dairy products from regional suppliers<\/li>\n<li>Jams from Unterweger in East Tyrol and organic honey from beekeepers right here in Vienna<\/li>\n<li>Fresh seasonal fruit, Harmonie Smoothie freshly prepared every day, organic juices from Hasenfit<\/li>\n<li>For early birds: From 6.30 to 7.00 a.m. in the breakfast room &#8211; coffee, tea, fruit, pastries and all cold buffet dishes; if you leave earlier, we will be happy to prepare a breakfast box for you<\/li>\n<li>Late breakfast served from 10:30am until 1:00pm in the breakfast room (coffee, tea, Viennese breakfast with pastries, butter and jam)<\/li>\n<\/ul>\n                      <\/div>\n                    \n                                      <\/div>\n                  <div class=\"two-column-teaser__images\">\n                                          <div class=\"two-column-teaser__main-image\">\n                        <img decoding=\"async\" src=\"https:\/\/www.harmonie-vienna.at\/wp-content\/uploads\/2022\/03\/Harmonie_Nov13_27_web-682x1024.jpg\" alt=\"At the breakfast buffet: quality you can taste\">\n                        <small class=\"text-brown-dark\"><\/small>\n                      <\/div>\n                    \n                                      <\/div>\n\n                <\/div>\n\n              <\/div>\n\n                      \n        <\/div>\n      <\/div>\n    <\/div>\n  <\/div>\n<\/div>\n\n\n\n<div class=\"\">\n  <div class=\"container mx-auto two-column-teaser-splide-wrapper\">\n    <div class=\"splide\" role=\"group\" aria-label=\"Slider - Tea, cake or a glass of fine wine in the heart of Vienna\">\n      <div class=\"splide__track\">\n        <div class=\"splide__list\">\n\n                      \n                            <div class=\"splide__slide\">\n                                  <div class=\"two-column-teaser two-column-teaser--reverse-content\">\n                \n                  <div class=\"two-column-teaser__content\">\n                                          <span class=\"subline\">Lounge, library and bar<\/span>\n                    \n                                          <h2 class=\"headline\">Tea, cake or a glass of fine wine in the heart of Vienna<\/h2>\n                                        \n                                          <div class=\"wysiwyg-output\">\n                        <div>\n<p>Situated right at the centre of the hotel, our lounge is the perfect place for those who have had enough of the hustle and bustle of the city and want to get away from it all to chat, sip tea or settle down with a good book. <\/p>\n<\/div>\n<div>\n<p>Our bar serves free tea and homemade cake every afternoon between 3:00 and 6:00pm. You are also welcome to order a take-away coffee from the bar. Wiener Kaffee kann dazu bestellt werden. <\/p>\n<\/div>\n<div>\n<p>In the library area of the lounge you will find a selection of international daily newspapers and magazines as well as literature and guide books on the city of Vienna. Auch Literatur und B\u00fccher \u00fcber Wien stehen zur freien Verf\u00fcgung. <\/p>\n<\/div>\n                      <\/div>\n                    \n                                      <\/div>\n                  <div class=\"two-column-teaser__images\">\n                                          <div class=\"two-column-teaser__main-image\">\n                        <img decoding=\"async\" src=\"https:\/\/www.harmonie-vienna.at\/wp-content\/uploads\/2022\/03\/Harmonie_Nov13_16_web-682x1024.jpg\" alt=\"Tea, cake or a glass of fine wine in the heart of Vienna\">\n                        <small class=\"text-brown-dark\"><\/small>\n                      <\/div>\n                    \n                                      <\/div>\n\n                <\/div>\n\n              <\/div>\n\n                      \n        <\/div>\n      <\/div>\n    <\/div>\n  <\/div>\n<\/div>\n\n\n\n<div class=\"\">\n  <div class=\"container mx-auto two-column-teaser-splide-wrapper\">\n    <div class=\"splide\" role=\"group\" aria-label=\"Slider - Enjoy small treats in our cosy bistro\">\n      <div class=\"splide__track\">\n        <div class=\"splide__list\">\n\n                      \n                            <div class=\"splide__slide\">\n                                  <div class=\"two-column-teaser\">\n                \n                  <div class=\"two-column-teaser__content\">\n                                          <span class=\"subline\">Relaxing time-out in the bistro<\/span>\n                    \n                                          <h2 class=\"headline\">Enjoy small treats in our cosy bistro<\/h2>\n                                        \n                                          <div class=\"wysiwyg-output\">\n                        <p>We warmly invite you to our bistro to enjoy a relaxing break and small snacks. Whether for a quick bite in between or a cosy get-together &#8211; our bistro offers the perfect setting for both.<\/p>\n<p>The bistro is open daily from 12:00 to 22:00 and offers you a varied selection: from delicious salads with marinated chicken skewers to a cheese platter, Viennese apple strudel and a glass of regional wine.<\/p>\n<p>You can find our menu <a href=\"https:\/\/www.harmonie-vienna.at\/wp-content\/uploads\/2024\/06\/Bistro-2024-EN-Neu.pdf\">here.<\/a><\/p>\n<p>We very much look forward to your visit!<\/p>\n<p>&nbsp;<\/p>\n<p>&nbsp;<\/p>\n                      <\/div>\n                    \n                                      <\/div>\n                  <div class=\"two-column-teaser__images\">\n                                          <div class=\"two-column-teaser__main-image\">\n                        <img decoding=\"async\" src=\"https:\/\/www.harmonie-vienna.at\/wp-content\/uploads\/2024\/06\/Harmonie_Nov13_36_web-682x1024.jpg\" alt=\"Enjoy small treats in our cosy bistro\">\n                        <small class=\"text-brown-dark\"><\/small>\n                      <\/div>\n                    \n                                      <\/div>\n\n                <\/div>\n\n              <\/div>\n\n                      \n        <\/div>\n      <\/div>\n    <\/div>\n  <\/div>\n<\/div>\n\n\n\n<div class=\"certifications \">\n  <div class=\"container mx-auto\">\n    <div class=\"certifications__wrapper\">\n      <div> \n                  <span class=\"subline\">Certificates<\/span>\n                          <h2 class=\"headline\">Commitment to sustainability<\/h2>\n                          <p><p>We are proud to do something good for you and our environment! The continuous demand on our service and the selection of our products has not gone unnoticed &#8211; so we are very pleased about the five quality seals: Austrian &amp; European Ecolabel, Austria Bio Garantie, European Allergy Seal &amp; Vegan Welcome.<\/p>\n<p>&nbsp;<\/p>\n<p><a href=\"https:\/\/www.harmonie-vienna.at\/en\/hotel-in-the-centre-of-vienna\/sustainable-hotel-in-vienna\/\">\u00bb Find out all about our certifications here<\/a><\/p>\n<\/p>\n              <\/div>\n      <div>\n                  <ul class=\"certifications__items\" Bild Grid\">\n                          <li>\n                                <a href=\"https:\/\/www.harmonie-vienna.at\/en\/hotel-in-the-centre-of-vienna\/sustainable-hotel-in-vienna\/\" target=\"\" aria-label=\"Certificates Zu Bild springen\">\n                \n                                      <span class=\"certifications__image-wrapper\">\n                      <img decoding=\"async\" src=\"https:\/\/www.harmonie-vienna.at\/wp-content\/uploads\/2022\/03\/Umweltzeichen.png\" alt=\"Siegel mit der Aufschrift Umweltzeichen in rot und gr\u00fcner Farbe \">\n                    <\/span>\n                  \n                  \n                                      <strong><\/strong>\n                  \n                                    <\/a>\n                                \n              <\/li>\n                          <li>\n                                <a href=\"https:\/\/www.harmonie-vienna.at\/en\/hotel-in-the-centre-of-vienna\/sustainable-hotel-in-vienna\/\" target=\"\" aria-label=\"Certificates Zu Bild springen\">\n                \n                                      <span class=\"certifications__image-wrapper\">\n                      <img decoding=\"async\" src=\"https:\/\/www.harmonie-vienna.at\/wp-content\/uploads\/2022\/03\/ecolabel.png\" alt=\"Siegel des EU Ecolabel in blau und gr\u00fcner Farbe \">\n                    <\/span>\n                  \n                  \n                                      <strong><\/strong>\n                  \n                                    <\/a>\n                                \n              <\/li>\n                          <li>\n                                <a href=\"https:\/\/www.harmonie-vienna.at\/en\/hotel-in-the-centre-of-vienna\/sustainable-hotel-in-vienna\/\" target=\"\" aria-label=\"Certificates Zu Bild springen\">\n                \n                                      <span class=\"certifications__image-wrapper\">\n                      <img decoding=\"async\" src=\"https:\/\/www.harmonie-vienna.at\/wp-content\/uploads\/2022\/03\/Austria-Bio-Garantie-neu.png\" alt=\"Gr\u00fcnes Siegel der Austria Bio Garantie mit roter Umrandung \">\n                    <\/span>\n                  \n                  \n                                      <strong><\/strong>\n                  \n                                    <\/a>\n                                \n              <\/li>\n                          <li>\n              \n                                      <span class=\"certifications__image-wrapper\">\n                      <img decoding=\"async\" src=\"https:\/\/www.harmonie-vienna.at\/wp-content\/uploads\/2022\/03\/Ecarf-neu.png\" alt=\"Siegel des ECARF f\u00fcr Allergikerfreundliche Qualit\u00e4tspr\u00fcfung \">\n                    <\/span>\n                  \n                  \n                  \n                                  \n              <\/li>\n                          <li>\n              \n                                      <span class=\"certifications__image-wrapper\">\n                      <img decoding=\"async\" src=\"https:\/\/www.harmonie-vienna.at\/wp-content\/uploads\/2022\/03\/Vegan-Welcome.png\" alt=\"Siegel Vegan Welcome mit f\u00fcnf Sternen und einem gr\u00fcnen Blatt \">\n                    <\/span>\n                  \n                  \n                  \n                                  \n              <\/li>\n                      <\/ul>\n              <\/div>\n    <\/div>\n  <\/div>\n<\/div>\n\n\n\n\n\n\n\n\n\n","protected":false},"excerpt":{"rendered":"","protected":false},"author":1,"featured_media":0,"parent":4106,"menu_order":0,"comment_status":"closed","ping_status":"closed","template":"","meta":{"_acf_changed":false,"footnotes":""},"class_list":["post-4153","page","type-page","status-publish","hentry"],"acf":[],"yoast_head":"<!-- This site is optimized with the Yoast SEO plugin v27.4 - https:\/\/yoast.com\/product\/yoast-seo-wordpress\/ -->\n<title>Culinary delights at the Hotel | The Harmonie Vienna<\/title>\n<meta name=\"description\" content=\"Enjoy your holiday in Vienna also culinary \u27a4 Visit our breakfast buffet in organic quality or the Lounge-Library-Bar\" \/>\n<meta name=\"robots\" content=\"index, follow, max-snippet:-1, max-image-preview:large, max-video-preview:-1\" \/>\n<link rel=\"canonical\" href=\"https:\/\/www.harmonie-vienna.at\/en\/hotel-in-the-centre-of-vienna\/food-and-drink\/\" \/>\n<meta property=\"og:locale\" content=\"en_US\" \/>\n<meta property=\"og:type\" content=\"article\" \/>\n<meta property=\"og:title\" content=\"Culinary delights at the Hotel | The Harmonie Vienna\" \/>\n<meta property=\"og:description\" content=\"Enjoy your holiday in Vienna also culinary \u27a4 Visit our breakfast buffet in organic quality or the Lounge-Library-Bar\" \/>\n<meta property=\"og:url\" content=\"https:\/\/www.harmonie-vienna.at\/en\/hotel-in-the-centre-of-vienna\/food-and-drink\/\" \/>\n<meta property=\"og:site_name\" content=\"Hotel Harmonie\" \/>\n<meta property=\"article:modified_time\" content=\"2024-06-20T10:15:43+00:00\" \/>\n<meta name=\"twitter:card\" content=\"summary_large_image\" \/>\n<!-- \/ Yoast SEO plugin. -->","yoast_head_json":{"title":"Culinary delights at the Hotel | The Harmonie Vienna","description":"Enjoy your holiday in Vienna also culinary \u27a4 Visit our breakfast buffet in organic quality or the Lounge-Library-Bar","robots":{"index":"index","follow":"follow","max-snippet":"max-snippet:-1","max-image-preview":"max-image-preview:large","max-video-preview":"max-video-preview:-1"},"canonical":"https:\/\/www.harmonie-vienna.at\/en\/hotel-in-the-centre-of-vienna\/food-and-drink\/","og_locale":"en_US","og_type":"article","og_title":"Culinary delights at the Hotel | The Harmonie Vienna","og_description":"Enjoy your holiday in Vienna also culinary \u27a4 Visit our breakfast buffet in organic quality or the Lounge-Library-Bar","og_url":"https:\/\/www.harmonie-vienna.at\/en\/hotel-in-the-centre-of-vienna\/food-and-drink\/","og_site_name":"Hotel Harmonie","article_modified_time":"2024-06-20T10:15:43+00:00","twitter_card":"summary_large_image","schema":{"@context":"https:\/\/schema.org","@graph":[{"@type":"WebPage","@id":"https:\/\/www.harmonie-vienna.at\/en\/hotel-in-the-centre-of-vienna\/food-and-drink\/","url":"https:\/\/www.harmonie-vienna.at\/en\/hotel-in-the-centre-of-vienna\/food-and-drink\/","name":"Culinary delights at the Hotel | The Harmonie Vienna","isPartOf":{"@id":"https:\/\/www.harmonie-vienna.at\/en\/#website"},"datePublished":"2022-03-02T16:02:39+00:00","dateModified":"2024-06-20T10:15:43+00:00","description":"Enjoy your holiday in Vienna also culinary \u27a4 Visit our breakfast buffet in organic quality or the Lounge-Library-Bar","breadcrumb":{"@id":"https:\/\/www.harmonie-vienna.at\/en\/hotel-in-the-centre-of-vienna\/food-and-drink\/#breadcrumb"},"inLanguage":"en-US","potentialAction":[{"@type":"ReadAction","target":["https:\/\/www.harmonie-vienna.at\/en\/hotel-in-the-centre-of-vienna\/food-and-drink\/"]}]},{"@type":"BreadcrumbList","@id":"https:\/\/www.harmonie-vienna.at\/en\/hotel-in-the-centre-of-vienna\/food-and-drink\/#breadcrumb","itemListElement":[{"@type":"ListItem","position":1,"name":"Startseite","item":"https:\/\/www.harmonie-vienna.at\/en\/"},{"@type":"ListItem","position":2,"name":"The Hotel","item":"https:\/\/www.harmonie-vienna.at\/en\/hotel-in-the-centre-of-vienna\/"},{"@type":"ListItem","position":3,"name":"Fine dining at the Hotel"}]},{"@type":"WebSite","@id":"https:\/\/www.harmonie-vienna.at\/en\/#website","url":"https:\/\/www.harmonie-vienna.at\/en\/","name":"Hotel Harmonie","description":"Boutique Hotel in Wien - The Harmonie Vienna","publisher":{"@id":"https:\/\/www.harmonie-vienna.at\/en\/#organization"},"potentialAction":[{"@type":"SearchAction","target":{"@type":"EntryPoint","urlTemplate":"https:\/\/www.harmonie-vienna.at\/en\/?s={search_term_string}"},"query-input":{"@type":"PropertyValueSpecification","valueRequired":true,"valueName":"search_term_string"}}],"inLanguage":"en-US"},{"@type":"Organization","@id":"https:\/\/www.harmonie-vienna.at\/en\/#organization","name":"Hotel Harmonie Vienna","url":"https:\/\/www.harmonie-vienna.at\/en\/","logo":{"@type":"ImageObject","inLanguage":"en-US","@id":"https:\/\/www.harmonie-vienna.at\/en\/#\/schema\/logo\/image\/","url":"https:\/\/www.harmonie-vienna.at\/wp-content\/uploads\/2022\/02\/cropped-cropped-hotel-harmonie-logo.png","contentUrl":"https:\/\/www.harmonie-vienna.at\/wp-content\/uploads\/2022\/02\/cropped-cropped-hotel-harmonie-logo.png","width":321,"height":90,"caption":"Hotel Harmonie Vienna"},"image":{"@id":"https:\/\/www.harmonie-vienna.at\/en\/#\/schema\/logo\/image\/"}}]}},"_links":{"self":[{"href":"https:\/\/www.harmonie-vienna.at\/en\/wp-json\/wp\/v2\/pages\/4153","targetHints":{"allow":["GET"]}}],"collection":[{"href":"https:\/\/www.harmonie-vienna.at\/en\/wp-json\/wp\/v2\/pages"}],"about":[{"href":"https:\/\/www.harmonie-vienna.at\/en\/wp-json\/wp\/v2\/types\/page"}],"author":[{"embeddable":true,"href":"https:\/\/www.harmonie-vienna.at\/en\/wp-json\/wp\/v2\/users\/1"}],"replies":[{"embeddable":true,"href":"https:\/\/www.harmonie-vienna.at\/en\/wp-json\/wp\/v2\/comments?post=4153"}],"version-history":[{"count":18,"href":"https:\/\/www.harmonie-vienna.at\/en\/wp-json\/wp\/v2\/pages\/4153\/revisions"}],"predecessor-version":[{"id":12377,"href":"https:\/\/www.harmonie-vienna.at\/en\/wp-json\/wp\/v2\/pages\/4153\/revisions\/12377"}],"up":[{"embeddable":true,"href":"https:\/\/www.harmonie-vienna.at\/en\/wp-json\/wp\/v2\/pages\/4106"}],"wp:attachment":[{"href":"https:\/\/www.harmonie-vienna.at\/en\/wp-json\/wp\/v2\/media?parent=4153"}],"curies":[{"name":"wp","href":"https:\/\/api.w.org\/{rel}","templated":true}]}}