{"id":4161,"date":"2022-03-13T17:23:42","date_gmt":"2022-03-13T16:23:42","guid":{"rendered":"https:\/\/www.harmonie-vienna.at\/hotel-in-the-centre-of-vienna\/sustainable-hotel-in-vienna\/"},"modified":"2024-05-24T11:45:10","modified_gmt":"2024-05-24T09:45:10","slug":"sustainable-hotel-in-vienna","status":"publish","type":"page","link":"https:\/\/www.harmonie-vienna.at\/en\/hotel-in-the-centre-of-vienna\/sustainable-hotel-in-vienna\/","title":{"rendered":"Sustainable hotel in Vienna"},"content":{"rendered":"\n\n<div class=\"page-intro  \">\n\n  <div \n    role=\"img\"\n    aria-label=\"Ein gr\u00fcnes Feld mit Windr\u00e4dern, dass von der Abendsonne bestrahlt wird \"\n    class=\"page-intro__image\" \n    style=\"background-image: url('https:\/\/www.harmonie-vienna.at\/wp-content\/uploads\/2022\/03\/pexels-robert-tippmann-10069484-1-scaled.jpg');\"\n  >\n  <\/div>\n\n      <div class=\"page-intro__content page-intro__content--align-center  \">\n  \n    <div class=\"frame\">\n              <span class=\"subline\">Sustainability<\/span>\n      \n              <h1 class=\"headline\">&#8220;Yes!&#8221; to sustainability<\/h1>\n      \n              <div class=\"wysiwyg-output\"><h2>Organic breakfast buffet, rooms for allergy-sufferers &amp; more<\/h2>\n<p>We believe that top service and environmental awareness are anything but a contradiction in terms. That is why sustainability plays such a big role here at The Harmonie. Hidden behind the green fa\u00e7ade of our building in downtown Vienna is a boutique hotel where we strive to be as green as possible, be it in the form of our healthy breakfast buffet featuring lots of local organic produce, our certified rooms for allergy-sufferers or our central location next to public transport. As a guest of the Harmonie Vienna, you are an indispensable part of this sustainable philosophy.   <\/p>\n<\/div>\n      \n          <\/div>\n  <\/div>\n<\/div>\n\n\n<div class=\"\">\n  <div class=\"container mx-auto two-column-teaser-splide-wrapper\">\n    <div class=\"splide\" role=\"group\" aria-label=\"Slider - Austrian Ecolabel &amp; EU Ecolabel\">\n      <div class=\"splide__track\">\n        <div class=\"splide__list\">\n\n                      \n                            <div class=\"splide__slide\">\n                                  <div class=\"two-column-teaser\">\n                \n                  <div class=\"two-column-teaser__content\">\n                                          <span class=\"subline\">Focus on sustainability<\/span>\n                    \n                                          <h2 class=\"headline\">Austrian Ecolabel &amp; EU Ecolabel<\/h2>\n                                        \n                                          <div class=\"wysiwyg-output\">\n                        <p>For us, being eco is simply logical. That is why The Harmonie bears both the Austrian Ecolabel and the EU Ecolabel. What does that mean for you? It&#8217;s all about increasing sustainability in the tourism industry and putting into place measures for a greener today and a better tomorrow. These steps includes our sustainable breakfast buffet as well as a responsible and efficient use of water and energy in the hotel.     <\/p>\n                      <\/div>\n                    \n                                      <\/div>\n                  <div class=\"two-column-teaser__images\">\n                                          <div class=\"two-column-teaser__main-image\">\n                        <img decoding=\"async\" src=\"https:\/\/www.harmonie-vienna.at\/wp-content\/uploads\/2022\/03\/pexels-arthur-ogleznev-1296265-683x1024.jpg\" alt=\"Austrian Ecolabel &amp; EU Ecolabel\">\n                        <small class=\"text-brown-dark\"><\/small>\n                      <\/div>\n                    \n                                      <\/div>\n\n                <\/div>\n\n              <\/div>\n\n                      \n        <\/div>\n      <\/div>\n    <\/div>\n  <\/div>\n<\/div>\n\n\n\n<div class=\"\">\n  <div class=\"container mx-auto two-column-teaser-splide-wrapper\">\n    <div class=\"splide\" role=\"group\" aria-label=\"Slider - Austria Bio Garantie\">\n      <div class=\"splide__track\">\n        <div class=\"splide__list\">\n\n                      \n                            <div class=\"splide__slide\">\n                                  <div class=\"two-column-teaser two-column-teaser--reverse-content\">\n                \n                  <div class=\"two-column-teaser__content\">\n                                          <span class=\"subline\">Organic breakfast with regional produce<\/span>\n                    \n                                          <h2 class=\"headline\">Austria Bio Garantie<\/h2>\n                                        \n                                          <div class=\"wysiwyg-output\">\n                        <p>Sustainability begins early in the morning with our healthy and hearty breakfast featuring organic produce sourced from the region: <\/p>\n<ul>\n<li>Selected organic ingredients for your own customised muesli<\/li>\n<li>Wholesome organic bread &amp; fresh pastries from Franz Felber\u2019s artisan bakery<\/li>\n<li>Sausage &amp; cheese specialities from Austria<\/li>\n<li>Tea &amp; coffee from famous Viennese coffee company Julius Meinl<\/li>\n<li>100% organic free-range eggs and dairy products from regional suppliers<\/li>\n<li>Organic honey from Vienna &amp; jams from East Tyrol<\/li>\n<li>Fresh fruit of the season<\/li>\n<li>Organic juices from Hasenfit<\/li>\n<li>Allergy-friendly options<\/li>\n<\/ul>\n<p><strong>Guaranteed and certified!<\/strong>Inspectors from the independent body Austria Bio Garantie visit our hotel on a regular basis to ensure our organic food meets their exacting standards.<\/p>\n                      <\/div>\n                    \n                                      <\/div>\n                  <div class=\"two-column-teaser__images\">\n                                          <div class=\"two-column-teaser__main-image\">\n                        <img decoding=\"async\" src=\"https:\/\/www.harmonie-vienna.at\/wp-content\/uploads\/2022\/03\/Harmonie_Speisen_01-Kopie-810x1024.jpg\" alt=\"Austria Bio Garantie\">\n                        <small class=\"text-brown-dark\"><\/small>\n                      <\/div>\n                    \n                                      <\/div>\n\n                <\/div>\n\n              <\/div>\n\n                      \n        <\/div>\n      <\/div>\n    <\/div>\n  <\/div>\n<\/div>\n\n\n\n<div class=\"\">\n  <div class=\"container mx-auto two-column-teaser-splide-wrapper\">\n    <div class=\"splide\" role=\"group\" aria-label=\"Slider - \">\n      <div class=\"splide__track\">\n        <div class=\"splide__list\">\n\n          \n        <\/div>\n      <\/div>\n    <\/div>\n  <\/div>\n<\/div>\n\n\n\n<div class=\"\">\n  <div class=\"container mx-auto two-column-teaser-splide-wrapper\">\n    <div class=\"splide\" role=\"group\" aria-label=\"Slider - European Centre for Allergy Research Foundation Seal\">\n      <div class=\"splide__track\">\n        <div class=\"splide__list\">\n\n                      \n                            <div class=\"splide__slide\">\n                                  <div class=\"two-column-teaser\">\n                \n                  <div class=\"two-column-teaser__content\">\n                                          <span class=\"subline\">Allergy-sufferers can breathe easy<\/span>\n                    \n                                          <h2 class=\"headline\">European Centre for Allergy Research Foundation Seal<\/h2>\n                                        \n                                          <div class=\"wysiwyg-output\">\n                        <p>We are committed to ensuring all guests can spend a relaxing and enjoyable stay with us. That includes, of course, allergy-sufferers \u2013 which is why we are proud to have been awarded the European Centre for Allergy Research Foundation Seal. This means the entire hotel meets the exacting ECARF international standards:    <\/p>\n<ul>\n<li>No smoking anywhere in the hotel<\/li>\n<li>Pets can be brought to the hotel only with advance notice and must be kept a reasonable distance from rooms used by allergy-sufferers<\/li>\n<li>All plants in the hotel are kept in water and do not release pollen<\/li>\n<li>Regular external inspection of the air conditioning system to ensure no mould spores<\/li>\n<li><a href=\"https:\/\/www.harmonie-vienna.at\/en\/hotel-in-the-centre-of-vienna\/rooms-suites\/\" target=\"_blank\" rel=\"noopener noreferrer\">Allergy-sufferer rooms:<\/a> hard floors instead of carpets on request<\/li>\n<li>Special allergy-friendly bed linen covers to combat dust mites<\/li>\n<li>Scent-free &amp; hypoallergenic skin care products on request<\/li>\n<li>Breakfast buffet with plenty of options for guests who suffer from food allergies and intolerances<\/li>\n<\/ul>\n                      <\/div>\n                    \n                                      <\/div>\n                  <div class=\"two-column-teaser__images\">\n                                          <div class=\"two-column-teaser__main-image\">\n                        <img decoding=\"async\" src=\"https:\/\/www.harmonie-vienna.at\/wp-content\/uploads\/2022\/03\/Harmonie_056_web-Kopie.jpg\" alt=\"European Centre for Allergy Research Foundation Seal\">\n                        <small class=\"text-brown-dark\"><\/small>\n                      <\/div>\n                    \n                                      <\/div>\n\n                <\/div>\n\n              <\/div>\n\n                      \n        <\/div>\n      <\/div>\n    <\/div>\n  <\/div>\n<\/div>\n\n\n\n<div class=\"\">\n  <div class=\"container mx-auto two-column-teaser-splide-wrapper\">\n    <div class=\"splide\" role=\"group\" aria-label=\"Slider - Sustainable Development Index\">\n      <div class=\"splide__track\">\n        <div class=\"splide__list\">\n\n                      \n                            <div class=\"splide__slide\">\n                                  <div class=\"two-column-teaser two-column-teaser--reverse-content\">\n                \n                  <div class=\"two-column-teaser__content\">\n                                          <span class=\"subline\"> CO\u00b2e emissions per overnight stay: 3.27kg<\/span>\n                    \n                                          <h2 class=\"headline\">Sustainable Development Index<\/h2>\n                                        \n                                          <div class=\"wysiwyg-output\">\n                        <p>The Harmonie Vienna has been awarded Platinum in recognition of its ESG performance for 2022.<\/p>\n<p>The sustainability rating analyses the hotel&#8217;s environmental, social and governance practices in great depth and precision. ESG analysis, is the analysis of the 3 sustainability pillars. It includes, among other things, CO2 emissions per overnight stay, water consumption and the implementation of the UN Sustainable Development Goals (SDGs).<\/p>\n<p>Our CO\u00b2e emissions per overnight stay: 3.27kg<\/p>\n                      <\/div>\n                    \n                                      <\/div>\n                  <div class=\"two-column-teaser__images\">\n                                          <div class=\"two-column-teaser__main-image\">\n                        <img decoding=\"async\" src=\"https:\/\/www.harmonie-vienna.at\/wp-content\/uploads\/2024\/02\/Aussenansicht-Kopie-3-683x1024.jpg\" alt=\"Sustainable Development Index\">\n                        <small class=\"text-brown-dark\">Aussenansicht &#8211; Kopie (3)<\/small>\n                      <\/div>\n                    \n                                          <div class=\"two-column-teaser__secondary-image\">\n                        <img decoding=\"async\" src=\"https:\/\/www.harmonie-vienna.at\/wp-content\/uploads\/2024\/02\/Unbenannt-300x183.png\" alt=\"Sustainable Development Index\">\n                      <\/div>\n                                      <\/div>\n\n                <\/div>\n\n              <\/div>\n\n                      \n        <\/div>\n      <\/div>\n    <\/div>\n  <\/div>\n<\/div>\n\n\n\n<div class=\"\">\n  <div class=\"container mx-auto two-column-teaser-splide-wrapper\">\n    <div class=\"splide\" role=\"group\" aria-label=\"Slider - Vegan Welcome\">\n      <div class=\"splide__track\">\n        <div class=\"splide__list\">\n\n                      \n                            <div class=\"splide__slide\">\n                                  <div class=\"two-column-teaser\">\n                \n                  <div class=\"two-column-teaser__content\">\n                                          <span class=\"subline\">Paradise for plant-based nutrition<\/span>\n                    \n                                          <h2 class=\"headline\">Vegan Welcome<\/h2>\n                                        \n                                          <div class=\"wysiwyg-output\">\n                        <p>Given our organic vegan breakfast, it was only logical for us to cooperate with the organisation Vegan Welcome so fans of a plant-based diet can enjoy all we have to offer here at The Harmonie. Vegan Welcome is a platform bringing together hotels around the world that place a special emphasis on vegan products and food. We are delighted to be a part of it.<\/p>\n                      <\/div>\n                    \n                                      <\/div>\n                  <div class=\"two-column-teaser__images\">\n                                          <div class=\"two-column-teaser__main-image\">\n                        <img decoding=\"async\" src=\"https:\/\/www.harmonie-vienna.at\/wp-content\/uploads\/2022\/03\/pexels-sam-lion-5709271-683x1024.jpg\" alt=\"Vegan Welcome\">\n                        <small class=\"text-brown-dark\"><\/small>\n                      <\/div>\n                    \n                                      <\/div>\n\n                <\/div>\n\n              <\/div>\n\n                      \n        <\/div>\n      <\/div>\n    <\/div>\n  <\/div>\n<\/div>\n\n\n\n<div class=\"py-4 md:py-24 \">\n  \n  <div class=\"container mx-auto\">\n    <div class=\"divider\"><\/div>\n\n    <div class=\"grid grid-cols-1 md:grid-cols-2\">\n              <div class=\"wysiwyg-output mr-4\">\n          <h2>Unser nachhaltiges Hotel mitten in Wien<\/h2>\n<p>Erleben Sie nachhaltigen Hoteltourismus in der Kulturhochburg \u00d6sterreichs: Wir m\u00f6chten sowohl unseren G\u00e4sten als auch der Umwelt etwas Gutes tun, weshalb bei uns Nachhaltigkeit gro\u00dfgeschrieben wird. Durch das Einsparen von Energie und Wasser und dem bewussten Genuss von regionalen Bio-Lebensmitteln verkleinern wir sowohl unseren als auch Ihren \u00f6kologischen Fu\u00dfabdruck.<\/p>\n<p>&nbsp;<\/p>\n<p>F\u00fcnf Qualit\u00e4tssiegel zeichnen The Harmonie Vienna als nachhaltiges und umweltfreundliches Hotel in \u00d6sterreich aus:<\/p>\n<ul>\n<li><a href=\"https:\/\/www.umweltzeichen.at\/de\/ecolabel\/tourismusbetriebe?cert_number=AT%2F051%2F098\" target=\"_blank\" rel=\"noopener\">\u00d6sterreichisches Umweltzeichen<\/a><\/li>\n<li><a href=\"https:\/\/eu-ecolabel.de\/eu-ecolabel-das-umweltzeichen-ihres-vertrauens\/ueber-das-eu-ecolabel\" target=\"_blank\" rel=\"noopener\">Europ\u00e4isches Umweltzeichen<\/a><\/li>\n<li><a href=\"https:\/\/www.bio-garantie.at\/de\/home\" target=\"_blank\" rel=\"noopener\">Austria Bio Garantie<\/a><\/li>\n<li><a href=\"https:\/\/www.ecarf.org\/ecarf-siegel-fuer-allergikrefreundliche-produkte-und-services\/\" target=\"_blank\" rel=\"noopener\">Europ\u00e4isches Allergikersiegel<\/a><\/li>\n<li><a href=\"https:\/\/www.vegan-welcome.com\/de\/hotels-entdecken\/hotel\/the-harmonie-vienna-wien.html\" target=\"_blank\" rel=\"noopener\">Vegan Welcome<\/a><\/li>\n<\/ul>\n<h2>Umweltfreundlicher Urlaub in \u00d6sterreich<\/h2>\n<p>Entdecken Sie die <a href=\"https:\/\/www.harmonie-vienna.at\/sehenswuerdigkeiten\/sehenswuerdigkeiten\/\">Sehensw\u00fcrdigkeiten der \u00f6sterreichischen Hauptstadt<\/a> ohne schlechtes Gewissen! Wir garantieren unseren G\u00e4sten eine umweltfreundliche Anreise, weshalb die zentrale Lage in Wien Dreh- und Angelpunkt unseres nachhaltigen Hotelkonzeptes ist. Sowohl vom Westbahnhof (ca. 20 Min) als auch vom Hauptbahnhof (ca. 30 Min) Wiens <a href=\"https:\/\/www.harmonie-vienna.at\/en\/contact\/\">erreichen Sie The Harmonie Vienna<\/a> ganz bequem mit den \u00f6ffentlichen Verkehrsmitteln.<\/p>\n<p>&nbsp;<\/p>\n<p>Sie m\u00f6chten sich auch innerhalb von Wien umweltbewusst fortbewegen? Diese Sehensw\u00fcrdigkeiten erreichen Sie alle in unter einer Stunde fu\u00dfl\u00e4ufig:<\/p>\n<ul>\n<li>Rathausplatz &amp; Ankeruhr (17 Min zu Fu\u00df, 15 Min per Bahn)<\/li>\n<li>Hofburg Wien &amp; Wiener Staatsoper (25-30 Min zu Fu\u00df, 20 Min per Bahn)<\/li>\n<li>Naschmarkt &amp; Karlskirche (35 Min zu Fu\u00df, 25 Min per Bahn)<\/li>\n<li>Prater Wien (39 Min zu Fu\u00df, 20 Min per Bahn)<\/li>\n<li>Hundertwasserhaus (45 Min zu Fu\u00df, 25 Min per Bahn)<\/li>\n<li>Schloss Belverde (55 Min zu Fu\u00df, 25 Min per Bahn)<\/li>\n<\/ul>\n<p>&nbsp;<\/p>\n        <\/div>\n                    <div class=\"wysiwyg-output ml-4\">\n          <h2>Die Wiener K\u00fcnstlerszene nachhaltig f\u00f6rdern<\/h2>\n<p>Wien lebt von seiner kulturellen Vielfalt, weshalb wir uns besonders dar\u00fcber freuen, wenn wir unseren G\u00e4sten die Welt des <a href=\"https:\/\/www.harmonie-vienna.at\/en\/experience\/dance-theatre\/\">Tanzes und Theaters<\/a> n\u00e4herbringen k\u00f6nnen. Unser Boutique Hotel befindet sich in der Harmoniegasse, die auch einst das Harmonie-Theater beheimatete. Lassen Sie sich vom K\u00fcnstlerviertel des alten Wiens verzaubern und unterst\u00fctzen Sie die zahlreichen Kulturinstitutionen.<\/p>\n<p>&nbsp;<\/p>\n<p>Verbinden Sie Ihren Aufenthalt zum Beispiel mit einem Besuch der Wiener Staatsoper oder einem besonderen Musicalerlebnis. Dank zahlreicher Kooperationen bieten wir Ihnen verschiedene Kultur-Packages an. Finden Sie das passende Angebot in unseren <a href=\"https:\/\/www.harmonie-vienna.at\/en\/hotel-in-the-centre-of-vienna\/offers-packages\/\">Harmonie-Specials<\/a>.<\/p>\n<h2><strong>Slow Food<\/strong> <strong>Vienna \u2013<\/strong> <strong>Nachhaltige Hotelkulinarik<\/strong><\/h2>\n<p>The Harmonie Vienna bringt Ihren Genuss und die Natur \u00d6sterreichs in harmonischen Einklang \u2013 besonders beim Fr\u00fchst\u00fcck! Unsere Hotelk\u00fcche zaubert aus regionalen Bio-Produkten und einer gro\u00dfen Auswahl an veganen Speisen ein \u00fcppiges <a href=\"https:\/\/www.harmonie-vienna.at\/en\/hotel-in-the-centre-of-vienna\/food-and-drink\/\">Fr\u00fchst\u00fccksbuffet<\/a>.<\/p>\n<p>&nbsp;<\/p>\n<p>Wir stellen uns selbstverst\u00e4ndlich auch auf Ihre Allergien und Unvertr\u00e4glichkeiten ein. <a href=\"https:\/\/www.harmonie-vienna.at\/en\/contact\/\">Sprechen Sie uns einfach an!<\/a><\/p>\n<h2><strong>Gemeinsam Wohlf\u00fchlen<\/strong><\/h2>\n<p>Unter Nachhaltigkeit verstehen wir nicht nur Umweltschutz, wir m\u00f6chten auch das Gemeinschaftsgef\u00fchl nachhaltig st\u00e4rken. Dank unserer <a href=\"https:\/\/www.harmonie-vienna.at\/en\/hotel-in-the-centre-of-vienna\/food-and-drink\/\">Harmonie Lounge<\/a> f\u00fchlen Sie sich wie im eigenen Wohnzimmer. Tauschen Sie sich bei einer ausgezeichneten Tasse Wiener Kaffee aus oder schm\u00f6kern Sie gemeinsam in unserer hoteleigenen Bibliothek.<\/p>\n<p>&nbsp;<\/p>\n<p>Wir m\u00f6chten zudem, dass sich alle G\u00e4ste bei uns im Harmonie Vienna wohlf\u00fchlen, weshalb wir ein rauchfreies Hotel sind. Auf Wunsch bringen wir Sie auch gerne in einem ECARF-standardisiertem <a href=\"https:\/\/www.harmonie-vienna.at\/en\/hotel-in-the-centre-of-vienna\/rooms-suites\/\">Allergikerzimmer<\/a> unter.<\/p>\n        <\/div>\n          <\/div>\n\n    <div class=\"divider\"><\/div>\n  <\/div>\n\n<\/div>\n\n","protected":false},"excerpt":{"rendered":"","protected":false},"author":11,"featured_media":0,"parent":4106,"menu_order":0,"comment_status":"closed","ping_status":"closed","template":"","meta":{"_acf_changed":false,"footnotes":""},"class_list":["post-4161","page","type-page","status-publish","hentry"],"acf":[],"yoast_head":"<!-- This site is optimized with the Yoast SEO plugin v27.5 - https:\/\/yoast.com\/product\/yoast-seo-wordpress\/ -->\n<title>Sustainable hotel in Vienna | The Harmonie Vienna<\/title>\n<meta name=\"description\" content=\"\u2713 vegan cuisine \u2713 rooms for allergy symptoms \u2713 Eco-Label in our sustainable hotel in Vienna \u25ba Discover The Harmonie Vienna\" \/>\n<meta name=\"robots\" content=\"index, follow, max-snippet:-1, max-image-preview:large, max-video-preview:-1\" \/>\n<link rel=\"canonical\" href=\"https:\/\/www.harmonie-vienna.at\/en\/hotel-in-the-centre-of-vienna\/sustainable-hotel-in-vienna\/\" \/>\n<meta property=\"og:locale\" content=\"en_US\" \/>\n<meta property=\"og:type\" content=\"article\" \/>\n<meta property=\"og:title\" content=\"Sustainable hotel in Vienna | The Harmonie Vienna\" \/>\n<meta property=\"og:description\" content=\"\u2713 vegan cuisine \u2713 rooms for allergy symptoms \u2713 Eco-Label in our sustainable hotel in Vienna \u25ba Discover The Harmonie Vienna\" \/>\n<meta property=\"og:url\" content=\"https:\/\/www.harmonie-vienna.at\/en\/hotel-in-the-centre-of-vienna\/sustainable-hotel-in-vienna\/\" \/>\n<meta property=\"og:site_name\" content=\"Hotel Harmonie\" \/>\n<meta property=\"article:modified_time\" content=\"2024-05-24T09:45:10+00:00\" \/>\n<meta name=\"twitter:card\" content=\"summary_large_image\" \/>\n<!-- \/ Yoast SEO plugin. -->","yoast_head_json":{"title":"Sustainable hotel in Vienna | The Harmonie Vienna","description":"\u2713 vegan cuisine \u2713 rooms for allergy symptoms \u2713 Eco-Label in our sustainable hotel in Vienna \u25ba Discover The Harmonie Vienna","robots":{"index":"index","follow":"follow","max-snippet":"max-snippet:-1","max-image-preview":"max-image-preview:large","max-video-preview":"max-video-preview:-1"},"canonical":"https:\/\/www.harmonie-vienna.at\/en\/hotel-in-the-centre-of-vienna\/sustainable-hotel-in-vienna\/","og_locale":"en_US","og_type":"article","og_title":"Sustainable hotel in Vienna | The Harmonie Vienna","og_description":"\u2713 vegan cuisine \u2713 rooms for allergy symptoms \u2713 Eco-Label in our sustainable hotel in Vienna \u25ba Discover The Harmonie Vienna","og_url":"https:\/\/www.harmonie-vienna.at\/en\/hotel-in-the-centre-of-vienna\/sustainable-hotel-in-vienna\/","og_site_name":"Hotel Harmonie","article_modified_time":"2024-05-24T09:45:10+00:00","twitter_card":"summary_large_image","schema":{"@context":"https:\/\/schema.org","@graph":[{"@type":"WebPage","@id":"https:\/\/www.harmonie-vienna.at\/en\/hotel-in-the-centre-of-vienna\/sustainable-hotel-in-vienna\/","url":"https:\/\/www.harmonie-vienna.at\/en\/hotel-in-the-centre-of-vienna\/sustainable-hotel-in-vienna\/","name":"Sustainable hotel in Vienna | The Harmonie Vienna","isPartOf":{"@id":"https:\/\/www.harmonie-vienna.at\/en\/#website"},"datePublished":"2022-03-13T16:23:42+00:00","dateModified":"2024-05-24T09:45:10+00:00","description":"\u2713 vegan cuisine \u2713 rooms for allergy symptoms \u2713 Eco-Label in our sustainable hotel in Vienna \u25ba Discover The Harmonie Vienna","breadcrumb":{"@id":"https:\/\/www.harmonie-vienna.at\/en\/hotel-in-the-centre-of-vienna\/sustainable-hotel-in-vienna\/#breadcrumb"},"inLanguage":"en-US","potentialAction":[{"@type":"ReadAction","target":["https:\/\/www.harmonie-vienna.at\/en\/hotel-in-the-centre-of-vienna\/sustainable-hotel-in-vienna\/"]}]},{"@type":"BreadcrumbList","@id":"https:\/\/www.harmonie-vienna.at\/en\/hotel-in-the-centre-of-vienna\/sustainable-hotel-in-vienna\/#breadcrumb","itemListElement":[{"@type":"ListItem","position":1,"name":"Startseite","item":"https:\/\/www.harmonie-vienna.at\/en\/"},{"@type":"ListItem","position":2,"name":"The Hotel","item":"https:\/\/www.harmonie-vienna.at\/en\/hotel-in-the-centre-of-vienna\/"},{"@type":"ListItem","position":3,"name":"Sustainable hotel in Vienna"}]},{"@type":"WebSite","@id":"https:\/\/www.harmonie-vienna.at\/en\/#website","url":"https:\/\/www.harmonie-vienna.at\/en\/","name":"Hotel Harmonie","description":"Boutique Hotel in Wien - The Harmonie Vienna","publisher":{"@id":"https:\/\/www.harmonie-vienna.at\/en\/#organization"},"potentialAction":[{"@type":"SearchAction","target":{"@type":"EntryPoint","urlTemplate":"https:\/\/www.harmonie-vienna.at\/en\/?s={search_term_string}"},"query-input":{"@type":"PropertyValueSpecification","valueRequired":true,"valueName":"search_term_string"}}],"inLanguage":"en-US"},{"@type":"Organization","@id":"https:\/\/www.harmonie-vienna.at\/en\/#organization","name":"Hotel Harmonie Vienna","url":"https:\/\/www.harmonie-vienna.at\/en\/","logo":{"@type":"ImageObject","inLanguage":"en-US","@id":"https:\/\/www.harmonie-vienna.at\/en\/#\/schema\/logo\/image\/","url":"https:\/\/www.harmonie-vienna.at\/wp-content\/uploads\/2022\/02\/cropped-cropped-hotel-harmonie-logo.png","contentUrl":"https:\/\/www.harmonie-vienna.at\/wp-content\/uploads\/2022\/02\/cropped-cropped-hotel-harmonie-logo.png","width":321,"height":90,"caption":"Hotel Harmonie Vienna"},"image":{"@id":"https:\/\/www.harmonie-vienna.at\/en\/#\/schema\/logo\/image\/"}}]}},"_links":{"self":[{"href":"https:\/\/www.harmonie-vienna.at\/en\/wp-json\/wp\/v2\/pages\/4161","targetHints":{"allow":["GET"]}}],"collection":[{"href":"https:\/\/www.harmonie-vienna.at\/en\/wp-json\/wp\/v2\/pages"}],"about":[{"href":"https:\/\/www.harmonie-vienna.at\/en\/wp-json\/wp\/v2\/types\/page"}],"author":[{"embeddable":true,"href":"https:\/\/www.harmonie-vienna.at\/en\/wp-json\/wp\/v2\/users\/11"}],"replies":[{"embeddable":true,"href":"https:\/\/www.harmonie-vienna.at\/en\/wp-json\/wp\/v2\/comments?post=4161"}],"version-history":[{"count":22,"href":"https:\/\/www.harmonie-vienna.at\/en\/wp-json\/wp\/v2\/pages\/4161\/revisions"}],"predecessor-version":[{"id":7415,"href":"https:\/\/www.harmonie-vienna.at\/en\/wp-json\/wp\/v2\/pages\/4161\/revisions\/7415"}],"up":[{"embeddable":true,"href":"https:\/\/www.harmonie-vienna.at\/en\/wp-json\/wp\/v2\/pages\/4106"}],"wp:attachment":[{"href":"https:\/\/www.harmonie-vienna.at\/en\/wp-json\/wp\/v2\/media?parent=4161"}],"curies":[{"name":"wp","href":"https:\/\/api.w.org\/{rel}","templated":true}]}}