{"id":4279,"date":"2022-03-14T23:29:15","date_gmt":"2022-03-14T22:29:15","guid":{"rendered":"https:\/\/www.harmonie-vienna.at\/contact\/"},"modified":"2024-05-24T11:43:06","modified_gmt":"2024-05-24T09:43:06","slug":"contact","status":"publish","type":"page","link":"https:\/\/www.harmonie-vienna.at\/en\/contact\/","title":{"rendered":"Contact"},"content":{"rendered":"\n\n<div class=\"page-intro  \">\n\n  <div \n    role=\"img\"\n    aria-label=\"\"\n    class=\"page-intro__image\" \n    style=\"background-image: url('https:\/\/www.harmonie-vienna.at\/wp-content\/uploads\/2022\/02\/MG_1941-4.png');\"\n  >\n  <\/div>\n\n      <div class=\"page-intro__content \">\n  \n    <div class=\"frame\">\n              <span class=\"subline\">Contact &amp; Arrival<\/span>\n      \n              <h1 class=\"headline\">Wonderfully located: In the heart of the charming Servitenviertel, close to the city center.<\/h1>\n      \n              <div class=\"wysiwyg-output\"><h2>Contact<\/h2>\n<ul>\n<li>Harmoniegasse 5-7, 1090 Wien<\/li>\n<li>Tel: +43 1 3176604<\/li>\n<li>Fax: +43 1 3176604-55<\/li>\n<li><a href=\"mailto:welcome@harmonie-vienna.at\"><span class=\"highlightedLayerContent\" data-color-group=\"turquoise\">welcome@harmonie-vienna.at<\/span><\/a><\/li>\n<\/ul>\n<h2>Arrival<\/h2>\n<h3>by public transport<\/h3>\n<p>Starting from Vienna central station (<strong>Hauptbahnhof<\/strong>): take tram line D (direction Nu\u00dfdorf) to Bauernfeldplatz (approx. 15 min). Turn left into Liechtensteinstra\u00dfe and take the first right into Harmoniegasse.<\/p>\n<p>&nbsp;<\/p>\n<p>From <strong>Westbahnhof<\/strong>: take the underground U3 to Volkstheater, please look for the exit in the direction of tram line D. Walk along Bellariastra\u00dfe for a bit and then take tram line D (direction Nu\u00dfdorf) to Bauernfeldplatz. Turn left into Liechtensteinstra\u00dfe &#8211; the first cross street is Harmoniegasse.<\/p>\n<h3>by plane<\/h3>\n<p>The easiest way to get from the airport to our hotel is by taxi, which our reception will be happy to call for you. The price varies depending on the number of passengers but should be around 50 euros. The journey takes about half an hour, subject to traffic conditions. The journey takes about half an hour, subject to traffic conditions. The airport is approximately 20 km away.<br \/>\nYou can also travel by public transport from the airport to Harmonie Vienna by taking the CAT train to Landstra\u00dfe Wien-Mitte. From there please take the U4 to Ro\u00dfauer L\u00e4nde. Follow Gr\u00fcnentorgasse to Bauernfeldplatz. Turn left into Liechtensteinstra\u00dfe and take first to the left into Harmoniegasse. There is also an express train from the airport to Praterstern. From there, please take the U2 to Schottentor and then bus 40A to Bauernfeldplatz. Turn left into Liechtensteinstra\u00dfe and take first to the left into Harmoniegasse.<\/p>\n<h3>by car<\/h3>\n<p><strong>Arrival via A2 S\u00fcdautobahn:<\/strong><\/p>\n<ul>\n<li>Take: B1 \/ Wiener-Bundesstra\u00dfe<\/li>\n<li>Turn left: onto Margareteng\u00fcrtel<\/li>\n<li>Take: Linke Wienzeile<\/li>\n<li>Turn right: Wiener G\u00fcrtel-Bundesstra\u00dfe<\/li>\n<li>Turn right: Fuchsthallergasse<\/li>\n<li>Take: Alserbachstra\u00dfe<\/li>\n<li>Turn right: Liechtensteinstra\u00dfe<\/li>\n<li>Turn right: Harmoniegasse<\/li>\n<\/ul>\n<p><strong>Anreise \u00fcber die A4 Ostautobahn<\/strong><\/p>\n<ul>\n<li>Take: B227 \/ Donaukanal-Bundesstra\u00dfe<\/li>\n<li>Turn left: Rembrandtstra\u00dfe<\/li>\n<li>Take: T\u00fcrkenstra\u00dfe<\/li>\n<li>Take: Schlickplatz<\/li>\n<li>Take: H\u00f6rlgasse<\/li>\n<li>Turn right: Liechtensteinstra\u00dfe<\/li>\n<li>Turn right: Harmoniegasse<\/li>\n<\/ul>\n<p>Subject to availability, we can offer you a parking space in the garage at Bauernfeldplatz for \u20ac 21 per day.<\/p>\n<h3>Distances<\/h3>\n<ul>\n<li>1.0 km to the University of Vienna (<a href=\"https:\/\/www.google.at\/maps?saddr=Harmoniegasse+5-7,+Wien&amp;daddr=Universit%C3%A4t+Wien,+Universit%C3%A4tsring,+Wien&amp;hl=de&amp;ie=UTF8&amp;sll=48.215442,16.3616&amp;sspn=0.015871,0.039396&amp;geocode=FfzG3wIdiaH5ACmhRDRUuAdtRzHK1AmB9kCXEw;FYms3wId8aL5ACHE83MvQ2X21ynd2dPrvQdtRzHE83MvQ2X21w&amp;oq=Universit%C3%A4t+Wien&amp;dirflg=w&amp;mra=ltm&amp;t=m&amp;z=16\">route<\/a>)<\/li>\n<li>1.8 km to Stephansplatz, Innere Stadt (<a href=\"https:\/\/www.google.at\/maps?saddr=Harmoniegasse+5-7,+Wien&amp;daddr=Stephansplatz,+Wien&amp;hl=de&amp;sll=48.216454,16.361063&amp;sspn=0.007935,0.019698&amp;geocode=FfzG3wIdiaH5ACmhRDRUuAdtRzHK1AmB9kCXEw;FSKb3wIdL9L5ACkJ1y03nwdtRzGZPSl0Mmc1ww&amp;oq=stephan&amp;dirflg=w&amp;mra=ls&amp;t=m&amp;z=15\">route<\/a>)<\/li>\n<\/ul>\n<p>&nbsp;<\/p>\n<\/div>\n      \n          <\/div>\n  <\/div>\n<\/div>\n<div class=\"container mx-auto px-4 py-16 md:py-24 \">\n\n\n  <div class=\"acf-map\" data-zoom=\"14\">\n    <div \n      class=\"marker\" \n      data-lat=\"48.2199333\" \n      data-lng=\"16.3597747\"\n    >\n      <p class=\"address\">Harmoniegasse 5-7, 1090 Wien, \u00d6sterreich<\/p>\n      <a \n      href=\"https:\/\/www.google.com\/maps\/dir\/\/The+Harmonie+Vienna,+Harmoniegasse,+Wien\/@48.2198868,16.3246504,13z\/data=!3m1!4b1!4m9!4m8!1m0!1m5!1m1!1s0x476d07b8543444a1:0xfde1d7c14446ef88!2m2!1d16.3597555!2d48.2198921!3e3\" \n      class=\"underline\"\n      target=\"_blank\"\n      >\n        Route ansehen\n      <\/a>\n    <\/div>\n  <\/div>\n\n\n<\/div>","protected":false},"excerpt":{"rendered":"","protected":false},"author":1,"featured_media":0,"parent":0,"menu_order":0,"comment_status":"closed","ping_status":"closed","template":"","meta":{"_acf_changed":false,"footnotes":""},"class_list":["post-4279","page","type-page","status-publish","hentry"],"acf":[],"yoast_head":"<!-- This site is optimized with the Yoast SEO plugin v27.5 - https:\/\/yoast.com\/product\/yoast-seo-wordpress\/ -->\n<title>Contact | The Harmonie Vienna<\/title>\n<meta name=\"description\" content=\"Arrive safely &amp; comfortably at The Harmonie Vienna \u27a4 in the heart of the charming Servitenviertel district not far from the Inner City of Vienna\" \/>\n<meta name=\"robots\" content=\"index, follow, max-snippet:-1, max-image-preview:large, max-video-preview:-1\" \/>\n<link rel=\"canonical\" href=\"https:\/\/www.harmonie-vienna.at\/en\/contact\/\" \/>\n<meta property=\"og:locale\" content=\"en_US\" \/>\n<meta property=\"og:type\" content=\"article\" \/>\n<meta property=\"og:title\" content=\"Contact | The Harmonie Vienna\" \/>\n<meta property=\"og:description\" content=\"Arrive safely &amp; comfortably at The Harmonie Vienna \u27a4 in the heart of the charming Servitenviertel district not far from the Inner City of Vienna\" \/>\n<meta property=\"og:url\" content=\"https:\/\/www.harmonie-vienna.at\/en\/contact\/\" \/>\n<meta property=\"og:site_name\" content=\"Hotel Harmonie\" \/>\n<meta property=\"article:modified_time\" content=\"2024-05-24T09:43:06+00:00\" \/>\n<meta name=\"twitter:card\" content=\"summary_large_image\" \/>\n<!-- \/ Yoast SEO plugin. -->","yoast_head_json":{"title":"Contact | The Harmonie Vienna","description":"Arrive safely & comfortably at The Harmonie Vienna \u27a4 in the heart of the charming Servitenviertel district not far from the Inner City of Vienna","robots":{"index":"index","follow":"follow","max-snippet":"max-snippet:-1","max-image-preview":"max-image-preview:large","max-video-preview":"max-video-preview:-1"},"canonical":"https:\/\/www.harmonie-vienna.at\/en\/contact\/","og_locale":"en_US","og_type":"article","og_title":"Contact | The Harmonie Vienna","og_description":"Arrive safely & comfortably at The Harmonie Vienna \u27a4 in the heart of the charming Servitenviertel district not far from the Inner City of Vienna","og_url":"https:\/\/www.harmonie-vienna.at\/en\/contact\/","og_site_name":"Hotel Harmonie","article_modified_time":"2024-05-24T09:43:06+00:00","twitter_card":"summary_large_image","schema":{"@context":"https:\/\/schema.org","@graph":[{"@type":"WebPage","@id":"https:\/\/www.harmonie-vienna.at\/en\/contact\/","url":"https:\/\/www.harmonie-vienna.at\/en\/contact\/","name":"Contact | The Harmonie Vienna","isPartOf":{"@id":"https:\/\/www.harmonie-vienna.at\/en\/#website"},"datePublished":"2022-03-14T22:29:15+00:00","dateModified":"2024-05-24T09:43:06+00:00","description":"Arrive safely & comfortably at The Harmonie Vienna \u27a4 in the heart of the charming Servitenviertel district not far from the Inner City of Vienna","breadcrumb":{"@id":"https:\/\/www.harmonie-vienna.at\/en\/contact\/#breadcrumb"},"inLanguage":"en-US","potentialAction":[{"@type":"ReadAction","target":["https:\/\/www.harmonie-vienna.at\/en\/contact\/"]}]},{"@type":"BreadcrumbList","@id":"https:\/\/www.harmonie-vienna.at\/en\/contact\/#breadcrumb","itemListElement":[{"@type":"ListItem","position":1,"name":"Startseite","item":"https:\/\/www.harmonie-vienna.at\/en\/"},{"@type":"ListItem","position":2,"name":"Contact"}]},{"@type":"WebSite","@id":"https:\/\/www.harmonie-vienna.at\/en\/#website","url":"https:\/\/www.harmonie-vienna.at\/en\/","name":"Hotel Harmonie","description":"Boutique Hotel in Wien - The Harmonie Vienna","publisher":{"@id":"https:\/\/www.harmonie-vienna.at\/en\/#organization"},"potentialAction":[{"@type":"SearchAction","target":{"@type":"EntryPoint","urlTemplate":"https:\/\/www.harmonie-vienna.at\/en\/?s={search_term_string}"},"query-input":{"@type":"PropertyValueSpecification","valueRequired":true,"valueName":"search_term_string"}}],"inLanguage":"en-US"},{"@type":"Organization","@id":"https:\/\/www.harmonie-vienna.at\/en\/#organization","name":"Hotel Harmonie Vienna","url":"https:\/\/www.harmonie-vienna.at\/en\/","logo":{"@type":"ImageObject","inLanguage":"en-US","@id":"https:\/\/www.harmonie-vienna.at\/en\/#\/schema\/logo\/image\/","url":"https:\/\/www.harmonie-vienna.at\/wp-content\/uploads\/2022\/02\/cropped-cropped-hotel-harmonie-logo.png","contentUrl":"https:\/\/www.harmonie-vienna.at\/wp-content\/uploads\/2022\/02\/cropped-cropped-hotel-harmonie-logo.png","width":321,"height":90,"caption":"Hotel Harmonie Vienna"},"image":{"@id":"https:\/\/www.harmonie-vienna.at\/en\/#\/schema\/logo\/image\/"}}]}},"_links":{"self":[{"href":"https:\/\/www.harmonie-vienna.at\/en\/wp-json\/wp\/v2\/pages\/4279","targetHints":{"allow":["GET"]}}],"collection":[{"href":"https:\/\/www.harmonie-vienna.at\/en\/wp-json\/wp\/v2\/pages"}],"about":[{"href":"https:\/\/www.harmonie-vienna.at\/en\/wp-json\/wp\/v2\/types\/page"}],"author":[{"embeddable":true,"href":"https:\/\/www.harmonie-vienna.at\/en\/wp-json\/wp\/v2\/users\/1"}],"replies":[{"embeddable":true,"href":"https:\/\/www.harmonie-vienna.at\/en\/wp-json\/wp\/v2\/comments?post=4279"}],"version-history":[{"count":1,"href":"https:\/\/www.harmonie-vienna.at\/en\/wp-json\/wp\/v2\/pages\/4279\/revisions"}],"predecessor-version":[{"id":4280,"href":"https:\/\/www.harmonie-vienna.at\/en\/wp-json\/wp\/v2\/pages\/4279\/revisions\/4280"}],"wp:attachment":[{"href":"https:\/\/www.harmonie-vienna.at\/en\/wp-json\/wp\/v2\/media?parent=4279"}],"curies":[{"name":"wp","href":"https:\/\/api.w.org\/{rel}","templated":true}]}}