{"id":7487,"date":"2022-03-02T17:04:30","date_gmt":"2022-03-02T16:04:30","guid":{"rendered":"https:\/\/www.harmonie-vienna.at\/albergo-vienna-centre\/offerte-e-pacchetti\/"},"modified":"2025-11-20T20:02:07","modified_gmt":"2025-11-20T19:02:07","slug":"offerte-e-pacchetti","status":"publish","type":"page","link":"https:\/\/www.harmonie-vienna.at\/it\/albergo-vienna-centro\/offerte-e-pacchetti\/","title":{"rendered":"Offerte e pacchetti"},"content":{"rendered":"\n\n<div class=\"page-intro  \">\n\n  <div \n    role=\"img\"\n    aria-label=\"\"\n    class=\"page-intro__image\" \n    style=\"background-image: url('https:\/\/www.harmonie-vienna.at\/wp-content\/uploads\/2022\/03\/Harmonie_005_web.jpg');\"\n  >\n  <\/div>\n\n      <div class=\"page-intro__content page-intro__content--align-center  \">\n  \n    <div class=\"frame\">\n              <span class=\"subline\">Offers and packages<\/span>\n      \n              <h1 class=\"headline\">Our Harmony Specials for your trip to Vienna<\/h1>\n      \n              <div class=\"wysiwyg-output\"><p>C&#8217;\u00e8 un&#8217;occasione speciale per la quale Vi state recando nella nostra bella citt\u00e0? Forse una fuga romantica per due o un accogliente weekend con gli amici? Qualunque cosa sia, Vienna ha molte sfaccettature! Qui troverete i nostri pacchetti per il Vostro soggiorno &#8211; alcuni includono anche i servizi dei nostri partner, ad esempio i biglietti per il Balletto di Stato alle condizioni Harmonie.   <\/p>\n<p>&nbsp;<\/p>\n<p><strong>Vi auguriamo un soggiorno unico a Vienna!<\/strong><\/p>\n<\/div>\n      \n          <\/div>\n  <\/div>\n<\/div>\n\n\n<div class=\"offer-and-packages-preview light\">\n  <div class=\"container mx-auto\">\n    <div class=\"offer-and-packages-preview__intro\">\n      \n      \n          <\/div>\n\n          <ul class=\"offer-and-packages-preview__loop\" aria-label=\"\">\n    \n                                  <li>\n                          <a href=\"https:\/\/www.harmonie-vienna.at\/it\/angebote\/package-wiener-staatsballett\/\" class=\"offer-and-packages-preview__link\">\n                                          <div class=\"overflow-hidden block\">\n                  <div class=\"preview-image\">\n                    <img decoding=\"async\" width=\"880\" height=\"429\" src=\"https:\/\/www.harmonie-vienna.at\/wp-content\/uploads\/2022\/03\/50739-kleiner.jpg\" class=\"attachment-offer-image size-offer-image wp-post-image\" alt=\"\" \/>                  <\/div>\n                <\/div>\n                            <h2 class=\"subline\">\n                <span class=\"frame\">\n                  Staatsoper &#038; Staatsballett: Ihr Wien Highlight                  <span class=\"price\">Ab 250\u20ac<\/span>\n                <\/span>\n              <\/h2>\n            <\/a>\n          <\/li>\n\n                            <li>\n                          <a href=\"https:\/\/www.harmonie-vienna.at\/it\/angebote\/burgtheater\/\" class=\"offer-and-packages-preview__link\">\n                                          <div class=\"overflow-hidden block\">\n                  <div class=\"preview-image\">\n                    <img decoding=\"async\" width=\"830\" height=\"560\" src=\"https:\/\/www.harmonie-vienna.at\/wp-content\/uploads\/2023\/08\/40760-830x560.jpg\" class=\"attachment-offer-image size-offer-image wp-post-image\" alt=\"\" srcset=\"https:\/\/www.harmonie-vienna.at\/wp-content\/uploads\/2023\/08\/40760-830x560.jpg 830w, https:\/\/www.harmonie-vienna.at\/wp-content\/uploads\/2023\/08\/40760-820x553.jpg 820w, https:\/\/www.harmonie-vienna.at\/wp-content\/uploads\/2023\/08\/40760-300x202.jpg 300w, https:\/\/www.harmonie-vienna.at\/wp-content\/uploads\/2023\/08\/40760-768x518.jpg 768w, https:\/\/www.harmonie-vienna.at\/wp-content\/uploads\/2023\/08\/40760-1024x691.jpg 1024w, https:\/\/www.harmonie-vienna.at\/wp-content\/uploads\/2023\/08\/40760-1536x1036.jpg 1536w, https:\/\/www.harmonie-vienna.at\/wp-content\/uploads\/2023\/08\/40760-2048x1382.jpg 2048w, https:\/\/www.harmonie-vienna.at\/wp-content\/uploads\/2023\/08\/40760-400x270.jpg 400w\" sizes=\"(max-width: 830px) 100vw, 830px\" \/>                  <\/div>\n                <\/div>\n                            <h2 class=\"subline\">\n                <span class=\"frame\">\n                  Burgtheater &#8211; der Klassiker unter den Theaterb\u00fchnen                  <span class=\"price\">Ab 200\u20ac<\/span>\n                <\/span>\n              <\/h2>\n            <\/a>\n          <\/li>\n\n                            <li>\n                          <a href=\"https:\/\/www.harmonie-vienna.at\/it\/angebote\/volksoper\/\" class=\"offer-and-packages-preview__link\">\n                                          <div class=\"overflow-hidden block\">\n                  <div class=\"preview-image\">\n                    <img decoding=\"async\" width=\"840\" height=\"560\" src=\"https:\/\/www.harmonie-vienna.at\/wp-content\/uploads\/2023\/08\/Volksoper-1-840x560.jpg\" class=\"attachment-offer-image size-offer-image wp-post-image\" alt=\"\" srcset=\"https:\/\/www.harmonie-vienna.at\/wp-content\/uploads\/2023\/08\/Volksoper-1-840x560.jpg 840w, https:\/\/www.harmonie-vienna.at\/wp-content\/uploads\/2023\/08\/Volksoper-1-2048x1365.jpg 2048w, https:\/\/www.harmonie-vienna.at\/wp-content\/uploads\/2023\/08\/Volksoper-1-820x547.jpg 820w, https:\/\/www.harmonie-vienna.at\/wp-content\/uploads\/2023\/08\/Volksoper-1-300x200.jpg 300w, https:\/\/www.harmonie-vienna.at\/wp-content\/uploads\/2023\/08\/Volksoper-1-768x512.jpg 768w, https:\/\/www.harmonie-vienna.at\/wp-content\/uploads\/2023\/08\/Volksoper-1-1024x683.jpg 1024w, https:\/\/www.harmonie-vienna.at\/wp-content\/uploads\/2023\/08\/Volksoper-1-1536x1024.jpg 1536w, https:\/\/www.harmonie-vienna.at\/wp-content\/uploads\/2023\/08\/Volksoper-1-400x267.jpg 400w\" sizes=\"(max-width: 840px) 100vw, 840px\" \/>                  <\/div>\n                <\/div>\n                            <h2 class=\"subline\">\n                <span class=\"frame\">\n                  Volksoper Wien: Unvergessliche Inszenierungen                  <span class=\"price\">Ab 200\u20ac<\/span>\n                <\/span>\n              <\/h2>\n            <\/a>\n          <\/li>\n\n                            <li>\n                          <a href=\"https:\/\/www.harmonie-vienna.at\/it\/angebote\/museumserlebnis\/\" class=\"offer-and-packages-preview__link\">\n                                          <div class=\"overflow-hidden block\">\n                  <div class=\"preview-image\">\n                    <img decoding=\"async\" width=\"840\" height=\"560\" src=\"https:\/\/www.harmonie-vienna.at\/wp-content\/uploads\/2023\/02\/KHM_klein-840x560.jpg\" class=\"attachment-offer-image size-offer-image wp-post-image\" alt=\"\" srcset=\"https:\/\/www.harmonie-vienna.at\/wp-content\/uploads\/2023\/02\/KHM_klein-840x560.jpg 840w, https:\/\/www.harmonie-vienna.at\/wp-content\/uploads\/2023\/02\/KHM_klein-820x547.jpg 820w, https:\/\/www.harmonie-vienna.at\/wp-content\/uploads\/2023\/02\/KHM_klein-300x200.jpg 300w, https:\/\/www.harmonie-vienna.at\/wp-content\/uploads\/2023\/02\/KHM_klein-768x512.jpg 768w, https:\/\/www.harmonie-vienna.at\/wp-content\/uploads\/2023\/02\/KHM_klein-1024x683.jpg 1024w, https:\/\/www.harmonie-vienna.at\/wp-content\/uploads\/2023\/02\/KHM_klein-1536x1025.jpg 1536w, https:\/\/www.harmonie-vienna.at\/wp-content\/uploads\/2023\/02\/KHM_klein-400x267.jpg 400w\" sizes=\"(max-width: 840px) 100vw, 840px\" \/>                  <\/div>\n                <\/div>\n                            <h2 class=\"subline\">\n                <span class=\"frame\">\n                  Geschichte &#038; Kunst verbunden: Ihr Museumserlebnis                  <span class=\"price\">Ab 185\u20ac<\/span>\n                <\/span>\n              <\/h2>\n            <\/a>\n          <\/li>\n\n                            <li>\n                          <a href=\"https:\/\/www.harmonie-vienna.at\/it\/angebote\/package-musicalbesuch\/\" class=\"offer-and-packages-preview__link\">\n                                          <div class=\"overflow-hidden block\">\n                  <div class=\"preview-image\">\n                    <img decoding=\"async\" width=\"789\" height=\"560\" src=\"https:\/\/www.harmonie-vienna.at\/wp-content\/uploads\/2024\/05\/DAS-PHANTOM-DER-OPER_Lisanne-Clemence-VeenemanChristine-Daae_Anton-ZetterholmDas-Phantom_1_\u00a9VBW_Deen_van_Meer-789x560.jpg\" class=\"attachment-offer-image size-offer-image wp-post-image\" alt=\"\" srcset=\"https:\/\/www.harmonie-vienna.at\/wp-content\/uploads\/2024\/05\/DAS-PHANTOM-DER-OPER_Lisanne-Clemence-VeenemanChristine-Daae_Anton-ZetterholmDas-Phantom_1_\u00a9VBW_Deen_van_Meer-789x560.jpg 789w, https:\/\/www.harmonie-vienna.at\/wp-content\/uploads\/2024\/05\/DAS-PHANTOM-DER-OPER_Lisanne-Clemence-VeenemanChristine-Daae_Anton-ZetterholmDas-Phantom_1_\u00a9VBW_Deen_van_Meer-2048x1453.jpg 2048w, https:\/\/www.harmonie-vienna.at\/wp-content\/uploads\/2024\/05\/DAS-PHANTOM-DER-OPER_Lisanne-Clemence-VeenemanChristine-Daae_Anton-ZetterholmDas-Phantom_1_\u00a9VBW_Deen_van_Meer-820x582.jpg 820w, https:\/\/www.harmonie-vienna.at\/wp-content\/uploads\/2024\/05\/DAS-PHANTOM-DER-OPER_Lisanne-Clemence-VeenemanChristine-Daae_Anton-ZetterholmDas-Phantom_1_\u00a9VBW_Deen_van_Meer-300x213.jpg 300w, https:\/\/www.harmonie-vienna.at\/wp-content\/uploads\/2024\/05\/DAS-PHANTOM-DER-OPER_Lisanne-Clemence-VeenemanChristine-Daae_Anton-ZetterholmDas-Phantom_1_\u00a9VBW_Deen_van_Meer-768x545.jpg 768w, https:\/\/www.harmonie-vienna.at\/wp-content\/uploads\/2024\/05\/DAS-PHANTOM-DER-OPER_Lisanne-Clemence-VeenemanChristine-Daae_Anton-ZetterholmDas-Phantom_1_\u00a9VBW_Deen_van_Meer-1024x727.jpg 1024w, https:\/\/www.harmonie-vienna.at\/wp-content\/uploads\/2024\/05\/DAS-PHANTOM-DER-OPER_Lisanne-Clemence-VeenemanChristine-Daae_Anton-ZetterholmDas-Phantom_1_\u00a9VBW_Deen_van_Meer-1536x1090.jpg 1536w, https:\/\/www.harmonie-vienna.at\/wp-content\/uploads\/2024\/05\/DAS-PHANTOM-DER-OPER_Lisanne-Clemence-VeenemanChristine-Daae_Anton-ZetterholmDas-Phantom_1_\u00a9VBW_Deen_van_Meer-400x284.jpg 400w\" sizes=\"(max-width: 789px) 100vw, 789px\" \/>                  <\/div>\n                <\/div>\n                            <h2 class=\"subline\">\n                <span class=\"frame\">\n                  Die Bretter, die die Welt bedeuten: Musical in Wien                  <span class=\"price\">Ab 250\u20ac<\/span>\n                <\/span>\n              <\/h2>\n            <\/a>\n          <\/li>\n\n                            <li>\n                          <a href=\"https:\/\/www.harmonie-vienna.at\/it\/angebote\/wiener-sangerknaben\/\" class=\"offer-and-packages-preview__link\">\n                                          <div class=\"overflow-hidden block\">\n                  <div class=\"preview-image\">\n                    <img decoding=\"async\" width=\"838\" height=\"560\" src=\"https:\/\/www.harmonie-vienna.at\/wp-content\/uploads\/2023\/08\/41178-838x560.jpg\" class=\"attachment-offer-image size-offer-image wp-post-image\" alt=\"\" srcset=\"https:\/\/www.harmonie-vienna.at\/wp-content\/uploads\/2023\/08\/41178-838x560.jpg 838w, https:\/\/www.harmonie-vienna.at\/wp-content\/uploads\/2023\/08\/41178-820x548.jpg 820w, https:\/\/www.harmonie-vienna.at\/wp-content\/uploads\/2023\/08\/41178-300x200.jpg 300w, https:\/\/www.harmonie-vienna.at\/wp-content\/uploads\/2023\/08\/41178-768x513.jpg 768w, https:\/\/www.harmonie-vienna.at\/wp-content\/uploads\/2023\/08\/41178-1024x684.jpg 1024w, https:\/\/www.harmonie-vienna.at\/wp-content\/uploads\/2023\/08\/41178-1536x1026.jpg 1536w, https:\/\/www.harmonie-vienna.at\/wp-content\/uploads\/2023\/08\/41178-2048x1368.jpg 2048w, https:\/\/www.harmonie-vienna.at\/wp-content\/uploads\/2023\/08\/41178-400x267.jpg 400w\" sizes=\"(max-width: 838px) 100vw, 838px\" \/>                  <\/div>\n                <\/div>\n                            <h2 class=\"subline\">\n                <span class=\"frame\">\n                  Die Wiener S\u00e4ngerknaben &#8211; die Kleinen ganz Gro\u00df                  <span class=\"price\">Ab 200\u20ac<\/span>\n                <\/span>\n              <\/h2>\n            <\/a>\n          <\/li>\n\n                            <li>\n                          <a href=\"https:\/\/www.harmonie-vienna.at\/it\/angebote\/stay-a-little-longer\/\" class=\"offer-and-packages-preview__link\">\n                                          <div class=\"overflow-hidden block\">\n                  <div class=\"preview-image\">\n                    <img decoding=\"async\" width=\"839\" height=\"560\" src=\"https:\/\/www.harmonie-vienna.at\/wp-content\/uploads\/2022\/03\/Harmonie_Zi_211_3_web-839x560.jpg\" class=\"attachment-offer-image size-offer-image wp-post-image\" alt=\"Doppelbett im Hotel Wien Zentrum mit roter Tagesdecke und rotem Kunstwerk\" srcset=\"https:\/\/www.harmonie-vienna.at\/wp-content\/uploads\/2022\/03\/Harmonie_Zi_211_3_web-839x560.jpg 839w, https:\/\/www.harmonie-vienna.at\/wp-content\/uploads\/2022\/03\/Harmonie_Zi_211_3_web-820x547.jpg 820w, https:\/\/www.harmonie-vienna.at\/wp-content\/uploads\/2022\/03\/Harmonie_Zi_211_3_web-300x200.jpg 300w, https:\/\/www.harmonie-vienna.at\/wp-content\/uploads\/2022\/03\/Harmonie_Zi_211_3_web-768x512.jpg 768w, https:\/\/www.harmonie-vienna.at\/wp-content\/uploads\/2022\/03\/Harmonie_Zi_211_3_web-1024x683.jpg 1024w, https:\/\/www.harmonie-vienna.at\/wp-content\/uploads\/2022\/03\/Harmonie_Zi_211_3_web-400x267.jpg 400w, https:\/\/www.harmonie-vienna.at\/wp-content\/uploads\/2022\/03\/Harmonie_Zi_211_3_web.jpg 1382w\" sizes=\"(max-width: 839px) 100vw, 839px\" \/>                  <\/div>\n                <\/div>\n                            <h2 class=\"subline\">\n                <span class=\"frame\">\n                  Stay a little longer: ab 3 N\u00e4chten                  <span class=\"price\">Ab 195 \u20ac<\/span>\n                <\/span>\n              <\/h2>\n            <\/a>\n          <\/li>\n\n                            <li>\n                          <a href=\"https:\/\/www.harmonie-vienna.at\/it\/angebote\/gutscheine\/\" class=\"offer-and-packages-preview__link\">\n                                          <div class=\"overflow-hidden block\">\n                  <div class=\"preview-image\">\n                    <img decoding=\"async\" width=\"840\" height=\"560\" src=\"https:\/\/www.harmonie-vienna.at\/wp-content\/uploads\/2022\/03\/voucher-harmonie-vienna-1-840x560.webp\" class=\"attachment-offer-image size-offer-image wp-post-image\" alt=\"\" srcset=\"https:\/\/www.harmonie-vienna.at\/wp-content\/uploads\/2022\/03\/voucher-harmonie-vienna-1-840x560.webp 840w, https:\/\/www.harmonie-vienna.at\/wp-content\/uploads\/2022\/03\/voucher-harmonie-vienna-1-820x547.webp 820w, https:\/\/www.harmonie-vienna.at\/wp-content\/uploads\/2022\/03\/voucher-harmonie-vienna-1-300x200.webp 300w, https:\/\/www.harmonie-vienna.at\/wp-content\/uploads\/2022\/03\/voucher-harmonie-vienna-1-768x512.webp 768w, https:\/\/www.harmonie-vienna.at\/wp-content\/uploads\/2022\/03\/voucher-harmonie-vienna-1-1024x683.webp 1024w, https:\/\/www.harmonie-vienna.at\/wp-content\/uploads\/2022\/03\/voucher-harmonie-vienna-1-1536x1024.webp 1536w, https:\/\/www.harmonie-vienna.at\/wp-content\/uploads\/2022\/03\/voucher-harmonie-vienna-1-400x267.webp 400w, https:\/\/www.harmonie-vienna.at\/wp-content\/uploads\/2022\/03\/voucher-harmonie-vienna-1.webp 1920w\" sizes=\"(max-width: 840px) 100vw, 840px\" \/>                  <\/div>\n                <\/div>\n                            <h2 class=\"subline\">\n                <span class=\"frame\">\n                  Hotelgutscheine f\u00fcr Ihren Aufenthalt in The Harmonie Wien                  <span class=\"price\"><\/span>\n                <\/span>\n              <\/h2>\n            <\/a>\n          <\/li>\n\n                  <\/ul>\n\n     \n\n  <\/div>\n<\/div>\n\n\n<div class=\"py-4 md:py-24 \">\n  \n  <div class=\"container mx-auto\">\n    <div class=\"divider\"><\/div>\n\n    <div class=\"grid grid-cols-1 md:grid-cols-2\">\n              <div class=\"wysiwyg-output mr-4\">\n          <h2>Le migliori offerte per il Vostro soggiorno a Vienna<\/h2>\n<p>Musei ed eventi culturali, dal balletto al musical: a Vienna c&#8217;\u00e8 sempre qualcosa di nuovo da sperimentare. Con le nostre offerte potrete combinare la Vostra visita all&#8217;Hotel The Harmonie Vienna con un intrattenimento raffinato e con le attrazioni del mondo artistico. Vi portiamo alla scoperta delle migliori attrazioni della capitale austriaca.<\/p>\n<h2>Visitare un museo a Vienna: le offerte del nostro hotel<\/h2>\n<p>Vienna \u00e8 l<em><i>a citt\u00e0 <\/i><\/em> ideale per visitare un museo. Il Kunsthistorisches Museum \u00e8 uno dei musei pi\u00f9 visitati e famosi al mondo. Nel cosiddetto &#8220;Louvre di Vienna&#8221; si possono ammirare sarcofagi egiziani, antichi ritratti di imperatori e dipinti d&#8217;arte del Medioevo, del Rinascimento e del Barocco. Approfittate della nostra <a href=\"https:\/\/www.harmonie-vienna.at\/angebote\/museumserlebnis-baselitz\/\">offerta museale<\/a> al Kunsthistorisches Museum.<\/p>\n<p>&nbsp;<\/p>\n<p>Per un&#8217;esperienza museale un po&#8217; diversa, visitate il Sigmund Freud Museum nella Berggasse 19, a pochi minuti dall&#8217;hotel. Esplorate l&#8217;ex appartamento dello psicoanalista con la nostra <a href=\"https:\/\/www.harmonie-vienna.at\/en\/angebote\/museum-experience-baselitz\/\">offerta <\/a> per la vostra prossima visita a Vienna. \u00c8 inoltre possibile visitare altri innumerevoli musei, come il MuseumsQuartier con il Leopold Museum, il Mumok e la Kunsthalle. Scoprite di pi\u00f9 sui <a href=\"https:\/\/www.harmonie-vienna.at\/kultur\/museen-wien\/\">musei Viennesi<\/a>.<\/p>\n<h2>L&#8217;hotel per la prima notte di nozze a Vienna<\/h2>\n<p>Un <a href=\"https:\/\/www.harmonie-vienna.at\/veranstaltungen\/heiraten-in-wien\/\">matrimonio a Vienna<\/a> \u00e8 un sogno che si realizza per molti sposi. Castelli e giardini da favola offrono uno scenario impareggiabile. Quasi nessun&#8217;altra citt\u00e0 emana cos\u00ec tanto romanticismo. L&#8217;Hotel The Harmonie Vienna ha un&#8217;<a href=\"https:\/\/www.harmonie-vienna.at\/angebote\/gluecksmomente-fuer-hochzeitspaare\/\">offerta <\/a> speciale per la Vostra prima notte di nozze: trascorrete ore romantiche nella nostra elegante camera doppia superiore con vasca da bagno. La mattina dopo Vi aspetta una colazione con Prosecco.<\/p>\n<p>&nbsp;<\/p>\n<p>&nbsp;<\/p>\n        <\/div>\n                    <div class=\"wysiwyg-output ml-4\">\n          <h2>Offerte per la danza e il teatro a Vienna<\/h2>\n<p>Il Balletto di Stato di Vienna offre un programma impressionante in ogni stagione. Lasciatevi incantare dai virtuosi ballerini, che si tratti di una prima o di un&#8217;opera del repertorio.e.<\/p>\n<p>&nbsp;<\/p>\n<p>Il Balletto di Stato di Vienna si estende su due palcoscenici: l&#8217;Opera di Stato di Vienna e la Volksoper di Vienna. Con la nostra offerta hotel per due persone, potrete assistere insieme a uno spettacolo attuale e pernottare nel comfort del nostro hotel.<\/p>\n<p>&nbsp;<\/p>\n<p>I teatri musicali di Vienna, come il Teatro Raimund e il Ronacher, sono anch&#8217;essi drammatici e musicali. Spettacoli emozionanti Vi porteranno nel mondo del teatro, della danza, del canto e delle grandi emozioni. Potete ottenere biglietti scontati per <a href=\"https:\/\/www.harmonie-vienna.at\/it\/angebote\/package-musicalbesuch\/\">musical selezionati<\/a> a Vienna con la nostra offerta speciale. La citt\u00e0 cosmopolita ha anche molti palcoscenici per il <a href=\"https:\/\/www.harmonie-vienna.at\/kultur\/theater-oper\/\">teatro e l&#8217;opera <\/a> che meritano di essere visti.<\/p>\n<p>&nbsp;<\/p>\n<h2>Voucher hotel: regalate il comfort<\/h2>\n<p>Regalate tempo e felicit\u00e0: con un <a href=\"https:\/\/www.harmonie-vienna.at\/it\/angebote\/gutscheine\/\">voucher <\/a> per l&#8217;hotel The Harmonie Vienna. \u00c8 possibile regalare una delle nostre offerte come buono regalo; in alternativa, \u00e8 possibile specificare un importo fisso o un numero di notti. Questo regalo speciale vi sar\u00e0 inviato tramite posta entro pochi giorni dalla Vostra richiesta.<\/p>\n<p>&nbsp;<\/p>\n<p>Per esempio, potete offrire agli amanti del balletto o dell&#8217;arte un trattamento speciale. Nel nostro hotel soggiornerete nel centro di Vienna, con molte attrazioni culturali raggiungibili a piedi.<\/p>\n        <\/div>\n          <\/div>\n\n    <div class=\"divider\"><\/div>\n  <\/div>\n\n<\/div>\n\n","protected":false},"excerpt":{"rendered":"","protected":false},"author":1,"featured_media":0,"parent":7475,"menu_order":0,"comment_status":"closed","ping_status":"closed","template":"","meta":{"_acf_changed":false,"footnotes":""},"class_list":["post-7487","page","type-page","status-publish","hentry"],"acf":[],"yoast_head":"<!-- This site is optimized with the Yoast SEO plugin v27.4 - https:\/\/yoast.com\/product\/yoast-seo-wordpress\/ -->\n<title>La Vostra offerta di hotel a Vienna | The Harmonie Vienna<\/title>\n<meta name=\"description\" content=\"Scoprite le nostre offerte di hotel per il vostro viaggio a Vienna \u2713 Vacanza a due \u2713 Viaggio d&#039;affari \u2713 Vacanza in famiglia \u27a4 Scoprite subito le offerte harmony.\" \/>\n<meta name=\"robots\" content=\"index, follow, max-snippet:-1, max-image-preview:large, max-video-preview:-1\" \/>\n<link rel=\"canonical\" href=\"https:\/\/www.harmonie-vienna.at\/it\/albergo-vienna-centro\/offerte-e-pacchetti\/\" \/>\n<meta property=\"og:locale\" content=\"it_IT\" \/>\n<meta property=\"og:type\" content=\"article\" \/>\n<meta property=\"og:title\" content=\"La Vostra offerta di hotel a Vienna | The Harmonie Vienna\" \/>\n<meta property=\"og:description\" content=\"Scoprite le nostre offerte di hotel per il vostro viaggio a Vienna \u2713 Vacanza a due \u2713 Viaggio d&#039;affari \u2713 Vacanza in famiglia \u27a4 Scoprite subito le offerte harmony.\" \/>\n<meta property=\"og:url\" content=\"https:\/\/www.harmonie-vienna.at\/it\/albergo-vienna-centro\/offerte-e-pacchetti\/\" \/>\n<meta property=\"og:site_name\" content=\"Hotel Harmonie\" \/>\n<meta property=\"article:modified_time\" content=\"2025-11-20T19:02:07+00:00\" \/>\n<meta name=\"twitter:card\" content=\"summary_large_image\" \/>\n<!-- \/ Yoast SEO plugin. -->","yoast_head_json":{"title":"La Vostra offerta di hotel a Vienna | The Harmonie Vienna","description":"Scoprite le nostre offerte di hotel per il vostro viaggio a Vienna \u2713 Vacanza a due \u2713 Viaggio d'affari \u2713 Vacanza in famiglia \u27a4 Scoprite subito le offerte harmony.","robots":{"index":"index","follow":"follow","max-snippet":"max-snippet:-1","max-image-preview":"max-image-preview:large","max-video-preview":"max-video-preview:-1"},"canonical":"https:\/\/www.harmonie-vienna.at\/it\/albergo-vienna-centro\/offerte-e-pacchetti\/","og_locale":"it_IT","og_type":"article","og_title":"La Vostra offerta di hotel a Vienna | The Harmonie Vienna","og_description":"Scoprite le nostre offerte di hotel per il vostro viaggio a Vienna \u2713 Vacanza a due \u2713 Viaggio d'affari \u2713 Vacanza in famiglia \u27a4 Scoprite subito le offerte harmony.","og_url":"https:\/\/www.harmonie-vienna.at\/it\/albergo-vienna-centro\/offerte-e-pacchetti\/","og_site_name":"Hotel Harmonie","article_modified_time":"2025-11-20T19:02:07+00:00","twitter_card":"summary_large_image","schema":{"@context":"https:\/\/schema.org","@graph":[{"@type":"WebPage","@id":"https:\/\/www.harmonie-vienna.at\/it\/albergo-vienna-centro\/offerte-e-pacchetti\/","url":"https:\/\/www.harmonie-vienna.at\/it\/albergo-vienna-centro\/offerte-e-pacchetti\/","name":"La Vostra offerta di hotel a Vienna | The Harmonie Vienna","isPartOf":{"@id":"https:\/\/www.harmonie-vienna.at\/it\/#website"},"datePublished":"2022-03-02T16:04:30+00:00","dateModified":"2025-11-20T19:02:07+00:00","description":"Scoprite le nostre offerte di hotel per il vostro viaggio a Vienna \u2713 Vacanza a due \u2713 Viaggio d'affari \u2713 Vacanza in famiglia \u27a4 Scoprite subito le offerte harmony.","breadcrumb":{"@id":"https:\/\/www.harmonie-vienna.at\/it\/albergo-vienna-centro\/offerte-e-pacchetti\/#breadcrumb"},"inLanguage":"it-IT","potentialAction":[{"@type":"ReadAction","target":["https:\/\/www.harmonie-vienna.at\/it\/albergo-vienna-centro\/offerte-e-pacchetti\/"]}]},{"@type":"BreadcrumbList","@id":"https:\/\/www.harmonie-vienna.at\/it\/albergo-vienna-centro\/offerte-e-pacchetti\/#breadcrumb","itemListElement":[{"@type":"ListItem","position":1,"name":"Startseite","item":"https:\/\/www.harmonie-vienna.at\/it\/"},{"@type":"ListItem","position":2,"name":"Albergo Vienna Centro","item":"https:\/\/www.harmonie-vienna.at\/it\/albergo-vienna-centro\/"},{"@type":"ListItem","position":3,"name":"Offerte e pacchetti"}]},{"@type":"WebSite","@id":"https:\/\/www.harmonie-vienna.at\/it\/#website","url":"https:\/\/www.harmonie-vienna.at\/it\/","name":"Hotel Harmonie","description":"Boutique Hotel in Wien - The Harmonie Vienna","publisher":{"@id":"https:\/\/www.harmonie-vienna.at\/it\/#organization"},"potentialAction":[{"@type":"SearchAction","target":{"@type":"EntryPoint","urlTemplate":"https:\/\/www.harmonie-vienna.at\/it\/?s={search_term_string}"},"query-input":{"@type":"PropertyValueSpecification","valueRequired":true,"valueName":"search_term_string"}}],"inLanguage":"it-IT"},{"@type":"Organization","@id":"https:\/\/www.harmonie-vienna.at\/it\/#organization","name":"Hotel Harmonie Vienna","url":"https:\/\/www.harmonie-vienna.at\/it\/","logo":{"@type":"ImageObject","inLanguage":"it-IT","@id":"https:\/\/www.harmonie-vienna.at\/it\/#\/schema\/logo\/image\/","url":"https:\/\/www.harmonie-vienna.at\/wp-content\/uploads\/2022\/02\/cropped-cropped-hotel-harmonie-logo.png","contentUrl":"https:\/\/www.harmonie-vienna.at\/wp-content\/uploads\/2022\/02\/cropped-cropped-hotel-harmonie-logo.png","width":321,"height":90,"caption":"Hotel Harmonie Vienna"},"image":{"@id":"https:\/\/www.harmonie-vienna.at\/it\/#\/schema\/logo\/image\/"}}]}},"_links":{"self":[{"href":"https:\/\/www.harmonie-vienna.at\/it\/wp-json\/wp\/v2\/pages\/7487","targetHints":{"allow":["GET"]}}],"collection":[{"href":"https:\/\/www.harmonie-vienna.at\/it\/wp-json\/wp\/v2\/pages"}],"about":[{"href":"https:\/\/www.harmonie-vienna.at\/it\/wp-json\/wp\/v2\/types\/page"}],"author":[{"embeddable":true,"href":"https:\/\/www.harmonie-vienna.at\/it\/wp-json\/wp\/v2\/users\/1"}],"replies":[{"embeddable":true,"href":"https:\/\/www.harmonie-vienna.at\/it\/wp-json\/wp\/v2\/comments?post=7487"}],"version-history":[{"count":14,"href":"https:\/\/www.harmonie-vienna.at\/it\/wp-json\/wp\/v2\/pages\/7487\/revisions"}],"predecessor-version":[{"id":14764,"href":"https:\/\/www.harmonie-vienna.at\/it\/wp-json\/wp\/v2\/pages\/7487\/revisions\/14764"}],"up":[{"embeddable":true,"href":"https:\/\/www.harmonie-vienna.at\/it\/wp-json\/wp\/v2\/pages\/7475"}],"wp:attachment":[{"href":"https:\/\/www.harmonie-vienna.at\/it\/wp-json\/wp\/v2\/media?parent=7487"}],"curies":[{"name":"wp","href":"https:\/\/api.w.org\/{rel}","templated":true}]}}