{"id":7491,"date":"2022-03-02T17:02:39","date_gmt":"2022-03-02T16:02:39","guid":{"rendered":"https:\/\/www.harmonie-vienna.at\/albergo-vienna-centre\/delizie-culinarie-in-hotel\/"},"modified":"2025-05-23T11:25:57","modified_gmt":"2025-05-23T09:25:57","slug":"delizie-culinarie-in-hotel","status":"publish","type":"page","link":"https:\/\/www.harmonie-vienna.at\/it\/albergo-vienna-centro\/delizie-culinarie-in-hotel\/","title":{"rendered":"Delizie culinarie in hotel"},"content":{"rendered":"\n\n<div class=\"page-intro  \">\n\n  <div \n    role=\"img\"\n    aria-label=\"Blick in das Restaurant des Hotels mit Streifen Details auf den Sitzgelegenheiten \"\n    class=\"page-intro__image\" \n    style=\"background-image: url('https:\/\/www.harmonie-vienna.at\/wp-content\/uploads\/2022\/03\/Harmonie_037_web-1.jpg');\"\n  >\n  <\/div>\n\n      <div class=\"page-intro__content page-intro__content--align-center  \">\n  \n    <div class=\"frame\">\n              <span class=\"subline\">Delizie culinarie in albergo<\/span>\n      \n              <h1 class=\"headline\">Un&#8217;indulgenza che rimane impressa nel tempo <\/h1>\n      \n              <div class=\"wysiwyg-output\"><p>Buon cibo, buon vino, una citt\u00e0 vivace e un&#8217;atmosfera accogliente. Questa \u00e8 la combinazione perfetta per il Vostro soggiorno a Vienna. La nostra colazione al buffet \u00e8 particolarmente deliziosa! Oltre a molti classici e preferiti, offre un&#8217;ampia scelta di prodotti biologici, vegani e piatti caldi. Nel nostro lounge-biblioteca-bar Vi aspettiamo il pomeriggio con t\u00e8, caff\u00e8 e dolci fatti in casa. La sera con un buon bicchiere di vino o una bevanda rinfrescante.<\/p>\n<\/div>\n      \n          <\/div>\n  <\/div>\n<\/div>\n\n\n<div class=\"\">\n  <div class=\"container mx-auto two-column-teaser-splide-wrapper\">\n    <div class=\"splide\" role=\"group\" aria-label=\"Slider - A tavola per la colazione: qualit\u00e0 da gustare\">\n      <div class=\"splide__track\">\n        <div class=\"splide__list\">\n\n                      \n                            <div class=\"splide__slide\">\n                                  <div class=\"two-column-teaser\">\n                \n                  <div class=\"two-column-teaser__content\">\n                                          <span class=\"subline\">Prodotti regionali<\/span>\n                    \n                                          <h2 class=\"headline\">A tavola per la colazione: qualit\u00e0 da gustare<\/h2>\n                                        \n                                          <div class=\"wysiwyg-output\">\n                        <p>Una ricca colazione assicura un inizio giornata pieno di energia. Nella nostra sala colazioni celebriamo il piacere mattutino a 28,00 EUR a persona. La colazione \u00e8 gi\u00e0 inclusa nella tariffa della camera.<\/p>\n<ul>\n<li>Specialit\u00e0 di t\u00e8 e caff\u00e8 della rinomata azienda viennese a conduzione familiare Julius Meinl<\/li>\n<li><a href=\"https:\/\/www.harmonie-vienna.at\/veganes-fruehstueck\/\">Colazione vegana:<\/a> ampia scelta di prodotti e piatti caldi<\/li>\n<li>Ingredienti selezionati per un muesli biologico personalizzato, pane biologico genuino e pasticceria fresca del panificio artigianale Felber.<\/li>\n<li>Specialit\u00e0 di salsiccia e varianti di formaggio da fornitori regionali come &#8220;Schneeberg.Land&#8221;.<\/li>\n<li>Uova e prodotti lattiero-caseari 100% biologici da allevamento all&#8217;aperto provenienti da fornitori regionali<\/li>\n<li>Marmellate del Tirolo orientale dell&#8217;azienda Unterweger e miele biologico viennese dell&#8217;apicoltore cittadino<\/li>\n<li>frutta fresca di stagione, frullati Harmonie e succhi biologici preparati quotidianamente da Hasenfit<\/li>\n<li>Per i mattinieri: dalle 6.30 alle 7.00 nella sala colazioni &#8211; caff\u00e8, t\u00e8, frutta, dolci e tutti i piatti freddi del buffet; se partite prima, saremo lieti di preparare una &#8216;Breakfast &#8211; Box&#8217; per il Vostro viaggio!<\/li>\n<li>Per chi desidera riposare pi\u00fa a lungo: dalle 10.30 alle 13.00 nella sala colazioni &#8211; caff\u00e8, t\u00e8, colazione viennese con dolci, burro e marmellata.<\/li>\n<\/ul>\n                      <\/div>\n                    \n                                      <\/div>\n                  <div class=\"two-column-teaser__images\">\n                                          <div class=\"two-column-teaser__main-image\">\n                        <img decoding=\"async\" src=\"https:\/\/www.harmonie-vienna.at\/wp-content\/uploads\/2022\/03\/Harmonie_Nov13_27_web-682x1024.jpg\" alt=\"A tavola per la colazione: qualit\u00e0 da gustare\">\n                        <small class=\"text-brown-dark\"><\/small>\n                      <\/div>\n                    \n                                      <\/div>\n\n                <\/div>\n\n              <\/div>\n\n                      \n        <\/div>\n      <\/div>\n    <\/div>\n  <\/div>\n<\/div>\n\n\n\n<div class=\"\">\n  <div class=\"container mx-auto two-column-teaser-splide-wrapper\">\n    <div class=\"splide\" role=\"group\" aria-label=\"Slider - GodeteVi un t\u00e8, una torta e un bicchiere di vino nell'hotel centrale di Vienna\">\n      <div class=\"splide__track\">\n        <div class=\"splide__list\">\n\n                      \n                            <div class=\"splide__slide\">\n                                  <div class=\"two-column-teaser two-column-teaser--reverse-content\">\n                \n                  <div class=\"two-column-teaser__content\">\n                                          <span class=\"subline\">Sala, biblioteca e bar<\/span>\n                    \n                                          <h2 class=\"headline\">GodeteVi un t\u00e8, una torta e un bicchiere di vino nell&#8217;hotel centrale di Vienna<\/h2>\n                                        \n                                          <div class=\"wysiwyg-output\">\n                        <div>\n<p>L&#8217;Harmonie Lounge \u00e8 il fulcro del nostro hotel viennese. Chi ne ha abbastanza del brusio della citt\u00e0 pu\u00f2 ritirarsi in questo salotto accogliente e rilassante e concedersi una chiacchiera, bere un t\u00e8 o leggere in un&#8217;atmosfera accogliente.<\/p>\n<\/div>\n<div>\n<p>Nel pomeriggio, tra le 15:00 e le 18:00, il bar serve t\u00e8 e torte fatte in Casa. \u00c8 possibile ordinare anche un caff\u00e8 viennese.<\/p>\n<\/div>\n<div>\n<p>Nell&#8217;area biblioteca della lounge troverete un repertorio di quotidiani e riviste internazionali. Sono inoltre disponibili gratuitamente letteratura e libri su Vienna.<\/p>\n<\/div>\n                      <\/div>\n                    \n                                      <\/div>\n                  <div class=\"two-column-teaser__images\">\n                                          <div class=\"two-column-teaser__main-image\">\n                        <img decoding=\"async\" src=\"https:\/\/www.harmonie-vienna.at\/wp-content\/uploads\/2022\/03\/Harmonie_Nov13_16_web-682x1024.jpg\" alt=\"GodeteVi un t\u00e8, una torta e un bicchiere di vino nell'hotel centrale di Vienna\">\n                        <small class=\"text-brown-dark\"><\/small>\n                      <\/div>\n                    \n                                      <\/div>\n\n                <\/div>\n\n              <\/div>\n\n                      \n        <\/div>\n      <\/div>\n    <\/div>\n  <\/div>\n<\/div>\n\n\n\n<div class=\"\">\n  <div class=\"container mx-auto two-column-teaser-splide-wrapper\">\n    <div class=\"splide\" role=\"group\" aria-label=\"Slider - GodeteVi piccole prelibatezze nel nostro bistrot accogliente\">\n      <div class=\"splide__track\">\n        <div class=\"splide__list\">\n\n                      \n                            <div class=\"splide__slide\">\n                                  <div class=\"two-column-teaser\">\n                \n                  <div class=\"two-column-teaser__content\">\n                                          <span class=\"subline\">Momenti di relax nel bistrot<\/span>\n                    \n                                          <h2 class=\"headline\">GodeteVi piccole prelibatezze nel nostro bistrot accogliente<\/h2>\n                                        \n                                          <div class=\"wysiwyg-output\">\n                        <p>Vi invitiamo cordialmente nel nostro bistrot per goderVi una pausa rilassante assaggiando piccoli spuntini. Che si tratti di uno spuntino veloce o di un incontro intimo, il nostro bistrot offre l&#8217;ambiente ideale.<\/p>\n<p>Il bistrot \u00e8 aperto tutti i giorni dalle 12:00 alle 22:00 e offre una selezione variegata: da deliziose insalate con spiedini di pollo marinato a un piatto di formaggi, strudel di mele viennesi accompagnato con un bicchiere di vino regionale.<\/p>\n<p>Il nostro menu \u00e8 disponibile <a href=\"https:\/\/www.harmonie-vienna.at\/wp-content\/uploads\/2024\/06\/Bistro-2024-EN-Neu.pdf\">qui.<\/a><\/p>\n<p>Non vediamo l&#8217;ora della Vostra visita!<\/p>\n<p>&nbsp;<\/p>\n<p>&nbsp;<\/p>\n                      <\/div>\n                    \n                                      <\/div>\n                  <div class=\"two-column-teaser__images\">\n                                          <div class=\"two-column-teaser__main-image\">\n                        <img decoding=\"async\" src=\"https:\/\/www.harmonie-vienna.at\/wp-content\/uploads\/2024\/06\/Harmonie_Nov13_36_web-682x1024.jpg\" alt=\"GodeteVi piccole prelibatezze nel nostro bistrot accogliente\">\n                        <small class=\"text-brown-dark\"><\/small>\n                      <\/div>\n                    \n                                      <\/div>\n\n                <\/div>\n\n              <\/div>\n\n                      \n        <\/div>\n      <\/div>\n    <\/div>\n  <\/div>\n<\/div>\n\n\n\n<div class=\"certifications \">\n  <div class=\"container mx-auto\">\n    <div class=\"certifications__wrapper\">\n      <div> \n                  <span class=\"subline\">Certificazioni<\/span>\n                          <h2 class=\"headline\">Una qualit\u00e0 costante che ripaga.<\/h2>\n                          <p><p>Siamo orgogliosi di fare qualcosa di buono per voi e per il nostro ambiente! La continua richiesta del nostro servizio e della selezione dei nostri prodotti non \u00e8 passata inosservata, per cui siamo molto soddisfatti dei cinque marchi di qualit\u00e0: Austrian &amp; European Ecolabel, Austria Bio Garantie, European Allergy Seal e Vegan Welcome.<\/p>\n<p>&nbsp;<\/p>\n<p><a href=\"https:\/\/www.harmonie-vienna.at\/it\/albergo-vienna-centro\/hotel-sostenibile-a-vienna\/\">Scopri tutto sulle nostre certificazioni qui<\/a><\/p>\n<\/p>\n              <\/div>\n      <div>\n                  <ul class=\"certifications__items\" Bild Grid\">\n                          <li>\n                                <a href=\"https:\/\/www.harmonie-vienna.at\/it\/albergo-vienna-centro\/hotel-sostenibile-a-vienna\/\" target=\"\" aria-label=\"Certificazioni Zu Bild springen\">\n                \n                                      <span class=\"certifications__image-wrapper\">\n                      <img decoding=\"async\" src=\"https:\/\/www.harmonie-vienna.at\/wp-content\/uploads\/2022\/03\/Umweltzeichen.png\" alt=\"Siegel mit der Aufschrift Umweltzeichen in rot und gr\u00fcner Farbe \">\n                    <\/span>\n                  \n                  \n                                      <strong><\/strong>\n                  \n                                    <\/a>\n                                \n              <\/li>\n                          <li>\n                                <a href=\"https:\/\/www.harmonie-vienna.at\/it\/albergo-vienna-centro\/hotel-sostenibile-a-vienna\/\" target=\"\" aria-label=\"Certificazioni Zu Bild springen\">\n                \n                                      <span class=\"certifications__image-wrapper\">\n                      <img decoding=\"async\" src=\"https:\/\/www.harmonie-vienna.at\/wp-content\/uploads\/2022\/03\/ecolabel.png\" alt=\"Siegel des EU Ecolabel in blau und gr\u00fcner Farbe \">\n                    <\/span>\n                  \n                  \n                                      <strong><\/strong>\n                  \n                                    <\/a>\n                                \n              <\/li>\n                          <li>\n                                <a href=\"https:\/\/www.harmonie-vienna.at\/it\/albergo-vienna-centro\/hotel-sostenibile-a-vienna\/\" target=\"\" aria-label=\"Certificazioni Zu Bild springen\">\n                \n                                      <span class=\"certifications__image-wrapper\">\n                      <img decoding=\"async\" src=\"https:\/\/www.harmonie-vienna.at\/wp-content\/uploads\/2022\/03\/Austria-Bio-Garantie-neu.png\" alt=\"Gr\u00fcnes Siegel der Austria Bio Garantie mit roter Umrandung \">\n                    <\/span>\n                  \n                  \n                                      <strong><\/strong>\n                  \n                                    <\/a>\n                                \n              <\/li>\n                          <li>\n              \n                                      <span class=\"certifications__image-wrapper\">\n                      <img decoding=\"async\" src=\"https:\/\/www.harmonie-vienna.at\/wp-content\/uploads\/2022\/03\/Ecarf-neu.png\" alt=\"Siegel des ECARF f\u00fcr Allergikerfreundliche Qualit\u00e4tspr\u00fcfung \">\n                    <\/span>\n                  \n                  \n                  \n                                  \n              <\/li>\n                          <li>\n              \n                                      <span class=\"certifications__image-wrapper\">\n                      <img decoding=\"async\" src=\"https:\/\/www.harmonie-vienna.at\/wp-content\/uploads\/2022\/03\/Vegan-Welcome.png\" alt=\"Siegel Vegan Welcome mit f\u00fcnf Sternen und einem gr\u00fcnen Blatt \">\n                    <\/span>\n                  \n                  \n                  \n                                  \n              <\/li>\n                      <\/ul>\n              <\/div>\n    <\/div>\n  <\/div>\n<\/div>\n\n\n\n\n\n\n\n\n\n","protected":false},"excerpt":{"rendered":"","protected":false},"author":1,"featured_media":0,"parent":7475,"menu_order":0,"comment_status":"closed","ping_status":"closed","template":"","meta":{"_acf_changed":false,"footnotes":""},"class_list":["post-7491","page","type-page","status-publish","hentry"],"acf":[],"yoast_head":"<!-- This site is optimized with the Yoast SEO plugin v27.4 - https:\/\/yoast.com\/product\/yoast-seo-wordpress\/ -->\n<title>Delizie culinarie all&#039;Hotel | The Harmonie Vienna<\/title>\n<meta name=\"description\" content=\"GodeteVi la Vostra vacanza a Vienna con le sue delizie culinarie \u27a4 Visitate la nostra colazione biologica al buffet oppure alla lounge-bar-biblioteca\" \/>\n<meta name=\"robots\" content=\"index, follow, max-snippet:-1, max-image-preview:large, max-video-preview:-1\" \/>\n<link rel=\"canonical\" href=\"https:\/\/www.harmonie-vienna.at\/it\/albergo-vienna-centro\/delizie-culinarie-in-hotel\/\" \/>\n<meta property=\"og:locale\" content=\"it_IT\" \/>\n<meta property=\"og:type\" content=\"article\" \/>\n<meta property=\"og:title\" content=\"Delizie culinarie all&#039;Hotel | The Harmonie Vienna\" \/>\n<meta property=\"og:description\" content=\"GodeteVi la Vostra vacanza a Vienna con le sue delizie culinarie \u27a4 Visitate la nostra colazione biologica al buffet oppure alla lounge-bar-biblioteca\" \/>\n<meta property=\"og:url\" content=\"https:\/\/www.harmonie-vienna.at\/it\/albergo-vienna-centro\/delizie-culinarie-in-hotel\/\" \/>\n<meta property=\"og:site_name\" content=\"Hotel Harmonie\" \/>\n<meta property=\"article:modified_time\" content=\"2025-05-23T09:25:57+00:00\" \/>\n<meta name=\"twitter:card\" content=\"summary_large_image\" \/>\n<!-- \/ Yoast SEO plugin. -->","yoast_head_json":{"title":"Delizie culinarie all'Hotel | The Harmonie Vienna","description":"GodeteVi la Vostra vacanza a Vienna con le sue delizie culinarie \u27a4 Visitate la nostra colazione biologica al buffet oppure alla lounge-bar-biblioteca","robots":{"index":"index","follow":"follow","max-snippet":"max-snippet:-1","max-image-preview":"max-image-preview:large","max-video-preview":"max-video-preview:-1"},"canonical":"https:\/\/www.harmonie-vienna.at\/it\/albergo-vienna-centro\/delizie-culinarie-in-hotel\/","og_locale":"it_IT","og_type":"article","og_title":"Delizie culinarie all'Hotel | The Harmonie Vienna","og_description":"GodeteVi la Vostra vacanza a Vienna con le sue delizie culinarie \u27a4 Visitate la nostra colazione biologica al buffet oppure alla lounge-bar-biblioteca","og_url":"https:\/\/www.harmonie-vienna.at\/it\/albergo-vienna-centro\/delizie-culinarie-in-hotel\/","og_site_name":"Hotel Harmonie","article_modified_time":"2025-05-23T09:25:57+00:00","twitter_card":"summary_large_image","schema":{"@context":"https:\/\/schema.org","@graph":[{"@type":"WebPage","@id":"https:\/\/www.harmonie-vienna.at\/it\/albergo-vienna-centro\/delizie-culinarie-in-hotel\/","url":"https:\/\/www.harmonie-vienna.at\/it\/albergo-vienna-centro\/delizie-culinarie-in-hotel\/","name":"Delizie culinarie all'Hotel | The Harmonie Vienna","isPartOf":{"@id":"https:\/\/www.harmonie-vienna.at\/it\/#website"},"datePublished":"2022-03-02T16:02:39+00:00","dateModified":"2025-05-23T09:25:57+00:00","description":"GodeteVi la Vostra vacanza a Vienna con le sue delizie culinarie \u27a4 Visitate la nostra colazione biologica al buffet oppure alla lounge-bar-biblioteca","breadcrumb":{"@id":"https:\/\/www.harmonie-vienna.at\/it\/albergo-vienna-centro\/delizie-culinarie-in-hotel\/#breadcrumb"},"inLanguage":"it-IT","potentialAction":[{"@type":"ReadAction","target":["https:\/\/www.harmonie-vienna.at\/it\/albergo-vienna-centro\/delizie-culinarie-in-hotel\/"]}]},{"@type":"BreadcrumbList","@id":"https:\/\/www.harmonie-vienna.at\/it\/albergo-vienna-centro\/delizie-culinarie-in-hotel\/#breadcrumb","itemListElement":[{"@type":"ListItem","position":1,"name":"Startseite","item":"https:\/\/www.harmonie-vienna.at\/it\/"},{"@type":"ListItem","position":2,"name":"Albergo Vienna Centro","item":"https:\/\/www.harmonie-vienna.at\/it\/albergo-vienna-centro\/"},{"@type":"ListItem","position":3,"name":"Delizie culinarie in hotel"}]},{"@type":"WebSite","@id":"https:\/\/www.harmonie-vienna.at\/it\/#website","url":"https:\/\/www.harmonie-vienna.at\/it\/","name":"Hotel Harmonie","description":"Boutique Hotel in Wien - The Harmonie Vienna","publisher":{"@id":"https:\/\/www.harmonie-vienna.at\/it\/#organization"},"potentialAction":[{"@type":"SearchAction","target":{"@type":"EntryPoint","urlTemplate":"https:\/\/www.harmonie-vienna.at\/it\/?s={search_term_string}"},"query-input":{"@type":"PropertyValueSpecification","valueRequired":true,"valueName":"search_term_string"}}],"inLanguage":"it-IT"},{"@type":"Organization","@id":"https:\/\/www.harmonie-vienna.at\/it\/#organization","name":"Hotel Harmonie Vienna","url":"https:\/\/www.harmonie-vienna.at\/it\/","logo":{"@type":"ImageObject","inLanguage":"it-IT","@id":"https:\/\/www.harmonie-vienna.at\/it\/#\/schema\/logo\/image\/","url":"https:\/\/www.harmonie-vienna.at\/wp-content\/uploads\/2022\/02\/cropped-cropped-hotel-harmonie-logo.png","contentUrl":"https:\/\/www.harmonie-vienna.at\/wp-content\/uploads\/2022\/02\/cropped-cropped-hotel-harmonie-logo.png","width":321,"height":90,"caption":"Hotel Harmonie Vienna"},"image":{"@id":"https:\/\/www.harmonie-vienna.at\/it\/#\/schema\/logo\/image\/"}}]}},"_links":{"self":[{"href":"https:\/\/www.harmonie-vienna.at\/it\/wp-json\/wp\/v2\/pages\/7491","targetHints":{"allow":["GET"]}}],"collection":[{"href":"https:\/\/www.harmonie-vienna.at\/it\/wp-json\/wp\/v2\/pages"}],"about":[{"href":"https:\/\/www.harmonie-vienna.at\/it\/wp-json\/wp\/v2\/types\/page"}],"author":[{"embeddable":true,"href":"https:\/\/www.harmonie-vienna.at\/it\/wp-json\/wp\/v2\/users\/1"}],"replies":[{"embeddable":true,"href":"https:\/\/www.harmonie-vienna.at\/it\/wp-json\/wp\/v2\/comments?post=7491"}],"version-history":[{"count":32,"href":"https:\/\/www.harmonie-vienna.at\/it\/wp-json\/wp\/v2\/pages\/7491\/revisions"}],"predecessor-version":[{"id":13817,"href":"https:\/\/www.harmonie-vienna.at\/it\/wp-json\/wp\/v2\/pages\/7491\/revisions\/13817"}],"up":[{"embeddable":true,"href":"https:\/\/www.harmonie-vienna.at\/it\/wp-json\/wp\/v2\/pages\/7475"}],"wp:attachment":[{"href":"https:\/\/www.harmonie-vienna.at\/it\/wp-json\/wp\/v2\/media?parent=7491"}],"curies":[{"name":"wp","href":"https:\/\/api.w.org\/{rel}","templated":true}]}}