{"id":7495,"date":"2022-02-28T15:34:41","date_gmt":"2022-02-28T14:34:41","guid":{"rendered":"https:\/\/www.harmonie-vienna.at\/albergo-vienna-centre\/camere-e-suite\/"},"modified":"2024-06-07T18:39:35","modified_gmt":"2024-06-07T16:39:35","slug":"camere-e-suite","status":"publish","type":"page","link":"https:\/\/www.harmonie-vienna.at\/it\/albergo-vienna-centro\/camere-e-suite\/","title":{"rendered":"Camere e suite"},"content":{"rendered":"\n\n<div class=\"page-intro  \">\n\n  <div \n    role=\"img\"\n    aria-label=\"In einem Hotelzimmer steht ein Gast im Bademantel mit einer Tasse am Fenster \"\n    class=\"page-intro__image\" \n    style=\"background-image: url('https:\/\/www.harmonie-vienna.at\/wp-content\/uploads\/2022\/03\/Harmonie_062_web.jpg');\"\n  >\n  <\/div>\n\n      <div class=\"page-intro__content page-intro__content--align-center  \">\n  \n    <div class=\"frame\">\n              <span class=\"subline\">Camere e suite<\/span>\n      \n              <h1 class=\"headline\">Camere e suite di design incantevole a Vienna<\/h1>\n      \n              <div class=\"wysiwyg-output\"><p>Un&#8217;esperienza di vita unica nel vostro Boutique Hotel Harmonie a Vienna. Vi aspettano sogni abitativi speciali: dalle classiche camere doppie di varie categorie alle suite di 33 m\u00b2 e alle camere certificate per i soggetti allergici. Con i servizi di un hotel a 4 stelle e gli interni di design, potete aspettarvi un alto livello di comfort e, soprattutto, tanto piacere per gli occhi e per l&#8217;anima. I dipinti dell&#8217;artista Luis Casanova Sorolla rendono ogni camera unica.<\/p>\n<\/div>\n      \n          <\/div>\n  <\/div>\n<\/div>\n\n\n<div class=\"\">\n  <div class=\"container mx-auto two-column-teaser-splide-wrapper\">\n    <div class=\"splide\" role=\"group\" aria-label=\"Slider - Servizi in camera\">\n      <div class=\"splide__track\">\n        <div class=\"splide__list\">\n\n                      \n                            <div class=\"splide__slide\">\n                                  <div class=\"two-column-teaser\">\n                \n                  <div class=\"two-column-teaser__content\">\n                                          <span class=\"subline\">Ambiente e atmosfera<\/span>\n                    \n                                          <h2 class=\"headline\">Servizi in camera<\/h2>\n                                        \n                                          <div class=\"wysiwyg-output\">\n                        <ul>\n<li>Aria condizionata completa controllabile individualmente, letti particolarmente confortevoli con materassi a molle insacchettate<\/li>\n<li>Biancheria da letto in piuma leggera o in materiale sintetico su richiesta.<\/li>\n<li>Menu tappezzeria per esigenze individuali<\/li>\n<li>Internet ad alta velocit\u00e0 gratuito in tutto l&#8217;hotel, connessioni LAN nelle camere<\/li>\n<li>Frigorifero con minibar e set per t\u00e8 e caff\u00e8<\/li>\n<li>TV a schermo piatto 42,5&#8243; con canali TV multilingue inclusi. Sistema Sky e Casting: per trasferire i propri contenuti da Netflix e Amazon Prime al televisore.<\/li>\n<li>Stazione da stiro, cassaforte per laptop<\/li>\n<li>Vasca da bagno o doccia a pioggia, specchio per il trucco e asciugacapelli<br \/>\nLinea di cosmetici di alta qualit\u00e0<\/li>\n<li>Biancheria da bagno e da letto conforme ai criteri di sostenibilit\u00e0 dell&#8217;Ecolabel<\/li>\n<li>Macchine da caff\u00e8 Nespresso incluse nelle suite; possibili in altre categorie di camere in base alla disponibilit\u00e0 e a un costo aggiuntivo.<\/li>\n<\/ul>\n                      <\/div>\n                    \n                                      <\/div>\n                  <div class=\"two-column-teaser__images\">\n                                          <div class=\"two-column-teaser__main-image\">\n                        <img decoding=\"async\" src=\"https:\/\/www.harmonie-vienna.at\/wp-content\/uploads\/2022\/03\/Harmonie_073_web-Kopie.jpg\" alt=\"Servizi in camera\">\n                        <small class=\"text-brown-dark\">Zimmerausstattung The Harmonie<\/small>\n                      <\/div>\n                    \n                                      <\/div>\n\n                <\/div>\n\n              <\/div>\n\n                      \n        <\/div>\n      <\/div>\n    <\/div>\n  <\/div>\n<\/div>\n\n\n\n<div class=\"py-16 md:py-24 \">\n  <div class=\"container mx-auto\">\n\n  <div class=\"text-center mb-16\">\n    \n      <\/div>\n\n      \n      <div class=\"teaser-grid-subpages\">\n                    \n          \n          <a href=\"https:\/\/www.secure-hotel-booking.com\/smart\/The-Harmonie-Vienna-Hotel\/JS2C\/de\/\" class=\"teaser-grid-subpages__link\">\n            <div class=\"mask\">\n              <div \n                role=\"img\"\n                aria-label=\"Camera doppia\/matrimoniale Classic, 20 m\u00b2 - fino a 2 persone \"\n                class=\"teaser-grid-subpages__image\" \n                style=\"background-image: url('https:\/\/www.harmonie-vienna.at\/wp-content\/uploads\/2022\/03\/Harmonie_Zi_309_1_web.jpg');\"\n              >\n            <\/div>\n              <h2 class=\"subline\">\n                <span class=\"frame\">\n                  Camera doppia\/matrimoniale Classic, 20 m\u00b2 &#8211; fino a 2 persone                 <\/span>\n              <\/h2>\n            <\/div>\n          <\/a>\n\n                    \n          \n          <a href=\"https:\/\/www.secure-hotel-booking.com\/smart\/The-Harmonie-Vienna-Hotel\/JS2C\/de\/\" class=\"teaser-grid-subpages__link\">\n            <div class=\"mask\">\n              <div \n                role=\"img\"\n                aria-label=\"Camera doppia comfort, 25 m\u00b2 - fino a 3 persone \"\n                class=\"teaser-grid-subpages__image\" \n                style=\"background-image: url('https:\/\/www.harmonie-vienna.at\/wp-content\/uploads\/2022\/03\/Harmonie_Zi_212_1_web-1.jpg');\"\n              >\n            <\/div>\n              <h2 class=\"subline\">\n                <span class=\"frame\">\n                  Camera doppia comfort, 25 m\u00b2 &#8211; fino a 3 persone                 <\/span>\n              <\/h2>\n            <\/div>\n          <\/a>\n\n                    \n          \n          <a href=\"https:\/\/www.secure-hotel-booking.com\/smart\/The-Harmonie-Vienna-Hotel\/JS2C\/de\/\" class=\"teaser-grid-subpages__link\">\n            <div class=\"mask\">\n              <div \n                role=\"img\"\n                aria-label=\"Camera doppia superior, 30 m\u00b2 - fino a 3 persone\"\n                class=\"teaser-grid-subpages__image\" \n                style=\"background-image: url('https:\/\/www.harmonie-vienna.at\/wp-content\/uploads\/2022\/03\/Harmonie_Zi_405_3_web-1.jpg');\"\n              >\n            <\/div>\n              <h2 class=\"subline\">\n                <span class=\"frame\">\n                  Camera doppia superior, 30 m\u00b2 &#8211; fino a 3 persone                <\/span>\n              <\/h2>\n            <\/div>\n          <\/a>\n\n                    \n          \n          <a href=\"https:\/\/www.secure-hotel-booking.com\/smart\/The-Harmonie-Vienna-Hotel\/JS2C\/de\/\" class=\"teaser-grid-subpages__link\">\n            <div class=\"mask\">\n              <div \n                role=\"img\"\n                aria-label=\"Suite, 33 m\u00b2 - fino a 2 persone \"\n                class=\"teaser-grid-subpages__image\" \n                style=\"background-image: url('https:\/\/www.harmonie-vienna.at\/wp-content\/uploads\/2022\/03\/Harmonie_412_01-scaled.jpg');\"\n              >\n            <\/div>\n              <h2 class=\"subline\">\n                <span class=\"frame\">\n                  Suite, 33 m\u00b2 &#8211; fino a 2 persone                 <\/span>\n              <\/h2>\n            <\/div>\n          <\/a>\n\n                    \n          \n          <a href=\"https:\/\/www.secure-hotel-booking.com\/smart\/The-Harmonie-Vienna-Hotel\/JS2C\/de\/\" class=\"teaser-grid-subpages__link\">\n            <div class=\"mask\">\n              <div \n                role=\"img\"\n                aria-label=\"Camera Singola Business, 16 m\u00b2 - per 1 persona\"\n                class=\"teaser-grid-subpages__image\" \n                style=\"background-image: url('https:\/\/www.harmonie-vienna.at\/wp-content\/uploads\/2023\/11\/IMG_0104_bearbeitet_fuer-Web_\u00a9-Nadja-Haderer.jpg');\"\n              >\n            <\/div>\n              <h2 class=\"subline\">\n                <span class=\"frame\">\n                  Camera Singola Business, 16 m\u00b2 &#8211; per 1 persona                <\/span>\n              <\/h2>\n            <\/div>\n          <\/a>\n\n              <\/div>\n\n      <\/div>\n<\/div>\n\n\n\n<div class=\"booking-cta \">\n  <div class=\"booking-cta__frame\">\n    <div class=\"booking-cta__content\">\n              <span class=\"subline\">\n          -10% per le prenotazioni dirette        <\/span>\n                    <h2 class=\"headline\">\n          Con noi avrete sempre il miglior prezzo        <\/h2>\n                    <p>\n          Il modo pi\u00f9 rapido per raggiungere il Boutique Hotel Harmonie \u00e8 attraverso il nostro sito web. Se prenotate la Vostra camera direttamente online, riceverete uno sconto del 10% sulla tariffa giornaliera attuale.\r\n\r\n        <\/p>\n      \n                                    <a href=\"https:\/\/www.secure-hotel-booking.com\/The-Harmonie-Vienna-Hotel\/JS2C\/en\" class=\"button booking-button mx-auto mt-8\"\n              target=\"_blank\">\n              <span>\n                <i class=\"fal fa-calendar-week\"><\/i>\n                Prenota al miglior prezzo              <\/span>\n            <\/a>\n                        \n    <\/div>\n  <\/div>\n<\/div>\n\n\n<div class=\" image-slider\">\n\n  \n      <div class=\"image-slider__splide-wrapper\">\n      <div class=\"splide splide--cut_off\">\n        <div class=\"splide__track\">\n          <div class=\"splide__list\">\n                          <div class=\"splide__slide\">\n                <img decoding=\"async\" src=\"https:\/\/www.harmonie-vienna.at\/wp-content\/uploads\/2022\/03\/Harmonie_062_web.jpg\" alt=\"In einem Hotelzimmer steht ein Gast im Bademantel mit einer Tasse am Fenster \" class=\"not-lazy\" \/>\n              <\/div>\n                          <div class=\"splide__slide\">\n                <img decoding=\"async\" src=\"https:\/\/www.harmonie-vienna.at\/wp-content\/uploads\/2022\/03\/Harmonie_Zi_405_3_web.jpg\" alt=\"Gem\u00fctliche Sofaecke mit einem Beistelltisch und einem wei\u00dfen Stuhl im Hotelzimmer \" class=\"not-lazy\" \/>\n              <\/div>\n                          <div class=\"splide__slide\">\n                <img decoding=\"async\" src=\"https:\/\/www.harmonie-vienna.at\/wp-content\/uploads\/2022\/03\/Harmonie_Zi_405_5_web.jpg\" alt=\"Ein wei\u00dfer Stuhl steht vor einem Tisch mit Rotwein und Zeitung im Hotel Wien Zentrum \" class=\"not-lazy\" \/>\n              <\/div>\n                          <div class=\"splide__slide\">\n                <img decoding=\"async\" src=\"https:\/\/www.harmonie-vienna.at\/wp-content\/uploads\/2022\/03\/Harmonie_Zi_211_3_web.jpg\" alt=\"Doppelbett im Hotel Wien Zentrum mit roter Tagesdecke und rotem Kunstwerk \" class=\"not-lazy\" \/>\n              <\/div>\n                          <div class=\"splide__slide\">\n                <img decoding=\"async\" src=\"https:\/\/www.harmonie-vienna.at\/wp-content\/uploads\/2022\/03\/Harmonie_Zi_106_1_web.jpg\" alt=\"Blick in ein Doppelzimmer des Hotel Wien Zentrum mit Kommode und Doppelbett \" class=\"not-lazy\" \/>\n              <\/div>\n                          <div class=\"splide__slide\">\n                <img decoding=\"async\" src=\"https:\/\/www.harmonie-vienna.at\/wp-content\/uploads\/2022\/03\/Harmonie_Zi_211_1_web.jpg\" alt=\"Das Zimmer im Hotel Wien Zentrum mit Doppelbett, Kommode und Fernsehen \" class=\"not-lazy\" \/>\n              <\/div>\n                          <div class=\"splide__slide\">\n                <img decoding=\"async\" src=\"https:\/\/www.harmonie-vienna.at\/wp-content\/uploads\/2022\/03\/Harmonie_Zi_513_2_web.jpg\" alt=\"Blick auf ein Doppelbett des Hotel in Wiens Zentrum mit Kunstwerk an der Wand \" class=\"not-lazy\" \/>\n              <\/div>\n                          <div class=\"splide__slide\">\n                <img decoding=\"async\" src=\"https:\/\/www.harmonie-vienna.at\/wp-content\/uploads\/2022\/03\/Harmonie_078_web.jpg\" alt=\"Dame, die mit einer Tasse Kaffee am Fenster des Hotels in Wien steht\" class=\"not-lazy\" \/>\n              <\/div>\n                          <div class=\"splide__slide\">\n                <img decoding=\"async\" src=\"https:\/\/www.harmonie-vienna.at\/wp-content\/uploads\/2022\/03\/Harmonie_Zi_513_1_web.jpg\" alt=\"Ein gro\u00dfes Doppelbett mit roter Tagesdecke, wei\u00dfem Stuhl und Stehlampe \" class=\"not-lazy\" \/>\n              <\/div>\n                          <div class=\"splide__slide\">\n                <img decoding=\"async\" src=\"https:\/\/www.harmonie-vienna.at\/wp-content\/uploads\/2022\/03\/Harmonie_Zi_405_1_web.jpg\" alt=\"Eine Dame \u00f6ffnet den beigen Vorhang in einem Zimmer des Harmonie Hotels Wien\" class=\"not-lazy\" \/>\n              <\/div>\n                          <div class=\"splide__slide\">\n                <img decoding=\"async\" src=\"https:\/\/www.harmonie-vienna.at\/wp-content\/uploads\/2022\/03\/Harmonie_066_web.jpg\" alt=\"Ein Paar genie\u00dft das Fr\u00fchst\u00fcck mit Obst, Br\u00f6tchen und Kaffee im Bett des Hotels in Wien\" class=\"not-lazy\" \/>\n              <\/div>\n                          <div class=\"splide__slide\">\n                <img decoding=\"async\" src=\"https:\/\/www.harmonie-vienna.at\/wp-content\/uploads\/2022\/03\/Harmonie_412_01-scaled.jpg\" alt=\"Blick auf den Schreibtisch und das Doppelbett in einem Hotelzimmer in Wien \" class=\"not-lazy\" \/>\n              <\/div>\n                          <div class=\"splide__slide\">\n                <img decoding=\"async\" src=\"https:\/\/www.harmonie-vienna.at\/wp-content\/uploads\/2022\/03\/Harmonie_Zi_309_2_web.jpg\" alt=\"Doppelzimmer im Harmoniehotel mit Stehlampe, wei\u00dfem Stuhl und gro\u00dfem Fernsehen \" class=\"not-lazy\" \/>\n              <\/div>\n                          <div class=\"splide__slide\">\n                <img decoding=\"async\" src=\"https:\/\/www.harmonie-vienna.at\/wp-content\/uploads\/2022\/03\/Harmonie_Zi_309_1_web.jpg\" alt=\"Doppelzimmer mit zwei einzelnen Betten im Hotel im Zentrum von Wien\" class=\"not-lazy\" \/>\n              <\/div>\n                          <div class=\"splide__slide\">\n                <img decoding=\"async\" src=\"https:\/\/www.harmonie-vienna.at\/wp-content\/uploads\/2022\/03\/Harmonie_412_02-scaled.jpg\" alt=\"Blick auf ein Sofa mit Beistelltisch und ein Doppelbett in einem Zimmer in Wien \" class=\"not-lazy\" \/>\n              <\/div>\n                          <div class=\"splide__slide\">\n                <img decoding=\"async\" src=\"https:\/\/www.harmonie-vienna.at\/wp-content\/uploads\/2022\/03\/Harmonie_412_03-scaled.jpg\" alt=\"Hotelzimmer in Wiens Zentrum mit getrenntem Wohn- und Schlafbereich \" class=\"not-lazy\" \/>\n              <\/div>\n                          <div class=\"splide__slide\">\n                <img decoding=\"async\" src=\"https:\/\/www.harmonie-vienna.at\/wp-content\/uploads\/2022\/03\/Harmonie_Zi_212_2_web.jpg\" alt=\"Kleines Sofa und Stehlampe in einem Zimmer des Harmonie Hotel Wien Zentrum \" class=\"not-lazy\" \/>\n              <\/div>\n                          <div class=\"splide__slide\">\n                <img decoding=\"async\" src=\"https:\/\/www.harmonie-vienna.at\/wp-content\/uploads\/2022\/03\/Harmonie_Zi_212_1_web.jpg\" alt=\"Hotelzimmer im Hotel in Wien\" class=\"not-lazy\" \/>\n              <\/div>\n                          <div class=\"splide__slide\">\n                <img decoding=\"async\" src=\"https:\/\/www.harmonie-vienna.at\/wp-content\/uploads\/2022\/03\/Harmonie_Zi_513_5_web.jpg\" alt=\"Ausblick ins gr\u00fcne vom Schreibtisch und der Sitzecke des Hotelzimmers in Wien\" class=\"not-lazy\" \/>\n              <\/div>\n                          <div class=\"splide__slide\">\n                <img decoding=\"async\" src=\"https:\/\/www.harmonie-vienna.at\/wp-content\/uploads\/2022\/03\/Harmonie_Zi_405_2_web.jpg\" alt=\"Doppelbett im Hotel in Wiens Zentrum mit roter Tagesdecke und Wandkunstwerk \" class=\"not-lazy\" \/>\n              <\/div>\n                          <div class=\"splide__slide\">\n                <img decoding=\"async\" src=\"https:\/\/www.harmonie-vienna.at\/wp-content\/uploads\/2022\/03\/Harmonie_Zi_211_2_web.jpg\" alt=\"Eine Hotelmitarbeiterin richtet das Doppelbett in einem Hotelzimmer in Wien \" class=\"not-lazy\" \/>\n              <\/div>\n                      <\/div>\n        <\/div>\n      <\/div>\n    <\/div>\n  <\/div>\n\n\n<div class=\"\">\n  <div class=\"container mx-auto two-column-teaser-splide-wrapper\">\n    <div class=\"splide\" role=\"group\" aria-label=\"Slider - Le nostre camere per allergici\">\n      <div class=\"splide__track\">\n        <div class=\"splide__list\">\n\n                      \n                            <div class=\"splide__slide\">\n                                  <div class=\"two-column-teaser two-column-teaser--reverse-content\">\n                \n                  <div class=\"two-column-teaser__content\">\n                                          <span class=\"subline\">PrendeteVi una vacanza dall&#8217;allergia<\/span>\n                    \n                                          <h2 class=\"headline\">Le nostre camere per allergici<\/h2>\n                                        \n                                          <div class=\"wysiwyg-output\">\n                        <div>\n<p>L&#8217;Harmonie Vienna soddisfa lo standard internazionale ECARF: l&#8217;intero hotel \u00e8 non fumatori e gli animali domestici possono essere ospitati solo al di fuori delle camere per allergici, previa notifica. Utilizziamo solo piante in idrocoltura e nessuna che rilasci polline.<\/p>\n<\/div>\n<div>\n<p>Il nostro impianto di climatizzazione \u00e8 sottoposto a regolari ispezioni esterne ed \u00e8 quindi privo di muffe allergeniche. Se necessario, ci sono anche camere senza moquette per i soggetti allergici. Le coperture protettive antiallergiche della biancheria da letto garantiscono la riduzione degli acari. Su richiesta, possiamo fornire prodotti per la cura della pelle senza profumo o ipoallergenici. La colazione a buffet comprende alimenti adatti alle allergie.<\/p>\n<\/div>\n                      <\/div>\n                    \n                                      <\/div>\n                  <div class=\"two-column-teaser__images\">\n                                          <div class=\"two-column-teaser__main-image\">\n                        <img decoding=\"async\" src=\"https:\/\/www.harmonie-vienna.at\/wp-content\/uploads\/2022\/03\/Harmonie_079_web.jpg\" alt=\"Le nostre camere per allergici\">\n                        <small class=\"text-brown-dark\">Allergiker Zimmer<\/small>\n                      <\/div>\n                    \n                                      <\/div>\n\n                <\/div>\n\n              <\/div>\n\n                      \n        <\/div>\n      <\/div>\n    <\/div>\n  <\/div>\n<\/div>\n","protected":false},"excerpt":{"rendered":"","protected":false},"author":1,"featured_media":0,"parent":7475,"menu_order":0,"comment_status":"closed","ping_status":"closed","template":"","meta":{"_acf_changed":false,"footnotes":""},"class_list":["post-7495","page","type-page","status-publish","hentry"],"acf":[],"yoast_head":"<!-- This site is optimized with the Yoast SEO plugin v27.4 - https:\/\/yoast.com\/product\/yoast-seo-wordpress\/ -->\n<title>Camere e suite - Hotel Harmonie<\/title>\n<meta name=\"description\" content=\"Scoprite le nostre incantevoli camere e suite di design a Vienna \u2713WLAN \u2713Schermo piatto \u2713Macchina da caff\u00e8 espresso e molto altro ancora\" \/>\n<meta name=\"robots\" content=\"index, follow, max-snippet:-1, max-image-preview:large, max-video-preview:-1\" \/>\n<link rel=\"canonical\" href=\"https:\/\/www.harmonie-vienna.at\/it\/albergo-vienna-centro\/camere-e-suite\/\" \/>\n<meta property=\"og:locale\" content=\"it_IT\" \/>\n<meta property=\"og:type\" content=\"article\" \/>\n<meta property=\"og:title\" content=\"Camere e suite - Hotel Harmonie\" \/>\n<meta property=\"og:description\" content=\"Scoprite le nostre incantevoli camere e suite di design a Vienna \u2713WLAN \u2713Schermo piatto \u2713Macchina da caff\u00e8 espresso e molto altro ancora\" \/>\n<meta property=\"og:url\" content=\"https:\/\/www.harmonie-vienna.at\/it\/albergo-vienna-centro\/camere-e-suite\/\" \/>\n<meta property=\"og:site_name\" content=\"Hotel Harmonie\" \/>\n<meta property=\"article:modified_time\" content=\"2024-06-07T16:39:35+00:00\" \/>\n<meta name=\"twitter:card\" content=\"summary_large_image\" \/>\n<!-- \/ Yoast SEO plugin. -->","yoast_head_json":{"title":"Camere e suite - Hotel Harmonie","description":"Scoprite le nostre incantevoli camere e suite di design a Vienna \u2713WLAN \u2713Schermo piatto \u2713Macchina da caff\u00e8 espresso e molto altro ancora","robots":{"index":"index","follow":"follow","max-snippet":"max-snippet:-1","max-image-preview":"max-image-preview:large","max-video-preview":"max-video-preview:-1"},"canonical":"https:\/\/www.harmonie-vienna.at\/it\/albergo-vienna-centro\/camere-e-suite\/","og_locale":"it_IT","og_type":"article","og_title":"Camere e suite - Hotel Harmonie","og_description":"Scoprite le nostre incantevoli camere e suite di design a Vienna \u2713WLAN \u2713Schermo piatto \u2713Macchina da caff\u00e8 espresso e molto altro ancora","og_url":"https:\/\/www.harmonie-vienna.at\/it\/albergo-vienna-centro\/camere-e-suite\/","og_site_name":"Hotel Harmonie","article_modified_time":"2024-06-07T16:39:35+00:00","twitter_card":"summary_large_image","schema":{"@context":"https:\/\/schema.org","@graph":[{"@type":"WebPage","@id":"https:\/\/www.harmonie-vienna.at\/it\/albergo-vienna-centro\/camere-e-suite\/","url":"https:\/\/www.harmonie-vienna.at\/it\/albergo-vienna-centro\/camere-e-suite\/","name":"Camere e suite - Hotel Harmonie","isPartOf":{"@id":"https:\/\/www.harmonie-vienna.at\/it\/#website"},"datePublished":"2022-02-28T14:34:41+00:00","dateModified":"2024-06-07T16:39:35+00:00","description":"Scoprite le nostre incantevoli camere e suite di design a Vienna \u2713WLAN \u2713Schermo piatto \u2713Macchina da caff\u00e8 espresso e molto altro ancora","breadcrumb":{"@id":"https:\/\/www.harmonie-vienna.at\/it\/albergo-vienna-centro\/camere-e-suite\/#breadcrumb"},"inLanguage":"it-IT","potentialAction":[{"@type":"ReadAction","target":["https:\/\/www.harmonie-vienna.at\/it\/albergo-vienna-centro\/camere-e-suite\/"]}]},{"@type":"BreadcrumbList","@id":"https:\/\/www.harmonie-vienna.at\/it\/albergo-vienna-centro\/camere-e-suite\/#breadcrumb","itemListElement":[{"@type":"ListItem","position":1,"name":"Startseite","item":"https:\/\/www.harmonie-vienna.at\/it\/"},{"@type":"ListItem","position":2,"name":"Albergo Vienna Centro","item":"https:\/\/www.harmonie-vienna.at\/it\/albergo-vienna-centro\/"},{"@type":"ListItem","position":3,"name":"Camere e suite"}]},{"@type":"WebSite","@id":"https:\/\/www.harmonie-vienna.at\/it\/#website","url":"https:\/\/www.harmonie-vienna.at\/it\/","name":"Hotel Harmonie","description":"Boutique Hotel in Wien - The Harmonie Vienna","publisher":{"@id":"https:\/\/www.harmonie-vienna.at\/it\/#organization"},"potentialAction":[{"@type":"SearchAction","target":{"@type":"EntryPoint","urlTemplate":"https:\/\/www.harmonie-vienna.at\/it\/?s={search_term_string}"},"query-input":{"@type":"PropertyValueSpecification","valueRequired":true,"valueName":"search_term_string"}}],"inLanguage":"it-IT"},{"@type":"Organization","@id":"https:\/\/www.harmonie-vienna.at\/it\/#organization","name":"Hotel Harmonie Vienna","url":"https:\/\/www.harmonie-vienna.at\/it\/","logo":{"@type":"ImageObject","inLanguage":"it-IT","@id":"https:\/\/www.harmonie-vienna.at\/it\/#\/schema\/logo\/image\/","url":"https:\/\/www.harmonie-vienna.at\/wp-content\/uploads\/2022\/02\/cropped-cropped-hotel-harmonie-logo.png","contentUrl":"https:\/\/www.harmonie-vienna.at\/wp-content\/uploads\/2022\/02\/cropped-cropped-hotel-harmonie-logo.png","width":321,"height":90,"caption":"Hotel Harmonie Vienna"},"image":{"@id":"https:\/\/www.harmonie-vienna.at\/it\/#\/schema\/logo\/image\/"}}]}},"_links":{"self":[{"href":"https:\/\/www.harmonie-vienna.at\/it\/wp-json\/wp\/v2\/pages\/7495","targetHints":{"allow":["GET"]}}],"collection":[{"href":"https:\/\/www.harmonie-vienna.at\/it\/wp-json\/wp\/v2\/pages"}],"about":[{"href":"https:\/\/www.harmonie-vienna.at\/it\/wp-json\/wp\/v2\/types\/page"}],"author":[{"embeddable":true,"href":"https:\/\/www.harmonie-vienna.at\/it\/wp-json\/wp\/v2\/users\/1"}],"replies":[{"embeddable":true,"href":"https:\/\/www.harmonie-vienna.at\/it\/wp-json\/wp\/v2\/comments?post=7495"}],"version-history":[{"count":22,"href":"https:\/\/www.harmonie-vienna.at\/it\/wp-json\/wp\/v2\/pages\/7495\/revisions"}],"predecessor-version":[{"id":12273,"href":"https:\/\/www.harmonie-vienna.at\/it\/wp-json\/wp\/v2\/pages\/7495\/revisions\/12273"}],"up":[{"embeddable":true,"href":"https:\/\/www.harmonie-vienna.at\/it\/wp-json\/wp\/v2\/pages\/7475"}],"wp:attachment":[{"href":"https:\/\/www.harmonie-vienna.at\/it\/wp-json\/wp\/v2\/media?parent=7495"}],"curies":[{"name":"wp","href":"https:\/\/api.w.org\/{rel}","templated":true}]}}