{"id":7499,"date":"2022-03-13T17:23:42","date_gmt":"2022-03-13T16:23:42","guid":{"rendered":"https:\/\/www.harmonie-vienna.at\/albergo-vienna-centre\/hotel-sostenibile-a-vienna\/"},"modified":"2025-05-23T11:33:20","modified_gmt":"2025-05-23T09:33:20","slug":"hotel-sostenibile-a-vienna","status":"publish","type":"page","link":"https:\/\/www.harmonie-vienna.at\/it\/albergo-vienna-centro\/hotel-sostenibile-a-vienna\/","title":{"rendered":"Hotel sostenibile a Vienna"},"content":{"rendered":"\n\n<div class=\"page-intro  \">\n\n  <div \n    role=\"img\"\n    aria-label=\"Ein gr\u00fcnes Feld mit Windr\u00e4dern, dass von der Abendsonne bestrahlt wird \"\n    class=\"page-intro__image\" \n    style=\"background-image: url('https:\/\/www.harmonie-vienna.at\/wp-content\/uploads\/2022\/03\/pexels-robert-tippmann-10069484-1-scaled.jpg');\"\n  >\n  <\/div>\n\n      <div class=\"page-intro__content page-intro__content--align-center  \">\n  \n    <div class=\"frame\">\n              <span class=\"subline\">Sostenibilit\u00e0<\/span>\n      \n              <h1 class=\"headline\">&#8220;S\u00ec&#8221; alla sostenibilit\u00e0<\/h1>\n      \n              <div class=\"wysiwyg-output\"><h2>Informazioni sulla colazione biologica, camere per allergici e altro ancora<\/h2>\n<p>Fare qualcosa di buono per i nostri ospiti e allo stesso tempo trattare l&#8217;ambiente con gentilezza. Questo \u00e8 esattamente l&#8217;obiettivo che l&#8217;Harmonie Vienna si \u00e8 posto. La sostenibilit\u00e0 gioca un ruolo fondamentale nell&#8217;Harmoniegasse. Non appena si vede la facciata verde, ci si rende conto che c&#8217;\u00e8 molto di pi\u00f9 di quello che sembra. Che si tratti della colazione regionale con molti prodotti biologici, delle camere certificate per chi soffre di allergie o dell&#8217;immediata vicinanza ai trasporti pubblici, come ospiti dell&#8217;Harmonie Vienna sarete parte indispensabile della filosofia dell&#8217;hotel sostenibile!   <\/p>\n<\/div>\n      \n          <\/div>\n  <\/div>\n<\/div>\n\n\n<div class=\"\">\n  <div class=\"container mx-auto two-column-teaser-splide-wrapper\">\n    <div class=\"splide\" role=\"group\" aria-label=\"Slider - Ecolabel austriaco e Ecolabel UE\">\n      <div class=\"splide__track\">\n        <div class=\"splide__list\">\n\n                      \n                            <div class=\"splide__slide\">\n                                  <div class=\"two-column-teaser\">\n                \n                  <div class=\"two-column-teaser__content\">\n                                          <span class=\"subline\">Focus sulla sostenibilit\u00e0<\/span>\n                    \n                                          <h2 class=\"headline\">Ecolabel austriaco e Ecolabel UE<\/h2>\n                                        \n                                          <div class=\"wysiwyg-output\">\n                        <p>Turismo sostenibile? S\u00ec, grazie! L&#8217;Harmonie Vienna si fregia sia dell&#8217;Ecolabel austriaco che dell&#8217;Ecolabel UE. Cosa significa per voi? Si tratta di sostenibilit\u00e0 nel turismo: politiche ecologiche garantite nel vostro boutique hotel! Questo include l&#8217;offerta di una colazione sostenibile e l&#8217;uso responsabile di acqua ed energia.     <\/p>\n                      <\/div>\n                    \n                                      <\/div>\n                  <div class=\"two-column-teaser__images\">\n                                          <div class=\"two-column-teaser__main-image\">\n                        <img decoding=\"async\" src=\"https:\/\/www.harmonie-vienna.at\/wp-content\/uploads\/2022\/03\/pexels-arthur-ogleznev-1296265-683x1024.jpg\" alt=\"Ecolabel austriaco e Ecolabel UE\">\n                        <small class=\"text-brown-dark\">pexels-arthur-ogleznev-1296265<\/small>\n                      <\/div>\n                    \n                                      <\/div>\n\n                <\/div>\n\n              <\/div>\n\n                      \n        <\/div>\n      <\/div>\n    <\/div>\n  <\/div>\n<\/div>\n\n\n\n<div class=\"\">\n  <div class=\"container mx-auto two-column-teaser-splide-wrapper\">\n    <div class=\"splide\" role=\"group\" aria-label=\"Slider - La Garanzia Austria Bio\">\n      <div class=\"splide__track\">\n        <div class=\"splide__list\">\n\n                      \n                            <div class=\"splide__slide\">\n                                  <div class=\"two-column-teaser two-column-teaser--reverse-content\">\n                \n                  <div class=\"two-column-teaser__content\">\n                                          <span class=\"subline\">Colazione regionale e biologica<\/span>\n                    \n                                          <h2 class=\"headline\">La Garanzia Austria Bio<\/h2>\n                                        \n                                          <div class=\"wysiwyg-output\">\n                        <p>Il piacere sostenibile inizia la mattina a colazione. Prodotti regionali e biologici danno il tono al sontuoso buffet: <\/p>\n<ul>\n<li>Ingredienti selezionati per il vostro muesli biologico personalizzato<\/li>\n<li>Pane biologico genuino e pasticceria fresca del panificio artigianale Felber<\/li>\n<li>Specialit\u00e0 di salsiccia e formaggio dall&#8217;Austria<\/li>\n<li>Specialit\u00e0 di t\u00e8 e caff\u00e8 da Meinl<\/li>\n<li>Uova e prodotti lattiero-caseari 100% biologici da allevamento all&#8217;aperto provenienti da fornitori regionali<\/li>\n<li>Miele biologico viennese e marmellate del Tirolo orientale<\/li>\n<li>frutta fresca di stagione<\/li>\n<li>Succhi biologici di Hasenfit<\/li>\n<li>Prelibatezze per allergici<\/li>\n<\/ul>\n<p><strong>Potete fidarvi<\/strong>: gli alimenti biologici di Harmonie Vienna sono regolarmente controllati ed etichettati dall&#8217;ente di controllo indipendente &#8220;Austria Bio Garantie&#8221;.<\/p>\n                      <\/div>\n                    \n                                      <\/div>\n                  <div class=\"two-column-teaser__images\">\n                                          <div class=\"two-column-teaser__main-image\">\n                        <img decoding=\"async\" src=\"https:\/\/www.harmonie-vienna.at\/wp-content\/uploads\/2022\/03\/Harmonie_Speisen_01-Kopie-810x1024.jpg\" alt=\"La Garanzia Austria Bio\">\n                        <small class=\"text-brown-dark\">Fr\u00fchst\u00fcck im Harmonie Hotel<\/small>\n                      <\/div>\n                    \n                                      <\/div>\n\n                <\/div>\n\n              <\/div>\n\n                      \n        <\/div>\n      <\/div>\n    <\/div>\n  <\/div>\n<\/div>\n\n\n\n<div class=\"\">\n  <div class=\"container mx-auto two-column-teaser-splide-wrapper\">\n    <div class=\"splide\" role=\"group\" aria-label=\"Slider - \">\n      <div class=\"splide__track\">\n        <div class=\"splide__list\">\n\n          \n        <\/div>\n      <\/div>\n    <\/div>\n  <\/div>\n<\/div>\n\n\n\n<div class=\"\">\n  <div class=\"container mx-auto two-column-teaser-splide-wrapper\">\n    <div class=\"splide\" role=\"group\" aria-label=\"Slider - Il sigillo europeo per le allergie\">\n      <div class=\"splide__track\">\n        <div class=\"splide__list\">\n\n                      \n                            <div class=\"splide__slide\">\n                                  <div class=\"two-column-teaser\">\n                \n                  <div class=\"two-column-teaser__content\">\n                                          <span class=\"subline\">I soggetti allergici possono respirare tranquillamente<\/span>\n                    \n                                          <h2 class=\"headline\">Il sigillo europeo per le allergie<\/h2>\n                                        \n                                          <div class=\"wysiwyg-output\">\n                        <p>Vogliamo che tutti i nostri ospiti possano godere appieno di una vacanza sostenibile. E i soggetti allergici? Ancora di pi\u00f9! Ecco perch\u00e9 noi e i nostri numerosi ospiti siamo particolarmente lieti di aver ottenuto il sigillo europeo per le allergie. Ci\u00f2 significa che l&#8217;intero hotel \u00e8 organizzato secondo lo standard internazionale ECARF:<\/p>\n<ul>\n<li>hotel senza fumo<\/li>\n<li>Gli animali domestici sono ammessi solo con preavviso e a una distanza ragionevole dalle camere per i soggetti allergici.<\/li>\n<li>Utilizzate in idrocoltura solo piante che non rilasciano polline.<\/li>\n<li>Ispezione esterna regolare dell&#8217;impianto di climatizzazione: nessuna muffa<\/li>\n<li><a href=\"https:\/\/www.harmonie-vienna.at\/it\/albergo-vienna-centro\/camere-e-suite\/\" target=\"_blank\" rel=\"noopener noreferrer\">Camere per allergici<\/a>: senza moquette su richiesta<\/li>\n<li>Coperture protettive anallergiche per la biancheria da letto per ridurre gli acari<\/li>\n<li>Prodotti per la cura della pelle privi di profumo e ipoallergenici su richiesta<\/li>\n<li>Cibi per allergici al buffet della colazione<\/li>\n<\/ul>\n                      <\/div>\n                    \n                                      <\/div>\n                  <div class=\"two-column-teaser__images\">\n                                          <div class=\"two-column-teaser__main-image\">\n                        <img decoding=\"async\" src=\"https:\/\/www.harmonie-vienna.at\/wp-content\/uploads\/2022\/03\/Harmonie_056_web-Kopie.jpg\" alt=\"Il sigillo europeo per le allergie\">\n                        <small class=\"text-brown-dark\">Paar kommuniziert auf der Terrasse<\/small>\n                      <\/div>\n                    \n                                      <\/div>\n\n                <\/div>\n\n              <\/div>\n\n                      \n        <\/div>\n      <\/div>\n    <\/div>\n  <\/div>\n<\/div>\n\n\n\n<div class=\"\">\n  <div class=\"container mx-auto two-column-teaser-splide-wrapper\">\n    <div class=\"splide\" role=\"group\" aria-label=\"Slider - Indice di sviluppo sostenibile\">\n      <div class=\"splide__track\">\n        <div class=\"splide__list\">\n\n                      \n                            <div class=\"splide__slide\">\n                                  <div class=\"two-column-teaser two-column-teaser--reverse-content\">\n                \n                  <div class=\"two-column-teaser__content\">\n                                          <span class=\"subline\"> Emissioni di CO\u00b2e per pernottamento: 3,27kg<\/span>\n                    \n                                          <h2 class=\"headline\">Indice di sviluppo sostenibile<\/h2>\n                                        \n                                          <div class=\"wysiwyg-output\">\n                        <p><span id=\"yui_3_5_0_4_1706621724190_6616\" class=\"custom-font\">L&#8217;Harmonie Vienna \u00e8 stata premiata con il Platino in riconoscimento della sua performance ESG per il 2022.<\/span><\/p>\n<p>Il rating di sostenibilit\u00e0 analizza in modo molto approfondito e preciso le pratiche alberghiere in materia di ambiente, questioni sociali e corporate governance. L&#8217;analisi ESG \u00e8 l&#8217;analisi dei 3 pilastri della sostenibilit\u00e0. Tra le altre cose, include le emissioni di CO2 per pernottamento, il consumo di acqua e l&#8217;attuazione degli Obiettivi di Sviluppo Sostenibile (SDG) delle Nazioni Unite.<\/p>\n<p>Le nostre emissioni di CO\u00b2e per pernottamento: 3,27kg<\/p>\n                      <\/div>\n                    \n                                      <\/div>\n                  <div class=\"two-column-teaser__images\">\n                                          <div class=\"two-column-teaser__main-image\">\n                        <img decoding=\"async\" src=\"https:\/\/www.harmonie-vienna.at\/wp-content\/uploads\/2024\/02\/Aussenansicht-Kopie-3-683x1024.jpg\" alt=\"Indice di sviluppo sostenibile\">\n                        <small class=\"text-brown-dark\">Aussenansicht &#8211; Kopie (3)<\/small>\n                      <\/div>\n                    \n                                          <div class=\"two-column-teaser__secondary-image\">\n                        <img decoding=\"async\" src=\"https:\/\/www.harmonie-vienna.at\/wp-content\/uploads\/2024\/02\/Unbenannt-300x183.png\" alt=\"Indice di sviluppo sostenibile\">\n                      <\/div>\n                                      <\/div>\n\n                <\/div>\n\n              <\/div>\n\n                      \n        <\/div>\n      <\/div>\n    <\/div>\n  <\/div>\n<\/div>\n\n\n\n<div class=\"\">\n  <div class=\"container mx-auto two-column-teaser-splide-wrapper\">\n    <div class=\"splide\" role=\"group\" aria-label=\"Slider - Vegan Welcome\">\n      <div class=\"splide__track\">\n        <div class=\"splide__list\">\n\n                      \n                            <div class=\"splide__slide\">\n                                  <div class=\"two-column-teaser\">\n                \n                  <div class=\"two-column-teaser__content\">\n                                          <span class=\"subline\">Un paradiso per il divertimento a base vegetale<\/span>\n                    \n                                          <h2 class=\"headline\">Vegan Welcome<\/h2>\n                                        \n                                          <div class=\"wysiwyg-output\">\n                        <p>Con la nostra colazione vegana di qualit\u00e0 biologica, la collaborazione con &#8220;Vegan Welcome&#8221; era ovvia. Dopo tutto, anche gli amici della &#8220;cucina a base vegetale&#8221; dovrebbero conoscere la nostra offerta! La piattaforma &#8220;Vegan friendly Hotels&#8221; riunisce luoghi di villeggiatura che danno particolare importanza ai prodotti e al cibo vegani! Siamo lieti di farne parte.Con la nostra colazione vegana di qualit\u00e0 biologica, la collaborazione con &#8220;Vegan Welcome&#8221; era ovvia. Dopo tutto, anche gli amici della &#8220;cucina a base vegetale&#8221; dovrebbero conoscere la nostra offerta! La piattaforma &#8220;Vegan friendly Hotels&#8221; riunisce luoghi di villeggiatura che danno particolare importanza ai prodotti e al cibo vegani! Siamo lieti di farne parte.   <\/p>\n                      <\/div>\n                    \n                                      <\/div>\n                  <div class=\"two-column-teaser__images\">\n                                          <div class=\"two-column-teaser__main-image\">\n                        <img decoding=\"async\" src=\"https:\/\/www.harmonie-vienna.at\/wp-content\/uploads\/2022\/03\/pexels-sam-lion-5709271-683x1024.jpg\" alt=\"Vegan Welcome\">\n                        <small class=\"text-brown-dark\">pexels-sam-lion-5709271<\/small>\n                      <\/div>\n                    \n                                      <\/div>\n\n                <\/div>\n\n              <\/div>\n\n                      \n        <\/div>\n      <\/div>\n    <\/div>\n  <\/div>\n<\/div>\n\n\n\n<div class=\"py-4 md:py-24 \">\n  \n  <div class=\"container mx-auto\">\n    <div class=\"divider\"><\/div>\n\n    <div class=\"grid grid-cols-1 md:grid-cols-2\">\n              <div class=\"wysiwyg-output mr-4\">\n          <h2>Il nostro hotel sostenibile nel centro di Vienna<\/h2>\n<p>Sperimentate il turismo alberghiero sostenibile nella roccaforte culturale dell&#8217;Austria: vogliamo fare qualcosa di buono sia per i nostri ospiti che per l&#8217;ambiente, ecco perch\u00e9 la sostenibilit\u00e0 \u00e8 molto importante per noi. Risparmiando energia e acqua e consumando consapevolmente i prodotti regionali biologici, riduciamo sia la nostra che la Vostra impronta ecologica.<\/p>\n<p>&nbsp;<\/p>\n<p>Cinque sigilli di qualit\u00e0 premiano l&#8217;Harmonie Vienna come hotel sostenibile ed ecologico in Austria:<\/p>\n<ul>\n<li><a href=\"https:\/\/www.umweltzeichen.at\/de\/ecolabel\/tourismusbetriebe?cert_number=AT%2F051%2F098\" target=\"_blank\" rel=\"noopener\">Marchio ecologico Austriaco<\/a><\/li>\n<li><a href=\"https:\/\/eu-ecolabel.de\/eu-ecolabel-das-umweltzeichen-ihres-vertrauens\/ueber-das-eu-ecolabel\" target=\"_blank\" rel=\"noopener\">Marchio ecologico Europeo<\/a><\/li>\n<li><a href=\"https:\/\/www.bio-garantie.at\/de\/home\" target=\"_blank\" rel=\"noopener\">Garanzia biologica Austriaca<\/a><\/li>\n<li><a href=\"https:\/\/www.ecarf.org\/ecarf-siegel-fuer-allergikrefreundliche-produkte-und-services\/\" target=\"_blank\" rel=\"noopener\">Sigillo Europeo contro le allergie<\/a><\/li>\n<li><a href=\"https:\/\/www.vegan-welcome.com\/de\/hotels-entdecken\/hotel\/the-harmonie-vienna-wien.html\" target=\"_blank\" rel=\"noopener\">Vegan Welcome | Vegano benvenuto<\/a><\/li>\n<\/ul>\n<h2>Vacanza ecologica in Austria<\/h2>\n<p>Scoprite le <a href=\"https:\/\/www.harmonie-vienna.at\/sehenswuerdigkeiten\/sehenswuerdigkeiten\/\">attrazioni della capitale austriaca<\/a> senza sentirsi in colpa! Garantiamo ai nostri ospiti un viaggio rispettoso dell&#8217;ambiente, motivo per cui la posizione centrale a Vienna \u00e8 il fulcro del nostro concetto di hotel sostenibile. Potete raggiungere facilmente <a href=\"https:\/\/www.harmonie-vienna.at\/kontakt-und-anreise\/\">The Harmonie Vienna<\/a> con i mezzi pubblici sia dal Westbahnhof (circa 20 minuti) che dalla stazione centrale di Vienna (circa 30 minuti).<\/p>\n<p>&nbsp;<\/p>\n<p>Volete muovervi per Vienna in modo rispettoso dell&#8217;ambiente? Tutte queste attrazioni sono raggiungibili a piedi in meno di un&#8217;ora:<\/p>\n<ul>\n<li>Rathausplatz (Piazza del Municipio) &amp; Orologio Ankeruhr (17 min a piedi, 15 min coi mezzi pubblici)<\/li>\n<li>Palazzo Imperiale &amp; Teatro dell&#8217;Opera di Vienna (25-30 min. a piedi, 20 min. coi mezzi pubblici)<\/li>\n<li>Mercato &#8220;Naschmarkt&#8221; &amp; Chiesa di San Carlo (35 min. a piedi, 25 min. coi mezzi pubblici)<\/li>\n<li>Prater di Vienna (39 min. a piedi, 20 min. coi mezzi pubblici)<\/li>\n<li>Casa Hundertwasser (45 min. a piedi, 25 min. coi mezzi pubblici)<\/li>\n<li>Castello di Belvedere (55 min. a piedi, 25 min. coi mezzi pubblici)<\/li>\n<\/ul>\n<p>&nbsp;<\/p>\n        <\/div>\n                    <div class=\"wysiwyg-output ml-4\">\n          <h2>Promuovere in modo sostenibile la scena artistica Viennese<\/h2>\n<p>Vienna vive della sua diversit\u00e0 culturale, per questo motivo siamo particolarmente felici quando possiamo introdurre i nostri ospiti al mondo della <a href=\"https:\/\/www.harmonie-vienna.at\/erlebnis\/tanz-und-theater\/\">danza e del teatro.<\/a> Il nostro Boutique Hotel si trova nella Harmoniegasse, che un tempo ospitava anche l&#8217;Harmonie Theater. LasciateVi incantare dal quartiere degli artisti della vecchia Vienna e sostenete le numerose istituzioni culturali.<\/p>\n<p>&nbsp;<\/p>\n<p>Combinate ad esempio il Vostro soggiorno con una visita all&#8217;Opera di Stato di Vienna o con un&#8217;esperienza speciale assistendo ad un musical Grazie a numerose collaborazioni Vi proponiamo diversi pacchetti culturali. Trovate l&#8217;offerta adatta nelle nostre offerte <a href=\"https:\/\/www.harmonie-vienna.at\/it\/albergo-vienna-centro\/offerte-e-pacchetti\/\">speciali Harmonie.<\/a><\/p>\n<h2><strong>Slow Food<\/strong> <strong>Vienna <\/strong> \u2013 <strong>Cucina alberghiera sostenibile<\/strong><\/h2>\n<p>The Harmonie Vienna mette in armonia il Vostro piacere culinario e la natura Austriaca, soprattutto a colazione! La cucina del nostro hotel propone una ricca <a href=\"https:\/\/www.harmonie-vienna.at\/it\/albergo-vienna-centro\/delizie-culinarie-in-hotel\/\">colazione a buffet<\/a> con prodotti biologici regionali e un&#8217;ampia scelta di piatti vegani.<\/p>\n<p>&nbsp;<\/p>\n<p>Naturalmente ci adattiamo anche alle Vostre allergie e intolleranze. <a href=\"https:\/\/www.harmonie-vienna.at\/kontakt-und-anreise\/\">Indirizzateci!<\/a><\/p>\n<h2><strong>Stare bene insieme<\/strong><\/h2>\n<p>Per sostenibilit\u00e0 non intendiamo solo la tutela dell&#8217;ambiente, ma vogliamo anche rafforzare in modo sostenibile il senso di comunit\u00e0. Grazie alla nostra <a href=\"https:\/\/www.harmonie-vienna.at\/it\/albergo-vienna-centro\/delizie-culinarie-in-hotel\/\">Harmonie Lounge <\/a> Vi sentirete come se foste nel salotto di casa Vostra. Scambiate idee davanti a un&#8217;eccellente tazza di caff\u00e8 viennese o curiosate insieme nella biblioteca dell&#8217;hotel.<\/p>\n<p>&nbsp;<\/p>\n<p>Vogliamo inoltre che tutti gli ospiti si sentano a proprio agio nell&#8217;Harmonie Vienna, motivo per cui siamo un hotel per non fumatori. Se lo desiderate, saremo lieti di ospitarVi anche in una <a href=\"https:\/\/www.harmonie-vienna.at\/it\/albergo-vienna-centro\/camere-e-suite\/\">camera standardizzata ECARF<\/a> per chi soffre di allergie.<\/p>\n        <\/div>\n          <\/div>\n\n    <div class=\"divider\"><\/div>\n  <\/div>\n\n<\/div>\n\n","protected":false},"excerpt":{"rendered":"","protected":false},"author":11,"featured_media":0,"parent":7475,"menu_order":0,"comment_status":"closed","ping_status":"closed","template":"","meta":{"_acf_changed":false,"footnotes":""},"class_list":["post-7499","page","type-page","status-publish","hentry"],"acf":[],"yoast_head":"<!-- This site is optimized with the Yoast SEO plugin v27.4 - https:\/\/yoast.com\/product\/yoast-seo-wordpress\/ -->\n<title>Hotel sostenibile a Vienna | The Harmonie Vienna<\/title>\n<meta name=\"description\" content=\"\u2713 Cucina vegana \u2713 Camere prive di allergie \u2713 Marchio ecologico nel nostro hotel sostenibile a Vienna \u25ba Scoprite l&#039;Harmonie Vienna\" \/>\n<meta name=\"robots\" content=\"index, follow, max-snippet:-1, max-image-preview:large, max-video-preview:-1\" \/>\n<link rel=\"canonical\" href=\"https:\/\/www.harmonie-vienna.at\/it\/albergo-vienna-centro\/hotel-sostenibile-a-vienna\/\" \/>\n<meta property=\"og:locale\" content=\"it_IT\" \/>\n<meta property=\"og:type\" content=\"article\" \/>\n<meta property=\"og:title\" content=\"Hotel sostenibile a Vienna | The Harmonie Vienna\" \/>\n<meta property=\"og:description\" content=\"\u2713 Cucina vegana \u2713 Camere prive di allergie \u2713 Marchio ecologico nel nostro hotel sostenibile a Vienna \u25ba Scoprite l&#039;Harmonie Vienna\" \/>\n<meta property=\"og:url\" content=\"https:\/\/www.harmonie-vienna.at\/it\/albergo-vienna-centro\/hotel-sostenibile-a-vienna\/\" \/>\n<meta property=\"og:site_name\" content=\"Hotel Harmonie\" \/>\n<meta property=\"article:modified_time\" content=\"2025-05-23T09:33:20+00:00\" \/>\n<meta name=\"twitter:card\" content=\"summary_large_image\" \/>\n<!-- \/ Yoast SEO plugin. -->","yoast_head_json":{"title":"Hotel sostenibile a Vienna | The Harmonie Vienna","description":"\u2713 Cucina vegana \u2713 Camere prive di allergie \u2713 Marchio ecologico nel nostro hotel sostenibile a Vienna \u25ba Scoprite l'Harmonie Vienna","robots":{"index":"index","follow":"follow","max-snippet":"max-snippet:-1","max-image-preview":"max-image-preview:large","max-video-preview":"max-video-preview:-1"},"canonical":"https:\/\/www.harmonie-vienna.at\/it\/albergo-vienna-centro\/hotel-sostenibile-a-vienna\/","og_locale":"it_IT","og_type":"article","og_title":"Hotel sostenibile a Vienna | The Harmonie Vienna","og_description":"\u2713 Cucina vegana \u2713 Camere prive di allergie \u2713 Marchio ecologico nel nostro hotel sostenibile a Vienna \u25ba Scoprite l'Harmonie Vienna","og_url":"https:\/\/www.harmonie-vienna.at\/it\/albergo-vienna-centro\/hotel-sostenibile-a-vienna\/","og_site_name":"Hotel Harmonie","article_modified_time":"2025-05-23T09:33:20+00:00","twitter_card":"summary_large_image","schema":{"@context":"https:\/\/schema.org","@graph":[{"@type":"WebPage","@id":"https:\/\/www.harmonie-vienna.at\/it\/albergo-vienna-centro\/hotel-sostenibile-a-vienna\/","url":"https:\/\/www.harmonie-vienna.at\/it\/albergo-vienna-centro\/hotel-sostenibile-a-vienna\/","name":"Hotel sostenibile a Vienna | The Harmonie Vienna","isPartOf":{"@id":"https:\/\/www.harmonie-vienna.at\/it\/#website"},"datePublished":"2022-03-13T16:23:42+00:00","dateModified":"2025-05-23T09:33:20+00:00","description":"\u2713 Cucina vegana \u2713 Camere prive di allergie \u2713 Marchio ecologico nel nostro hotel sostenibile a Vienna \u25ba Scoprite l'Harmonie Vienna","breadcrumb":{"@id":"https:\/\/www.harmonie-vienna.at\/it\/albergo-vienna-centro\/hotel-sostenibile-a-vienna\/#breadcrumb"},"inLanguage":"it-IT","potentialAction":[{"@type":"ReadAction","target":["https:\/\/www.harmonie-vienna.at\/it\/albergo-vienna-centro\/hotel-sostenibile-a-vienna\/"]}]},{"@type":"BreadcrumbList","@id":"https:\/\/www.harmonie-vienna.at\/it\/albergo-vienna-centro\/hotel-sostenibile-a-vienna\/#breadcrumb","itemListElement":[{"@type":"ListItem","position":1,"name":"Startseite","item":"https:\/\/www.harmonie-vienna.at\/it\/"},{"@type":"ListItem","position":2,"name":"Albergo Vienna Centro","item":"https:\/\/www.harmonie-vienna.at\/it\/albergo-vienna-centro\/"},{"@type":"ListItem","position":3,"name":"Hotel sostenibile a Vienna"}]},{"@type":"WebSite","@id":"https:\/\/www.harmonie-vienna.at\/it\/#website","url":"https:\/\/www.harmonie-vienna.at\/it\/","name":"Hotel Harmonie","description":"Boutique Hotel in Wien - The Harmonie Vienna","publisher":{"@id":"https:\/\/www.harmonie-vienna.at\/it\/#organization"},"potentialAction":[{"@type":"SearchAction","target":{"@type":"EntryPoint","urlTemplate":"https:\/\/www.harmonie-vienna.at\/it\/?s={search_term_string}"},"query-input":{"@type":"PropertyValueSpecification","valueRequired":true,"valueName":"search_term_string"}}],"inLanguage":"it-IT"},{"@type":"Organization","@id":"https:\/\/www.harmonie-vienna.at\/it\/#organization","name":"Hotel Harmonie Vienna","url":"https:\/\/www.harmonie-vienna.at\/it\/","logo":{"@type":"ImageObject","inLanguage":"it-IT","@id":"https:\/\/www.harmonie-vienna.at\/it\/#\/schema\/logo\/image\/","url":"https:\/\/www.harmonie-vienna.at\/wp-content\/uploads\/2022\/02\/cropped-cropped-hotel-harmonie-logo.png","contentUrl":"https:\/\/www.harmonie-vienna.at\/wp-content\/uploads\/2022\/02\/cropped-cropped-hotel-harmonie-logo.png","width":321,"height":90,"caption":"Hotel Harmonie Vienna"},"image":{"@id":"https:\/\/www.harmonie-vienna.at\/it\/#\/schema\/logo\/image\/"}}]}},"_links":{"self":[{"href":"https:\/\/www.harmonie-vienna.at\/it\/wp-json\/wp\/v2\/pages\/7499","targetHints":{"allow":["GET"]}}],"collection":[{"href":"https:\/\/www.harmonie-vienna.at\/it\/wp-json\/wp\/v2\/pages"}],"about":[{"href":"https:\/\/www.harmonie-vienna.at\/it\/wp-json\/wp\/v2\/types\/page"}],"author":[{"embeddable":true,"href":"https:\/\/www.harmonie-vienna.at\/it\/wp-json\/wp\/v2\/users\/11"}],"replies":[{"embeddable":true,"href":"https:\/\/www.harmonie-vienna.at\/it\/wp-json\/wp\/v2\/comments?post=7499"}],"version-history":[{"count":7,"href":"https:\/\/www.harmonie-vienna.at\/it\/wp-json\/wp\/v2\/pages\/7499\/revisions"}],"predecessor-version":[{"id":13819,"href":"https:\/\/www.harmonie-vienna.at\/it\/wp-json\/wp\/v2\/pages\/7499\/revisions\/13819"}],"up":[{"embeddable":true,"href":"https:\/\/www.harmonie-vienna.at\/it\/wp-json\/wp\/v2\/pages\/7475"}],"wp:attachment":[{"href":"https:\/\/www.harmonie-vienna.at\/it\/wp-json\/wp\/v2\/media?parent=7499"}],"curies":[{"name":"wp","href":"https:\/\/api.w.org\/{rel}","templated":true}]}}