{"id":7501,"date":"2023-10-20T08:36:21","date_gmt":"2023-10-20T06:36:21","guid":{"rendered":"https:\/\/www.harmonie-vienna.at\/albergo-vienna-centre\/premi-e-onorificenze\/"},"modified":"2025-11-24T11:45:26","modified_gmt":"2025-11-24T10:45:26","slug":"premi-e-onorificenze","status":"publish","type":"page","link":"https:\/\/www.harmonie-vienna.at\/it\/albergo-vienna-centro\/premi-e-onorificenze\/","title":{"rendered":"Premi e onorificenze"},"content":{"rendered":"\n\n<div class=\"page-intro  \">\n\n  <div \n    role=\"img\"\n    aria-label=\"Team - Hotel Harmonie \"\n    class=\"page-intro__image\" \n    style=\"background-image: url('https:\/\/www.harmonie-vienna.at\/wp-content\/uploads\/2022\/11\/WEB_Harmonie-Hotel-0575-Bearbeitet-scaled.jpg');\"\n  >\n  <\/div>\n\n      <div class=\"page-intro__content page-intro__content--align-center  \">\n  \n    <div class=\"frame\">\n              <span class=\"subline\">Premi e onorificenze<\/span>\n      \n              <h1 class=\"headline\">Aspiriamo al successo con il cuore<\/h1>\n      \n              <div class=\"wysiwyg-output\"><p>La nostra passione per un servizio di prima classe e per esperienze indimenticabili non \u00e8 passata inosservata! Nel corso degli anni, il nostro team dedicato e il nostro proprietario visionario hanno vinto numerosi premi e riconoscimenti per il loro instancabile impegno e la loro devozione. Lavoriamo insieme per garantire che la Vostra &#8220;esperienza di armonia&#8221; diventi un&#8217;opera d&#8217;arte totale. Per saperne di pi\u00f9 sul nostro viaggio premiato, cliccate qui.<\/p>\n<\/div>\n      \n          <\/div>\n  <\/div>\n<\/div>\n\n<div class=\"usp-grid \">\n  <div class=\"container mx-auto\">\n    \n          <h2 class=\"headline\">Siamo particolarmente orgogliosi di questo<\/h2>\n    \n    \n      <ul class=\"usp-grid__items\" Das Beste im \u00dcberblick\">\n\n        \n          \n          <li class=\"usp-grid__item\">\n            <div class=\"frame\">\n                              <span class=\"subline\">Fachverband Hotellerie<\/span>\n              \n                              <h2 class=\"headline-3\">Hoteliere des Jahres<\/h2>\n              \n                              <p>Unsere Eigent\u00fcmerin Mag. Sonja Wimmer, wurde beim wichtigsten Hotelpreis \u00d6sterreichs zur &#8220;Hoteliere des Jahres&#8221; gek\u00fcrt. Darauf sind wir sehr stolz!<\/p>\n              \n                          <\/div>\n          <\/li>\n\n        \n          \n          <li class=\"usp-grid__item\">\n            <div class=\"frame\">\n                              <span class=\"subline\">\u00d6sterreichischer<\/span>\n              \n                              <h2 class=\"headline-3\">Innovationspreis Tourismus<\/h2>\n              \n                              <p>&#8220;Gemeinsam f\u00fcr ein G\u00e4stel\u00e4cheln&#8221;. Als Spitzenreiter in Wien erhielten wir den Preis f\u00fcr innovative Mitarbeiterf\u00fchrung und -entwicklung.<\/p>\n              \n                          <\/div>\n          <\/li>\n\n        \n          \n          <li class=\"usp-grid__item\">\n            <div class=\"frame\">\n                              <span class=\"subline\">\u00d6sterreichischer<\/span>\n              \n                              <h2 class=\"headline-3\">Exportpreis<\/h2>\n              \n                              <p>F\u00fcr unser &#8220;\u00fcberdurchschnittliches Engagement und Erfolge&#8221; erhielten wir in Bezug auf nachhaltigen Kulturtourismus den Bronze-Preis.<\/p>\n              \n                          <\/div>\n          <\/li>\n\n              \n      <\/ul>\n\n    \n  <\/div>\n<\/div>\n\n\n\n<div class=\"\">\n  <div class=\"container mx-auto two-column-teaser-splide-wrapper\">\n    <div class=\"splide\" role=\"group\" aria-label=\"Slider - I nostri premi\">\n      <div class=\"splide__track\">\n        <div class=\"splide__list\">\n\n                      \n                            <div class=\"splide__slide\">\n                                  <div class=\"two-column-teaser\">\n                \n                  <div class=\"two-column-teaser__content\">\n                                          <span class=\"subline\">Lo sviluppo continuo \u00e8 importante per noi<\/span>\n                    \n                                          <h2 class=\"headline\">I nostri premi<\/h2>\n                                        \n                                          <div class=\"wysiwyg-output\">\n                        <ul>\n<li><a href=\"https:\/\/www.sonjawimmer.at\/\" target=\"_blank\" rel=\"noopener\">Sonja Wimmer riceve il premio di albergatrice dell&#8217;anno (2016\/2017), a livello nazionale<\/a><\/li>\n<li><a href=\"https:\/\/www.harmonie-vienna.at\/wp-content\/uploads\/2023\/09\/The-Harmonie-Vienna_OeIT_202126-1.pdf\" target=\"_blank\" rel=\"noopener\">Premio austriaco per l&#8217;innovazione nel turismo<\/a> &#8211; &#8220;Leadership sostenibile, le persone al centro&#8221; (2021), a livello nazionale, argento<\/li>\n<li><a href=\"https:\/\/www.harmonie-vienna.at\/wp-content\/uploads\/2023\/09\/The-Harmonie-Vienna_Exportpreis_202359.pdf\" target=\"_blank\" rel=\"noopener\">Premio austriaco per l&#8217;esportazione<\/a> &#8211; Turismo culturale sostenibile, a livello nazionale, bronzo<\/li>\n<li>Premio HERMES Business: Employer branding &#8220;Insieme per un sorriso donato da un ospite&#8221;, a livello di settore in Austria, 7\u00b0 posto a livello di settore, maggio 2022<\/li>\n<li><a href=\"https:\/\/www.harmonie-vienna.at\/it\/albergo-vienna-centro\/hotel-sostenibile-a-vienna\/\" target=\"_blank\" rel=\"noopener\">Distintivo ambientale austriaco<\/a>, 2022<\/li>\n<li><a href=\"https:\/\/www.harmonie-vienna.at\/veganes-fruehstueck\/\" target=\"_blank\" rel=\"noopener\">Ecolabel europeo<\/a>, 2022<\/li>\n<li>Valutazione del miglior datore di lavoro, 3\u00b0 posto, Falstaff 2022<\/li>\n<li>Hotel scelti dai viaggiatori, 1\u00b0 posto, Tripadvisor<\/li>\n<li>partner del progetto <strong>klimaaktiv<\/strong> &#8211; attuiamo costantemente misure per migliorare l&#8217;efficienza energetica e ridurre il consumo di energia<\/li>\n<\/ul>\n                      <\/div>\n                    \n                                      <\/div>\n                  <div class=\"two-column-teaser__images\">\n                                          <div class=\"two-column-teaser__main-image\">\n                        <img decoding=\"async\" src=\"https:\/\/www.harmonie-vienna.at\/wp-content\/uploads\/2023\/09\/OeIT-Ueberreichung-mit-Susanne-Krauss-Winkler_I-682x1024.jpg\" alt=\"I nostri premi\">\n                        <small class=\"text-brown-dark\">O\u0308IT U\u0308berreichung mit Susanne Krauss Winkler_I<\/small>\n                      <\/div>\n                    \n                                      <\/div>\n\n                <\/div>\n\n              <\/div>\n\n                      \n        <\/div>\n      <\/div>\n    <\/div>\n  <\/div>\n<\/div>\n\n\n\n<div class=\"\">\n  <div class=\"container mx-auto two-column-teaser-splide-wrapper\">\n    <div class=\"splide\" role=\"group\" aria-label=\"Slider - Sempre con una prospettiva futura.\">\n      <div class=\"splide__track\">\n        <div class=\"splide__list\">\n\n                      \n                            <div class=\"splide__slide\">\n                                  <div class=\"two-column-teaser two-column-teaser--reverse-content\">\n                \n                  <div class=\"two-column-teaser__content\">\n                                          <span class=\"subline\">Innovazioni e impegno<\/span>\n                    \n                                          <h2 class=\"headline\">Sempre con una prospettiva futura.<\/h2>\n                                        \n                                          <div class=\"wysiwyg-output\">\n                        <p>Oltre ai nostri premi, siamo molto orgogliosi delle nostre innovazioni &#8220;pratiche&#8221;, che sviluppiamo molto rapidamente e continuamente come team e che adattiamo alle rispettive situazioni.<\/p>\n<ul>\n<li>Dal 2018 abbiamo trovato posto nel programma &#8220;Austrian Hotel Legends&#8221;, trasmesso ininterrottamente da Servus TV. Siamo lieti dei numerosi feedback che continuiamo a ricevere anche dopo 5 anni!<\/li>\n<li>Ottobre 2020: siamo stati una delle prime aziende in citt\u00e0 ad attivare test rapidi innovativi per l&#8217;area del seminario e successivamente anche un&#8217;offerta di autotest PCR (Lead Horizon).<\/li>\n<li>Per noi \u00e8 importante contribuire costantemente all&#8217;ulteriore sviluppo del turismo. Per questo motivo partecipiamo anche a programmi televisivi, come &#8220;Politik am Ring&#8221; sul tema &#8220;Come pu\u00f2 il turismo trovare la via d&#8217;uscita dalla crisi?&#8221;.<\/li>\n<li>Premio per concetto, qualit\u00e0 e cultura aziendale &#8220;Entusiasta, empatico, unico&#8221;, Hotel &amp; Turismo<\/li>\n<li><a href=\"https:\/\/schaffenwir.wko.at\/erfolgsgeschichten\/ein-boutique-hotel-das-aus-der-reihe-tanzt\/\" target=\"_blank\" rel=\"noopener\">Storia di successo<\/a> della WKO Vienna, 2023 #possiamofarlo<\/li>\n<\/ul>\n                      <\/div>\n                    \n                                      <\/div>\n                  <div class=\"two-column-teaser__images\">\n                                          <div class=\"two-column-teaser__main-image\">\n                        <img decoding=\"async\" src=\"https:\/\/www.harmonie-vienna.at\/wp-content\/uploads\/2023\/09\/Harmonie_Exportpreis-Foto_Sonja_Wimmer_Bronze_copyright_Nadine_Studeny_Aussenwirtschaft_Austria34-Kopie-770x1024.jpg\" alt=\"Sempre con una prospettiva futura.\">\n                        <small class=\"text-brown-dark\">Harmonie_Exportpreis Foto_Sonja_Wimmer_Bronze_copyright_Nadine_Studeny_Aussenwirtschaft_Austria[34] Kopie<\/small>\n                      <\/div>\n                    \n                                      <\/div>\n\n                <\/div>\n\n              <\/div>\n\n                      \n        <\/div>\n      <\/div>\n    <\/div>\n  <\/div>\n<\/div>\n\n\n\n<div class=\"\">\n  <div class=\"container mx-auto two-column-teaser-splide-wrapper\">\n    <div class=\"splide\" role=\"group\" aria-label=\"Slider - \">\n      <div class=\"splide__track\">\n        <div class=\"splide__list\">\n\n          \n        <\/div>\n      <\/div>\n    <\/div>\n  <\/div>\n<\/div>\n","protected":false},"excerpt":{"rendered":"","protected":false},"author":11,"featured_media":0,"parent":7475,"menu_order":0,"comment_status":"closed","ping_status":"closed","template":"","meta":{"_acf_changed":false,"footnotes":""},"class_list":["post-7501","page","type-page","status-publish","hentry"],"acf":[],"yoast_head":"<!-- This site is optimized with the Yoast SEO plugin v27.4 - https:\/\/yoast.com\/product\/yoast-seo-wordpress\/ -->\n<title>I nostri riconoscimenti | The Harmonie Vienna<\/title>\n<meta name=\"description\" content=\"Fissiamo nuovi standard \u27a4 Scoprite i riconoscimenti ottenuti da The Harmonie \u2713 Hotelier dell&#039;anno \u2713 Innovazione e sostenibilit\u00e0 \u2713 Miglior datore di lavoro\" \/>\n<meta name=\"robots\" content=\"index, follow, max-snippet:-1, max-image-preview:large, max-video-preview:-1\" \/>\n<link rel=\"canonical\" href=\"https:\/\/www.harmonie-vienna.at\/it\/albergo-vienna-centro\/premi-e-onorificenze\/\" \/>\n<meta property=\"og:locale\" content=\"it_IT\" \/>\n<meta property=\"og:type\" content=\"article\" \/>\n<meta property=\"og:title\" content=\"I nostri riconoscimenti | The Harmonie Vienna\" \/>\n<meta property=\"og:description\" content=\"Fissiamo nuovi standard \u27a4 Scoprite i riconoscimenti ottenuti da The Harmonie \u2713 Hotelier dell&#039;anno \u2713 Innovazione e sostenibilit\u00e0 \u2713 Miglior datore di lavoro\" \/>\n<meta property=\"og:url\" content=\"https:\/\/www.harmonie-vienna.at\/it\/albergo-vienna-centro\/premi-e-onorificenze\/\" \/>\n<meta property=\"og:site_name\" content=\"Hotel Harmonie\" \/>\n<meta property=\"article:modified_time\" content=\"2025-11-24T10:45:26+00:00\" \/>\n<meta name=\"twitter:card\" content=\"summary_large_image\" \/>\n<!-- \/ Yoast SEO plugin. -->","yoast_head_json":{"title":"I nostri riconoscimenti | The Harmonie Vienna","description":"Fissiamo nuovi standard \u27a4 Scoprite i riconoscimenti ottenuti da The Harmonie \u2713 Hotelier dell'anno \u2713 Innovazione e sostenibilit\u00e0 \u2713 Miglior datore di lavoro","robots":{"index":"index","follow":"follow","max-snippet":"max-snippet:-1","max-image-preview":"max-image-preview:large","max-video-preview":"max-video-preview:-1"},"canonical":"https:\/\/www.harmonie-vienna.at\/it\/albergo-vienna-centro\/premi-e-onorificenze\/","og_locale":"it_IT","og_type":"article","og_title":"I nostri riconoscimenti | The Harmonie Vienna","og_description":"Fissiamo nuovi standard \u27a4 Scoprite i riconoscimenti ottenuti da The Harmonie \u2713 Hotelier dell'anno \u2713 Innovazione e sostenibilit\u00e0 \u2713 Miglior datore di lavoro","og_url":"https:\/\/www.harmonie-vienna.at\/it\/albergo-vienna-centro\/premi-e-onorificenze\/","og_site_name":"Hotel Harmonie","article_modified_time":"2025-11-24T10:45:26+00:00","twitter_card":"summary_large_image","schema":{"@context":"https:\/\/schema.org","@graph":[{"@type":"WebPage","@id":"https:\/\/www.harmonie-vienna.at\/it\/albergo-vienna-centro\/premi-e-onorificenze\/","url":"https:\/\/www.harmonie-vienna.at\/it\/albergo-vienna-centro\/premi-e-onorificenze\/","name":"I nostri riconoscimenti | The Harmonie Vienna","isPartOf":{"@id":"https:\/\/www.harmonie-vienna.at\/it\/#website"},"datePublished":"2023-10-20T06:36:21+00:00","dateModified":"2025-11-24T10:45:26+00:00","description":"Fissiamo nuovi standard \u27a4 Scoprite i riconoscimenti ottenuti da The Harmonie \u2713 Hotelier dell'anno \u2713 Innovazione e sostenibilit\u00e0 \u2713 Miglior datore di lavoro","breadcrumb":{"@id":"https:\/\/www.harmonie-vienna.at\/it\/albergo-vienna-centro\/premi-e-onorificenze\/#breadcrumb"},"inLanguage":"it-IT","potentialAction":[{"@type":"ReadAction","target":["https:\/\/www.harmonie-vienna.at\/it\/albergo-vienna-centro\/premi-e-onorificenze\/"]}]},{"@type":"BreadcrumbList","@id":"https:\/\/www.harmonie-vienna.at\/it\/albergo-vienna-centro\/premi-e-onorificenze\/#breadcrumb","itemListElement":[{"@type":"ListItem","position":1,"name":"Startseite","item":"https:\/\/www.harmonie-vienna.at\/it\/"},{"@type":"ListItem","position":2,"name":"Albergo Vienna Centro","item":"https:\/\/www.harmonie-vienna.at\/it\/albergo-vienna-centro\/"},{"@type":"ListItem","position":3,"name":"Premi e onorificenze"}]},{"@type":"WebSite","@id":"https:\/\/www.harmonie-vienna.at\/it\/#website","url":"https:\/\/www.harmonie-vienna.at\/it\/","name":"Hotel Harmonie","description":"Boutique Hotel in Wien - The Harmonie Vienna","publisher":{"@id":"https:\/\/www.harmonie-vienna.at\/it\/#organization"},"potentialAction":[{"@type":"SearchAction","target":{"@type":"EntryPoint","urlTemplate":"https:\/\/www.harmonie-vienna.at\/it\/?s={search_term_string}"},"query-input":{"@type":"PropertyValueSpecification","valueRequired":true,"valueName":"search_term_string"}}],"inLanguage":"it-IT"},{"@type":"Organization","@id":"https:\/\/www.harmonie-vienna.at\/it\/#organization","name":"Hotel Harmonie Vienna","url":"https:\/\/www.harmonie-vienna.at\/it\/","logo":{"@type":"ImageObject","inLanguage":"it-IT","@id":"https:\/\/www.harmonie-vienna.at\/it\/#\/schema\/logo\/image\/","url":"https:\/\/www.harmonie-vienna.at\/wp-content\/uploads\/2022\/02\/cropped-cropped-hotel-harmonie-logo.png","contentUrl":"https:\/\/www.harmonie-vienna.at\/wp-content\/uploads\/2022\/02\/cropped-cropped-hotel-harmonie-logo.png","width":321,"height":90,"caption":"Hotel Harmonie Vienna"},"image":{"@id":"https:\/\/www.harmonie-vienna.at\/it\/#\/schema\/logo\/image\/"}}]}},"_links":{"self":[{"href":"https:\/\/www.harmonie-vienna.at\/it\/wp-json\/wp\/v2\/pages\/7501","targetHints":{"allow":["GET"]}}],"collection":[{"href":"https:\/\/www.harmonie-vienna.at\/it\/wp-json\/wp\/v2\/pages"}],"about":[{"href":"https:\/\/www.harmonie-vienna.at\/it\/wp-json\/wp\/v2\/types\/page"}],"author":[{"embeddable":true,"href":"https:\/\/www.harmonie-vienna.at\/it\/wp-json\/wp\/v2\/users\/11"}],"replies":[{"embeddable":true,"href":"https:\/\/www.harmonie-vienna.at\/it\/wp-json\/wp\/v2\/comments?post=7501"}],"version-history":[{"count":25,"href":"https:\/\/www.harmonie-vienna.at\/it\/wp-json\/wp\/v2\/pages\/7501\/revisions"}],"predecessor-version":[{"id":13821,"href":"https:\/\/www.harmonie-vienna.at\/it\/wp-json\/wp\/v2\/pages\/7501\/revisions\/13821"}],"up":[{"embeddable":true,"href":"https:\/\/www.harmonie-vienna.at\/it\/wp-json\/wp\/v2\/pages\/7475"}],"wp:attachment":[{"href":"https:\/\/www.harmonie-vienna.at\/it\/wp-json\/wp\/v2\/media?parent=7501"}],"curies":[{"name":"wp","href":"https:\/\/api.w.org\/{rel}","templated":true}]}}