{"id":7510,"date":"2022-03-02T17:06:54","date_gmt":"2022-03-02T16:06:54","guid":{"rendered":"https:\/\/www.harmonie-vienna.at\/esperienza\/"},"modified":"2025-11-20T20:05:54","modified_gmt":"2025-11-20T19:05:54","slug":"esperienza","status":"publish","type":"page","link":"https:\/\/www.harmonie-vienna.at\/it\/esperienza\/","title":{"rendered":"Esperienza"},"content":{"rendered":"\n\n<div class=\"page-intro  \">\n\n  <div \n    role=\"img\"\n    aria-label=\"Menschen in Wien genie\u00dfen das Sommerwetter im Freien  \"\n    class=\"page-intro__image\" \n    style=\"background-image: url('https:\/\/www.harmonie-vienna.at\/wp-content\/uploads\/2022\/03\/pexels-eliska-trnavska-389865-scaled.jpg');\"\n  >\n  <\/div>\n\n      <div class=\"page-intro__content page-intro__content--align-center  \">\n  \n    <div class=\"frame\">\n              <span class=\"subline\">Un&#8217;esperienza unica<\/span>\n      \n              <h1 class=\"headline\">La citt\u00e0 &#8211; il Vostro soggiorno<\/h1>\n      \n              <div class=\"wysiwyg-output\"><p>&#8220;Vienna, Vienna, tu sola, sarai sempre la citt\u00e0 dei miei sogni&#8230;&#8221;, recita una nota canzone. La citt\u00e0 non offre solo innumerevoli attrazioni culturali, caff\u00e8 e pasticcerie tradizionali, ma anche deliziosi ristoranti moderni, esperienze divertenti, eventi musicali e una vivace vita notturna. <\/p>\n<\/div>\n      \n          <\/div>\n  <\/div>\n<\/div>\n\n\n  <div class=\"\">\n    <div class=\"container mx-auto boxed-teaser\">\n\n  <div class=\"splide\">\n    <div class=\"splide__track\">\n      <div class=\"splide__list\">\n\n                  \n              \n              \n                <div class=\"splide__slide\">\n                  \n                  \n                                      <div class=\"teaser-with-framed-card\">\n                  \n                    <div class=\"teaser-with-framed-card__content\">\n                      <div class=\"frame\">\n                                                  <h2 class=\"subline\">Kultur &#038; Kooperationen<\/h2>  \n                                                \n                                                  <h3 class=\"headline\">Die B\u00fchnen der Stadt<\/h3>\n                        \n                                                  <div class=\"wysiwyg-output\">\n                            <p>Vienna incanta con una vasta gamma di opere, operette, teatri, cabaret e festival culturali.<\/p>\n                          <\/div>\n                        \n                                                  <a href=\"https:\/\/www.harmonie-vienna.at\/erlebnis\/events-in-wien\/\" class=\"brush-link dark-brush\">\n                            Hier entdecken                          <\/a>\n                                              <\/div>\n                    <\/div>\n\n                    <div \n                      class=\"teaser-with-framed-card__bg-image\"\n                      style=\"background-image: url('https:\/\/www.harmonie-vienna.at\/wp-content\/uploads\/2022\/03\/pexels-donald-tong-109669-scaled.jpg')\"\n                    >\n                                              <div class=\"teaser-with-framed-card__secondary-image \">\n                          <img decoding=\"async\" src=\"https:\/\/www.harmonie-vienna.at\/wp-content\/uploads\/2022\/02\/Ballerina-final_A4-300dpi.png\" alt=\"Kultur &#038; Kooperationen\">\n                        <\/div>\n                                          <\/div>\n\n                  <\/div>\n\n                <\/div>\n\n              \n                        <\/div>\n    <\/div>\n  <\/div>\n\n\n  <\/div>\n<\/div>\n\n\n<div class=\"usp-grid \">\n  <div class=\"container mx-auto\">\n    \n          <h2 class=\"headline\">La vostra sessione di yoga quotidiana<\/h2>\n    \n    \n      <ul class=\"usp-grid__items\" Das Beste im \u00dcberblick\">\n\n        \n          \n          <li class=\"usp-grid__item\">\n            <div class=\"frame\">\n                              <span class=\"subline\">Istituto di Yoga Freiraum<\/span>\n              \n                              <h2 class=\"headline-3\">Corpo e mente in equilibrio<\/h2>\n              \n                              <p>Auf Ihre t\u00e4gliche Yoga-Einheit sollten Sie auch bei Ihrem Wienurlaub nicht verzichten m\u00fcssen. Direkt ums Eck erwartete Sie unser Partner \u201eFreiraum\u201c mit t\u00e4glichen Drop-in-Yogaklassen. Als Gast unseres Hauses erhalten Sie erm\u00e4\u00dfigte Preise, auch f\u00fcr Einzelstunden.<\/p>\n              \n                              <a href=\"https:\/\/www.freiraum-institut.at\/stundenplan\/\" class=\"brush-link dark-brush\" target=\"\">\n                  Orario di yoga                <\/a>\n                          <\/div>\n          <\/li>\n\n              \n      <\/ul>\n\n    \n  <\/div>\n<\/div>\n\n\n\n  <div class=\"fullwidth-teaser\">\n\n  <div class=\"splide\">\n    <div class=\"splide__track\">\n      <div class=\"splide__list\">\n\n                  \n              \n                              \n                <div \n                  class=\"teaser-with-framed-card is-fullwidth splide__slide\"\n                  style=\"background-image: url('https:\/\/www.harmonie-vienna.at\/wp-content\/uploads\/2022\/03\/wiener-kaffeehaus-innenstadt-1.png')\"\n                >\n                  <div class=\"container mx-auto\">\n                    <div class=\"teaser-with-framed-card__content\">\n                      <div class=\"frame\">\n                                                 <span class=\"subline\">Delizie culinarie a Vienna<\/span>\n                        \n                                                  <h2 class=\"headline\">Con tutti i sensi: Un&#8217;esperienza per ogni gusto<\/h2>  \n                        \n                                                  <div class=\"wysiwyg-output\">\n                            <div>\n<p>Assaggiare, cenare, gustare. Quando si parla di buona cucina, Vienna ha molto da offrire. Pensioni, caff\u00e8, bistrot o ristoranti raffinati? Abbiamo riassunto per voi alcuni dei nostri preferiti.<\/p>\n<\/div>\n                          <\/div>\n                                                                          <a href=\"https:\/\/www.harmonie-vienna.at\/erlebnis\/kulinarik-in-wien\/\" class=\"brush-link dark-brush\" target=\"\">\n                            I nostri preferiti                          <\/a>\n                                              <\/div>\n                    <\/div>\n                  <\/div>\n                <\/div>\n\n              \n                        <\/div>\n    <\/div>\n  <\/div>\n\n\n<\/div>\n\n\n\n<div class=\"offer-and-packages-preview \">\n  <div class=\"container mx-auto\">\n    <div class=\"offer-and-packages-preview__intro\">\n              <span class=\"subline\">I pacchetti Harmonie<\/span>\n      \n              <h2 class=\"headline\">Le nostre offerte<\/h2>\n      \n              <p>Che si tratti di una pausa romantica per due, di un weekend con gli amici, di momenti di felicit\u00e0 dopo il matrimonio, della febbre della primavera durante un viaggio di Pasqua o di una brillante cena di fine anno in citt\u00e0&#8230; Vienna merita un viaggio in qualsiasi periodo dell&#8217;anno! Al Boutique Hotel Harmonie Vienna, Voi e i Vostri cari siete in ottime mani.<\/p>\n          <\/div>\n\n          <ul class=\"offer-and-packages-preview__loop\" aria-label=\"Le nostre offerte\">\n    \n                                  <li>\n                          <a href=\"https:\/\/www.harmonie-vienna.at\/it\/angebote\/package-wiener-staatsballett\/\" class=\"offer-and-packages-preview__link\">\n                                          <div class=\"overflow-hidden block\">\n                  <div class=\"preview-image\">\n                    <img decoding=\"async\" width=\"880\" height=\"429\" src=\"https:\/\/www.harmonie-vienna.at\/wp-content\/uploads\/2022\/03\/50739-kleiner.jpg\" class=\"attachment-offer-image size-offer-image wp-post-image\" alt=\"Innenraum eines gro\u00dfen Theatersaals mit B\u00fchne, rotem Rang und mehreren Logen.\" \/>                  <\/div>\n                <\/div>\n                            <h2 class=\"subline\">\n                <span class=\"frame\">\n                  Staatsoper &#038; Staatsballett: Ihr Wien Highlight                  <span class=\"price\">Ab 250\u20ac<\/span>\n                <\/span>\n              <\/h2>\n            <\/a>\n          <\/li>\n\n                            <li>\n                          <a href=\"https:\/\/www.harmonie-vienna.at\/it\/angebote\/fuer-die-schoensten-momente-zu-zweit\/\" class=\"offer-and-packages-preview__link\">\n                                          <div class=\"overflow-hidden block\">\n                  <div class=\"preview-image\">\n                    <img decoding=\"async\" width=\"839\" height=\"560\" src=\"https:\/\/www.harmonie-vienna.at\/wp-content\/uploads\/2022\/03\/Harmonie_113_web.jpg\" class=\"attachment-offer-image size-offer-image wp-post-image\" alt=\"Elegant gekleidetes Paar im hellen Hotelflur.\" srcset=\"https:\/\/www.harmonie-vienna.at\/wp-content\/uploads\/2022\/03\/Harmonie_113_web.jpg 1382w, https:\/\/www.harmonie-vienna.at\/wp-content\/uploads\/2022\/03\/Harmonie_113_web-300x200.jpg 300w, https:\/\/www.harmonie-vienna.at\/wp-content\/uploads\/2022\/03\/Harmonie_113_web-1024x683.jpg 1024w, https:\/\/www.harmonie-vienna.at\/wp-content\/uploads\/2022\/03\/Harmonie_113_web-768x512.jpg 768w, https:\/\/www.harmonie-vienna.at\/wp-content\/uploads\/2022\/03\/Harmonie_113_web-400x267.jpg 400w\" sizes=\"(max-width: 839px) 100vw, 839px\" \/>                  <\/div>\n                <\/div>\n                            <h2 class=\"subline\">\n                <span class=\"frame\">\n                  F\u00fcr die sch\u00f6nsten Momente zu zweit!                  <span class=\"price\"><\/span>\n                <\/span>\n              <\/h2>\n            <\/a>\n          <\/li>\n\n                            <li>\n                          <a href=\"https:\/\/www.harmonie-vienna.at\/it\/angebote\/nachhaltig-reisen-mehr-geniessen\/\" class=\"offer-and-packages-preview__link\">\n                                          <div class=\"overflow-hidden block\">\n                  <div class=\"preview-image\">\n                    <img decoding=\"async\" width=\"839\" height=\"560\" src=\"https:\/\/www.harmonie-vienna.at\/wp-content\/uploads\/2023\/07\/Harmonie_056_web-839x560.jpg\" class=\"attachment-offer-image size-offer-image wp-post-image\" alt=\"Paar sitzt an einem Tisch auf einer sonnigen Terrasse und fr\u00fchst\u00fcckt unter wei\u00dfen Sonnenschirmen.\" srcset=\"https:\/\/www.harmonie-vienna.at\/wp-content\/uploads\/2023\/07\/Harmonie_056_web-839x560.jpg 839w, https:\/\/www.harmonie-vienna.at\/wp-content\/uploads\/2023\/07\/Harmonie_056_web-820x547.jpg 820w, https:\/\/www.harmonie-vienna.at\/wp-content\/uploads\/2023\/07\/Harmonie_056_web-300x200.jpg 300w, https:\/\/www.harmonie-vienna.at\/wp-content\/uploads\/2023\/07\/Harmonie_056_web-768x512.jpg 768w, https:\/\/www.harmonie-vienna.at\/wp-content\/uploads\/2023\/07\/Harmonie_056_web-1024x683.jpg 1024w, https:\/\/www.harmonie-vienna.at\/wp-content\/uploads\/2023\/07\/Harmonie_056_web-400x267.jpg 400w, https:\/\/www.harmonie-vienna.at\/wp-content\/uploads\/2023\/07\/Harmonie_056_web.jpg 1382w\" sizes=\"(max-width: 839px) 100vw, 839px\" \/>                  <\/div>\n                <\/div>\n                            <h2 class=\"subline\">\n                <span class=\"frame\">\n                  Nachhaltig reisen, mehr genie\u00dfen                  <span class=\"price\">Ab 180\u20ac<\/span>\n                <\/span>\n              <\/h2>\n            <\/a>\n          <\/li>\n\n                  <\/ul>\n\n     \n\n  <\/div>\n<\/div>\n\n\n  <div class=\"testimonial \">\n\n    <div class=\"splide\">\n      <div class=\"splide__track\">\n        <div class=\"splide__list\">\n\n                      \n            \n           <div class=\"splide__slide\">\n            <div class=\"testimonial__content\">\n                                  <h2 class=\"subline\">Cosa dicono i nostri ospiti<\/h2>\n                \n                                  <p class=\"quote\">\n                    Come sempre, camere molto pulite e silenziose, colazione molto buona e abbondante, personale gentile, fermata dell&#8217;autobus a 50 metri, buoni ristoranti nei dintorni.\n                  <\/p>\n                \n                                  <span class=\"quote__author\">\n                    Christian W. \n                    \n                                      <\/span>\n                \n                \n              <\/div>\n           <\/div>\n            \n                      \n            \n           <div class=\"splide__slide\">\n            <div class=\"testimonial__content\">\n                                  <h2 class=\"subline\">Cosa dicono i nostri ospiti<\/h2>\n                \n                                  <p class=\"quote\">\n                    Hotel meraviglioso, design, personale, posizione in uno dei quartieri pi\u00f9 belli e autentici di Vienna. Le camere sono progettate con amore e creativit\u00e0, l&#8217;hotel \u00e8 fedele al suo carattere, mantiene un&#8217;atmosfera accogliente e tranquilla e offre un&#8217;ottima colazione.                   <\/p>\n                \n                                  <span class=\"quote__author\">\n                    Beatrix W. \n                    \n                                      <\/span>\n                \n                \n              <\/div>\n           <\/div>\n            \n                      \n            \n           <div class=\"splide__slide\">\n            <div class=\"testimonial__content\">\n                                  <h2 class=\"subline\">Cosa dicono i nostri ospiti<\/h2>\n                \n                                  <p class=\"quote\">\n                    Hotel boutique molto bello, servizio cortese, belle camere, molto pulite. Ottima colazione a buffet. Ottima posizione in un bel quartiere, a dieci minuti a piedi dal 1\u00b0 distretto, ma anche con buoni collegamenti di autobus e tram.                     <\/p>\n                \n                                  <span class=\"quote__author\">\n                    Toddie  \n                    \n                                      <\/span>\n                \n                \n              <\/div>\n           <\/div>\n            \n          \n        <\/div>\n      <\/div>\n    <\/div>\n\n    <img decoding=\"async\" src=\"https:\/\/www.harmonie-vienna.at\/wp-content\/themes\/hotel-harmonie-theme\/resources\/images\/ballerina.png\" alt=\"\" class=\"testimonial__ballerina\">\n  <\/div>\n\n\n\n\n\n<div class=\"blog-preview \">\n  <div class=\"container mx-auto\">\n    <div class=\"blog-preview__intro\">\n              <span class=\"subline\">Visite ed eventi<\/span>\n      \n              <h2 class=\"headline\">Vienna. Una citt\u00e0 dalle mille sfaccettature <\/h2>\n      \n              <p>Una passeggiata nel centro della citt\u00e0, la magnifica vista dalla ruota panoramica, l&#8217;imponente architettura durante una visita al Castello di Sch\u00f6nbrunn, l&#8217;eccezionale talento artistico dell&#8217;Opera di Stato di Vienna o gli eventi musicali: Vienna ha molto da offrire. <\/p>\n          <\/div>\n\n          <ul class=\"blog-preview__loop\" aria-label=\"Vienna. Una citt\u00e0 dalle mille sfaccettature \">\n    \n                          \n           \n          <li>\n            <a href=\"https:\/\/www.harmonie-vienna.at\/aktiv\/wiener-stadtwanderwege\/\" class=\"blog-preview__link\">\n                          <div class=\"overflow-hidden block\">\n                 <div class=\"preview-image\">\n                  <img decoding=\"async\" width=\"820\" height=\"394\" src=\"https:\/\/www.harmonie-vienna.at\/wp-content\/uploads\/2022\/03\/Urlaubstipps_Harmonie-Vienna-1-820x394.webp\" class=\"attachment-custom-post-image size-custom-post-image wp-post-image\" alt=\"Panoramablick \u00fcber Wien mit Weinbergen und gr\u00fcnen H\u00fcgeln.\" srcset=\"https:\/\/www.harmonie-vienna.at\/wp-content\/uploads\/2022\/03\/Urlaubstipps_Harmonie-Vienna-1-820x394.webp 820w, https:\/\/www.harmonie-vienna.at\/wp-content\/uploads\/2022\/03\/Urlaubstipps_Harmonie-Vienna-1-880x423.webp 880w, https:\/\/www.harmonie-vienna.at\/wp-content\/uploads\/2022\/03\/Urlaubstipps_Harmonie-Vienna-1-300x144.webp 300w, https:\/\/www.harmonie-vienna.at\/wp-content\/uploads\/2022\/03\/Urlaubstipps_Harmonie-Vienna-1-768x369.webp 768w, https:\/\/www.harmonie-vienna.at\/wp-content\/uploads\/2022\/03\/Urlaubstipps_Harmonie-Vienna-1-1024x492.webp 1024w, https:\/\/www.harmonie-vienna.at\/wp-content\/uploads\/2022\/03\/Urlaubstipps_Harmonie-Vienna-1-1536x738.webp 1536w, https:\/\/www.harmonie-vienna.at\/wp-content\/uploads\/2022\/03\/Urlaubstipps_Harmonie-Vienna-1-400x192.webp 400w, https:\/\/www.harmonie-vienna.at\/wp-content\/uploads\/2022\/03\/Urlaubstipps_Harmonie-Vienna-1.webp 1800w\" sizes=\"(max-width: 820px) 100vw, 820px\" \/>                <\/div>\n              <\/div>\n                          <span class=\"frame\">\n                                  <span class=\"subline\">\n                                            Aktiv                                      <\/span>\n                                <h3 class=\"headline-3\">Die sch\u00f6nsten Stadtwanderwege Wien<\/h3>\n                11 beschilderte Wanderstrecken und ein vielseitiger Rundwanderweg laden in Wien zum ausgedehnten Spaziergang ein. Die Stadtwa&#8230;\n              <\/span>\n            <\/a>\n          <\/li>\n\n                    \n           \n          <li>\n            <a href=\"https:\/\/www.harmonie-vienna.at\/aktiv\/geheimtipp-servitenviertel-in-wien\/\" class=\"blog-preview__link\">\n                          <div class=\"overflow-hidden block\">\n                 <div class=\"preview-image\">\n                  <img decoding=\"async\" width=\"820\" height=\"559\" src=\"https:\/\/www.harmonie-vienna.at\/wp-content\/uploads\/2022\/03\/Servitenvietel-820x559.webp\" class=\"attachment-custom-post-image size-custom-post-image wp-post-image\" alt=\"Ruhige Stra\u00dfe in Wien mit Caf\u00e9s, Fahrr\u00e4dern und B\u00e4umen.\" srcset=\"https:\/\/www.harmonie-vienna.at\/wp-content\/uploads\/2022\/03\/Servitenvietel-820x559.webp 820w, https:\/\/www.harmonie-vienna.at\/wp-content\/uploads\/2022\/03\/Servitenvietel-822x560.webp 822w, https:\/\/www.harmonie-vienna.at\/wp-content\/uploads\/2022\/03\/Servitenvietel-300x204.webp 300w, https:\/\/www.harmonie-vienna.at\/wp-content\/uploads\/2022\/03\/Servitenvietel-768x523.webp 768w, https:\/\/www.harmonie-vienna.at\/wp-content\/uploads\/2022\/03\/Servitenvietel-1024x697.webp 1024w, https:\/\/www.harmonie-vienna.at\/wp-content\/uploads\/2022\/03\/Servitenvietel-1536x1046.webp 1536w, https:\/\/www.harmonie-vienna.at\/wp-content\/uploads\/2022\/03\/Servitenvietel-400x272.webp 400w, https:\/\/www.harmonie-vienna.at\/wp-content\/uploads\/2022\/03\/Servitenvietel.webp 1800w\" sizes=\"(max-width: 820px) 100vw, 820px\" \/>                <\/div>\n              <\/div>\n                          <span class=\"frame\">\n                                  <span class=\"subline\">\n                                            Aktiv                                      <\/span>\n                                <h3 class=\"headline-3\">Geheimtipp Servietenviertel in Wien<\/h3>\n                Einer der wohl sch\u00f6nsten Gegenden Wiens. Das Servitenviertel. V\u00f6llig abseits von den Touristenstr\u00f6men&#8230;\n              <\/span>\n            <\/a>\n          <\/li>\n\n                    \n           \n          <li>\n            <a href=\"https:\/\/www.harmonie-vienna.at\/kultur\/museen-wien\/\" class=\"blog-preview__link\">\n                          <div class=\"overflow-hidden block\">\n                 <div class=\"preview-image\">\n                  <img decoding=\"async\" width=\"820\" height=\"547\" src=\"https:\/\/www.harmonie-vienna.at\/wp-content\/uploads\/2022\/03\/museum-bank-paar-1-820x547.webp\" class=\"attachment-custom-post-image size-custom-post-image wp-post-image\" alt=\"Zwei Personen sitzen vor gro\u00dfem Fenster und blicken auf die Wiener Karlskirche im Abendlicht.\" srcset=\"https:\/\/www.harmonie-vienna.at\/wp-content\/uploads\/2022\/03\/museum-bank-paar-1-820x547.webp 820w, https:\/\/www.harmonie-vienna.at\/wp-content\/uploads\/2022\/03\/museum-bank-paar-1-840x560.webp 840w, https:\/\/www.harmonie-vienna.at\/wp-content\/uploads\/2022\/03\/museum-bank-paar-1-300x200.webp 300w, https:\/\/www.harmonie-vienna.at\/wp-content\/uploads\/2022\/03\/museum-bank-paar-1-768x512.webp 768w, https:\/\/www.harmonie-vienna.at\/wp-content\/uploads\/2022\/03\/museum-bank-paar-1-1024x682.webp 1024w, https:\/\/www.harmonie-vienna.at\/wp-content\/uploads\/2022\/03\/museum-bank-paar-1-1536x1024.webp 1536w, https:\/\/www.harmonie-vienna.at\/wp-content\/uploads\/2022\/03\/museum-bank-paar-1-400x267.webp 400w, https:\/\/www.harmonie-vienna.at\/wp-content\/uploads\/2022\/03\/museum-bank-paar-1.webp 2000w\" sizes=\"(max-width: 820px) 100vw, 820px\" \/>                <\/div>\n              <\/div>\n                          <span class=\"frame\">\n                                  <span class=\"subline\">\n                                            Kultur                                      <\/span>\n                                <h3 class=\"headline-3\">Museen in Wien<\/h3>\n                \u00d6sterreichs Hauptstadt ist ohne Zweifel eine Kulturhochburg! Zahlreiche Museen rund um Kunst, Natur, Technik und Zeitgeist f&#8230;\n              <\/span>\n            <\/a>\n          <\/li>\n\n                  <\/ul>\n\n          <a href=\"https:\/\/www.harmonie-vienna.at\/blog\/\" class=\"brush-link dark-brush mx-auto\" target=\"\">\n        Blog      <\/a>\n     \n\n  <\/div>\n<\/div>","protected":false},"excerpt":{"rendered":"","protected":false},"author":1,"featured_media":0,"parent":0,"menu_order":0,"comment_status":"closed","ping_status":"closed","template":"","meta":{"_acf_changed":false,"footnotes":""},"class_list":["post-7510","page","type-page","status-publish","hentry"],"acf":[],"yoast_head":"<!-- This site is optimized with the Yoast SEO plugin v27.5 - https:\/\/yoast.com\/product\/yoast-seo-wordpress\/ -->\n<title>Esperienza - Hotel Harmonie<\/title>\n<meta name=\"description\" content=\"Avete in programma un viaggio a Vienna? Scoprite le attrazioni culturali, le specialit\u00e0 culinarie e gli eventi unici \u27a4 Per saperne di pi\u00f9\" \/>\n<meta name=\"robots\" content=\"index, follow, max-snippet:-1, max-image-preview:large, max-video-preview:-1\" \/>\n<link rel=\"canonical\" href=\"https:\/\/www.harmonie-vienna.at\/it\/esperienza\/\" \/>\n<meta property=\"og:locale\" content=\"it_IT\" \/>\n<meta property=\"og:type\" content=\"article\" \/>\n<meta property=\"og:title\" content=\"Esperienza - Hotel Harmonie\" \/>\n<meta property=\"og:description\" content=\"Avete in programma un viaggio a Vienna? Scoprite le attrazioni culturali, le specialit\u00e0 culinarie e gli eventi unici \u27a4 Per saperne di pi\u00f9\" \/>\n<meta property=\"og:url\" content=\"https:\/\/www.harmonie-vienna.at\/it\/esperienza\/\" \/>\n<meta property=\"og:site_name\" content=\"Hotel Harmonie\" \/>\n<meta property=\"article:modified_time\" content=\"2025-11-20T19:05:54+00:00\" \/>\n<meta name=\"twitter:card\" content=\"summary_large_image\" \/>\n<!-- \/ Yoast SEO plugin. -->","yoast_head_json":{"title":"Esperienza - Hotel Harmonie","description":"Avete in programma un viaggio a Vienna? Scoprite le attrazioni culturali, le specialit\u00e0 culinarie e gli eventi unici \u27a4 Per saperne di pi\u00f9","robots":{"index":"index","follow":"follow","max-snippet":"max-snippet:-1","max-image-preview":"max-image-preview:large","max-video-preview":"max-video-preview:-1"},"canonical":"https:\/\/www.harmonie-vienna.at\/it\/esperienza\/","og_locale":"it_IT","og_type":"article","og_title":"Esperienza - Hotel Harmonie","og_description":"Avete in programma un viaggio a Vienna? Scoprite le attrazioni culturali, le specialit\u00e0 culinarie e gli eventi unici \u27a4 Per saperne di pi\u00f9","og_url":"https:\/\/www.harmonie-vienna.at\/it\/esperienza\/","og_site_name":"Hotel Harmonie","article_modified_time":"2025-11-20T19:05:54+00:00","twitter_card":"summary_large_image","schema":{"@context":"https:\/\/schema.org","@graph":[{"@type":"WebPage","@id":"https:\/\/www.harmonie-vienna.at\/it\/esperienza\/","url":"https:\/\/www.harmonie-vienna.at\/it\/esperienza\/","name":"Esperienza - Hotel Harmonie","isPartOf":{"@id":"https:\/\/www.harmonie-vienna.at\/it\/#website"},"datePublished":"2022-03-02T16:06:54+00:00","dateModified":"2025-11-20T19:05:54+00:00","description":"Avete in programma un viaggio a Vienna? Scoprite le attrazioni culturali, le specialit\u00e0 culinarie e gli eventi unici \u27a4 Per saperne di pi\u00f9","breadcrumb":{"@id":"https:\/\/www.harmonie-vienna.at\/it\/esperienza\/#breadcrumb"},"inLanguage":"it-IT","potentialAction":[{"@type":"ReadAction","target":["https:\/\/www.harmonie-vienna.at\/it\/esperienza\/"]}]},{"@type":"BreadcrumbList","@id":"https:\/\/www.harmonie-vienna.at\/it\/esperienza\/#breadcrumb","itemListElement":[{"@type":"ListItem","position":1,"name":"Startseite","item":"https:\/\/www.harmonie-vienna.at\/it\/"},{"@type":"ListItem","position":2,"name":"Esperienza"}]},{"@type":"WebSite","@id":"https:\/\/www.harmonie-vienna.at\/it\/#website","url":"https:\/\/www.harmonie-vienna.at\/it\/","name":"Hotel Harmonie","description":"Boutique Hotel in Wien - The Harmonie Vienna","publisher":{"@id":"https:\/\/www.harmonie-vienna.at\/it\/#organization"},"potentialAction":[{"@type":"SearchAction","target":{"@type":"EntryPoint","urlTemplate":"https:\/\/www.harmonie-vienna.at\/it\/?s={search_term_string}"},"query-input":{"@type":"PropertyValueSpecification","valueRequired":true,"valueName":"search_term_string"}}],"inLanguage":"it-IT"},{"@type":"Organization","@id":"https:\/\/www.harmonie-vienna.at\/it\/#organization","name":"Hotel Harmonie Vienna","url":"https:\/\/www.harmonie-vienna.at\/it\/","logo":{"@type":"ImageObject","inLanguage":"it-IT","@id":"https:\/\/www.harmonie-vienna.at\/it\/#\/schema\/logo\/image\/","url":"https:\/\/www.harmonie-vienna.at\/wp-content\/uploads\/2022\/02\/cropped-cropped-hotel-harmonie-logo.png","contentUrl":"https:\/\/www.harmonie-vienna.at\/wp-content\/uploads\/2022\/02\/cropped-cropped-hotel-harmonie-logo.png","width":321,"height":90,"caption":"Hotel Harmonie Vienna"},"image":{"@id":"https:\/\/www.harmonie-vienna.at\/it\/#\/schema\/logo\/image\/"}}]}},"_links":{"self":[{"href":"https:\/\/www.harmonie-vienna.at\/it\/wp-json\/wp\/v2\/pages\/7510","targetHints":{"allow":["GET"]}}],"collection":[{"href":"https:\/\/www.harmonie-vienna.at\/it\/wp-json\/wp\/v2\/pages"}],"about":[{"href":"https:\/\/www.harmonie-vienna.at\/it\/wp-json\/wp\/v2\/types\/page"}],"author":[{"embeddable":true,"href":"https:\/\/www.harmonie-vienna.at\/it\/wp-json\/wp\/v2\/users\/1"}],"replies":[{"embeddable":true,"href":"https:\/\/www.harmonie-vienna.at\/it\/wp-json\/wp\/v2\/comments?post=7510"}],"version-history":[{"count":7,"href":"https:\/\/www.harmonie-vienna.at\/it\/wp-json\/wp\/v2\/pages\/7510\/revisions"}],"predecessor-version":[{"id":14756,"href":"https:\/\/www.harmonie-vienna.at\/it\/wp-json\/wp\/v2\/pages\/7510\/revisions\/14756"}],"wp:attachment":[{"href":"https:\/\/www.harmonie-vienna.at\/it\/wp-json\/wp\/v2\/media?parent=7510"}],"curies":[{"name":"wp","href":"https:\/\/api.w.org\/{rel}","templated":true}]}}